{"id":23867,"date":"2025-11-05T09:21:10","date_gmt":"2025-11-05T08:21:10","guid":{"rendered":"https:\/\/inclusivetrainers.eu\/home-inclusive\/"},"modified":"2025-12-15T09:59:25","modified_gmt":"2025-12-15T08:59:25","slug":"home-inclusive","status":"publish","type":"page","link":"https:\/\/inclusivetrainers.eu\/es\/","title":{"rendered":"Inicio"},"content":{"rendered":"\t\t<div data-elementor-type=\"wp-page\" data-elementor-id=\"23867\" class=\"elementor elementor-23867 elementor-23564\">\n\t\t\t\t<div class=\"elementor-element elementor-element-6a74313 e-flex e-con-boxed e-con e-parent\" data-id=\"6a74313\" data-element_type=\"container\">\n\t\t\t\t\t<div class=\"e-con-inner\">\n\t\t<div class=\"elementor-element elementor-element-312e3f5 e-con-full e-flex e-con e-child\" data-id=\"312e3f5\" data-element_type=\"container\">\n\t\t\t\t<div class=\"hf-elementor-layout elementor-element elementor-element-6a6dec6 elementor-widget elementor-widget-slider_revolution\" data-id=\"6a6dec6\" data-element_type=\"widget\" data-widget_type=\"slider_revolution.default\">\n\t\t\t\t\t\n\t\t<div class=\"wp-block-themepunch-revslider\">\n\t\t\t\t<p class=\"rs-p-wp-fix\"><\/p>\n\t\t\t\t<sr7-module data-alias=\"inclusive-traine-pt-1\" data-id=\"21\" id=\"SR7_21_1\" class=\"rs-ov-hidden\" data-version=\"6.7.34\">\n\t\t\t\t\t<sr7-adjuster><\/sr7-adjuster>\n\t\t\t\t\t<sr7-content>\n\t\t\t\t\t\t<sr7-slide id=\"SR7_21_1-49\" data-key=\"49\">\n\t\t\t\t\t\t\t<p id=\"SR7_21_1-49-14\" class=\"sr7-layer\">Formando a los formadores de Formaci\u00f3n<br> Profesional Continua en el uso \u00e9tico de la IA<br> en el dise\u00f1o y puesta en marcha de Itinerarios<br> de formaci\u00f3n <\/p>\n\t\t\t\t\t\t\t<h1 id=\"SR7_21_1-49-15\" class=\"sr7-layer\"><b>INclusive <br>TrAIners<\/b><\/h1>\n\t\t\t\t\t\t\t<a id=\"SR7_21_1-49-20\" class=\"sr7-layer\" href=\"https:\/\/wordpress.iqonic.design\/product\/wp\/vizion-elementor\/about-us\" target=\"_self\"><span class=\"rs_prefix-button\"><span class=\"text-btn\">Learn More<span class=\"rs_prefix-icon-right\"><svg width=\"8\" height=\"14\" viewBox=\"0 0 8 14\" fill=\"none\" xmlns=\"http:\/\/www.w3.org\/2000\/svg\"><path d=\"M1.04999 0.975414L7.09999 6.99941L1.04999 13.0244\" stroke=\"white\" stroke-width=\"1.5\" stroke-linecap=\"round\" stroke-linejoin=\"round\"><\/path><\/svg><\/span><\/span><\/span><\/a>\n\t\t\t\t\t\t<\/sr7-slide>\n\t\t\t\t\t\t<sr7-slide id=\"SR7_21_1-54\" data-key=\"54\">\n\t\t\t\t\t\t<\/sr7-slide>\n\t\t\t\t\t<\/sr7-content>\n\t\t\t\t\t<image_lists style=\"display:none\">\n\t\t\t\t\t\t<img data-src=\"\/\/inclusivetrainers.eu\/wp-content\/uploads\/2021\/12\/image-207-1.png\" data-libid=\"19750\" data-lib=\"medialibrary\" alt=\"img\" title=\"image 207\" width=\"0\" height=\"0\" data-dbsrc=\"Ly9pbmNsdXNpdmV0cmFpbmVycy5ldS93cC1jb250ZW50L3VwbG9hZHMvMjAyMS8xMi9pbWFnZS0yMDctMS5wbmc=\"\/>\n\t\t\t\t\t\t<img data-src=\"\/\/inclusivetrainers.eu\/wp-content\/uploads\/2025\/10\/logo_inclusive_trainers_v5.png\" data-libid=\"23473\" data-lib=\"medialibrary\" title=\"logo_inclusive_trainers_v5\" width=\"0\" height=\"0\" data-dbsrc=\"Ly9pbmNsdXNpdmV0cmFpbmVycy5ldS93cC1jb250ZW50L3VwbG9hZHMvMjAyNS8xMC9sb2dvX2luY2x1c2l2ZV90cmFpbmVyc192NS5wbmc=\"\/>\n\t\t\t\t\t<\/image_lists>\n\t\t\t\t<\/sr7-module>\n\t\t\t\t<script>\n\t\t\t\t\tSR7.PMH ??={}; SR7.PMH[\"SR7_21_1\"] = {cn:100,state:false,fn: function() { if (_tpt!==undefined && _tpt.prepareModuleHeight !== undefined) {  _tpt.prepareModuleHeight({id:\"SR7_21_1\",el:[770,770,768,960,720],type:'standard',shdw:'0',gh:[770,770,607,461,284],gw:[1300,1300,1024,778,480],vpt:['-100px'],size:{fullWidth:true, fullHeight:false},mh:'0',onh:0,onw:0,bg:{color:'{\"orig\":\"transparent\",\"type\":\"solid\",\"string\":\"transparent\"}'},plType:'0',plColor:'#FFFFFF'});   SR7.PMH[\"SR7_21_1\"].state=true;} else if(SR7.PMH[\"SR7_21_1\"].cn-->0)\tsetTimeout( SR7.PMH[\"SR7_21_1\"].fn,19);}};SR7.PMH[\"SR7_21_1\" ].fn();\n\t\t\t\t<\/script>\n<\/div>\n\n\t\t\t\t\t\t<\/div>\n\t\t\t\t<\/div>\n\t\t\t\t\t<\/div>\n\t\t\t\t<\/div>\n\t\t<div class=\"elementor-element elementor-element-0181578 e-con-full e-flex e-con e-parent\" data-id=\"0181578\" data-element_type=\"container\">\n\t\t<div class=\"elementor-element elementor-element-3890eab e-con-full e-flex e-con e-child\" data-id=\"3890eab\" data-element_type=\"container\">\n\t\t\t\t<div class=\"hf-elementor-layout elementor-element elementor-element-8912256 elementor-widget__width-initial elementor-absolute elementor-hidden-tablet elementor-hidden-mobile iqonic-shape-zindex-yes elementor-widget elementor-widget-iqonic_pattern\" data-id=\"8912256\" data-element_type=\"widget\" data-settings=\"{&quot;_position&quot;:&quot;absolute&quot;}\" data-widget_type=\"iqonic_pattern.default\">\n\t\t\t\t<div class=\"elementor-widget-container\">\n\t\t\t\t\t\n<div class=\"vizion-pattern\">\n  \n\t <img decoding=\"async\" class=\"pattern-image\" src=\"https:\/\/vizion-wordpress.iqonic.design\/wp-content\/uploads\/2021\/12\/image-206.png\">\n\n<\/div>\n\t\t\t\t<\/div>\n\t\t\t\t<\/div>\n\t\t\t\t<\/div>\n\t\t\t\t<\/div>\n\t\t<div class=\"elementor-element elementor-element-7582273 e-con-full e-flex e-con e-parent\" data-id=\"7582273\" data-element_type=\"container\">\n\t\t<div class=\"elementor-element elementor-element-c00e0a4 e-con-full e-flex e-con e-child\" data-id=\"c00e0a4\" data-element_type=\"container\">\n\t\t\t\t<div class=\"hf-elementor-layout elementor-element elementor-element-ec18dab elementor-widget__width-initial elementor-absolute elementor-hidden-tablet elementor-hidden-mobile iqonic-shape-zindex-yes elementor-widget elementor-widget-iqonic_pattern\" data-id=\"ec18dab\" data-element_type=\"widget\" data-settings=\"{&quot;_position&quot;:&quot;absolute&quot;}\" data-widget_type=\"iqonic_pattern.default\">\n\t\t\t\t<div class=\"elementor-widget-container\">\n\t\t\t\t\t\n<div class=\"vizion-pattern\">\n  \n\t <img decoding=\"async\" class=\"pattern-image\" src=\"https:\/\/vizion-wordpress.iqonic.design\/wp-content\/uploads\/2021\/12\/image-209.png\">\n\n<\/div>\n\t\t\t\t<\/div>\n\t\t\t\t<\/div>\n\t\t\t\t<div class=\"hf-elementor-layout elementor-element elementor-element-e78c4b9 elementor-widget__width-initial elementor-absolute elementor-hidden-tablet elementor-hidden-mobile iqonic-shape-zindex-yes elementor-widget elementor-widget-iqonic_pattern\" data-id=\"e78c4b9\" data-element_type=\"widget\" data-settings=\"{&quot;_position&quot;:&quot;absolute&quot;}\" data-widget_type=\"iqonic_pattern.default\">\n\t\t\t\t<div class=\"elementor-widget-container\">\n\t\t\t\t\t\n<div class=\"vizion-pattern\">\n  \n\t <img decoding=\"async\" class=\"pattern-image\" src=\"https:\/\/vizion-wordpress.iqonic.design\/wp-content\/uploads\/2021\/12\/image-208.png\">\n\n<\/div>\n\t\t\t\t<\/div>\n\t\t\t\t<\/div>\n\t\t\t\t<\/div>\n\t\t\t\t<\/div>\n\t\t<div class=\"elementor-element elementor-element-84bbb3f e-con-full e-flex e-con e-parent\" data-id=\"84bbb3f\" data-element_type=\"container\" data-settings=\"{&quot;background_background&quot;:&quot;classic&quot;}\">\n\t\t<div class=\"elementor-element elementor-element-c219beb e-flex e-con-boxed elementor-invisible e-con e-child\" data-id=\"c219beb\" data-element_type=\"container\" data-settings=\"{&quot;animation&quot;:&quot;fadeInUp&quot;}\">\n\t\t\t\t\t<div class=\"e-con-inner\">\n\t\t<div class=\"elementor-element elementor-element-14abbb9 e-con-full e-flex e-con e-child\" data-id=\"14abbb9\" data-element_type=\"container\" data-settings=\"{&quot;background_background&quot;:&quot;classic&quot;}\">\n\t\t\t\t<div class=\"hf-elementor-layout elementor-element elementor-element-57326d0 elementor-widget elementor-widget-iqonic_title\" data-id=\"57326d0\" data-element_type=\"widget\" data-widget_type=\"iqonic_title.default\">\n\t\t\t\t<div class=\"elementor-widget-container\">\n\t\t\t\t\t\n    <div class=\" text-left vizion-title-box vizion-title-box-2 vizion-before-line\">\n        \n        <h2 class=\"vizion-title vizion-heading-title\">\n               Vivimos un <span class='highlighted-text-wrap'> momento decisivo<\/span>\n        <\/h2>\n\n          <div class=\"vizion-title-desc\">La Inteligencia Artificial est\u00e1 cambiando la forma en que aprendemos, trabajamos y nos relacionamos con el mundo. Sin embargo, estos avances tambi\u00e9n  plantean  grandes desaf\u00edos: \u00bfc\u00f3mo asegurarnos de que la tecnolog\u00eda sirva a las personas, y no al rev\u00e9s?\n<br><br>\n\n\nEn ese punto nace INclusive TrAIners, un proyecto que busca acompa\u00f1ar a los y las docentes de la formaci\u00f3n profesional continua en su adaptaci\u00f3n a esta nueva realidad. Nuestro prop\u00f3sito es claro: capacitar a quienes forman, ayud\u00e1ndoles a integrar la Inteligencia Artificial de manera \u00e9tica, inclusiva y centrada en las personas.\n\u00bfC\u00f3mo? ofreciendo herramientas y conocimientos que permitan adoptar la IA en la formaci\u00f3n profesional continua de manera inclusiva, \u00e9tica y centrada en las personas. Porque formar en inteligencia artificial no es solo ense\u00f1ar a usarla, sino aprender a hacerlo con conciencia, asegurando que el progreso digital avance de la mano de la dimensi\u00f3n m\u00e1s humana .<\/div>\n    <\/div>\n\n    \t\t\t\t<\/div>\n\t\t\t\t<\/div>\n\t\t\t\t<\/div>\n\t\t<div class=\"elementor-element elementor-element-7fb92e1 e-con-full e-flex e-con e-child\" data-id=\"7fb92e1\" data-element_type=\"container\" data-settings=\"{&quot;background_background&quot;:&quot;classic&quot;}\">\n\t\t\t\t<div class=\"hf-elementor-layout elementor-element elementor-element-8bd40a8 elementor-widget elementor-widget-image\" data-id=\"8bd40a8\" data-element_type=\"widget\" data-widget_type=\"image.default\">\n\t\t\t\t\t\t\t\t\t\t\t\t\t\t\t<img decoding=\"async\" src=\"https:\/\/inclusivetrainers.eu\/wp-content\/uploads\/2021\/12\/image-205.png\" title=\"\" alt=\"img\" loading=\"lazy\" \/>\t\t\t\t\t\t\t\t\t\t\t\t\t\t\t<\/div>\n\t\t\t\t<\/div>\n\t\t\t\t\t<\/div>\n\t\t\t\t<\/div>\n\t\t\t\t<\/div>\n\t\t<div class=\"elementor-element elementor-element-08df825 e-con-full e-flex e-con e-parent\" data-id=\"08df825\" data-element_type=\"container\" data-settings=\"{&quot;background_background&quot;:&quot;classic&quot;}\">\n\t\t<div class=\"elementor-element elementor-element-2c5397e e-flex e-con-boxed elementor-invisible e-con e-child\" data-id=\"2c5397e\" data-element_type=\"container\" data-settings=\"{&quot;animation&quot;:&quot;fadeInUp&quot;}\">\n\t\t\t\t\t<div class=\"e-con-inner\">\n\t\t<div class=\"elementor-element elementor-element-be47212 e-con-full e-flex e-con e-child\" data-id=\"be47212\" data-element_type=\"container\" data-settings=\"{&quot;background_background&quot;:&quot;classic&quot;}\">\n\t\t\t\t<div class=\"hf-elementor-layout elementor-element elementor-element-a05c706 elementor-widget elementor-widget-iqonic_title\" data-id=\"a05c706\" data-element_type=\"widget\" data-widget_type=\"iqonic_title.default\">\n\t\t\t\t<div class=\"elementor-widget-container\">\n\t\t\t\t\t\n    <div class=\"center vizion-title-box vizion-title-box-2 vizion-before-line\">\n        \n        <h2 class=\"vizion-title vizion-heading-title\">\n               Una formaci\u00f3n donde <span class='highlighted-text-wrap'> cada docente se convierta en un agente<\/span> de cambio capaz de aprovechar la IA para reducir desigualdades, impulsar el talento y promover oportunidades reales para todas las personas.\n        <\/h2>\n\n          <div class=\"vizion-title-desc\">INclusive TrAIners, es una asociaci\u00f3n estrat\u00e9gica  cofinanciada por el Programa Erasmus+, (KA220-VET)  liderada por la Diputaci\u00f3n Foral de \u00c1lava (Espa\u00f1a), junto con entidades  de Italia, Portugal, Suecia, Polonia y Espa\u00f1a. Durante dos a\u00f1os (2025\u20132027), trabajaremos conjuntamente  para dise\u00f1ar una formaci\u00f3n profesional m\u00e1s digital pero tambi\u00e9n m\u00e1s justa e inclusiva<\/div>\n    <\/div>\n\n    \t\t\t\t<\/div>\n\t\t\t\t<\/div>\n\t\t\t\t<\/div>\n\t\t<div class=\"elementor-element elementor-element-9c58f19 e-con-full elementor-hidden-desktop elementor-hidden-laptop elementor-hidden-tablet elementor-hidden-mobile e-flex e-con e-child\" data-id=\"9c58f19\" data-element_type=\"container\" data-settings=\"{&quot;background_background&quot;:&quot;classic&quot;}\">\n\t\t\t\t<div class=\"hf-elementor-layout elementor-element elementor-element-5c98690 elementor-widget elementor-widget-video\" data-id=\"5c98690\" data-element_type=\"widget\" data-settings=\"{&quot;youtube_url&quot;:&quot;https:\\\/\\\/www.youtube.com\\\/watch?v=XHOmBV4js_E&quot;,&quot;video_type&quot;:&quot;youtube&quot;,&quot;controls&quot;:&quot;yes&quot;}\" data-widget_type=\"video.default\">\n\t\t\t\t\t\t\t<div class=\"elementor-wrapper elementor-open-inline\">\n\t\t\t<div class=\"elementor-video\"><\/div>\t\t<\/div>\n\t\t\t\t\t\t<\/div>\n\t\t\t\t<\/div>\n\t\t\t\t\t<\/div>\n\t\t\t\t<\/div>\n\t\t\t\t<\/div>\n\t\t<div class=\"elementor-element elementor-element-b8dcbc2 e-con-full e-flex e-con e-parent\" data-id=\"b8dcbc2\" data-element_type=\"container\" data-settings=\"{&quot;background_background&quot;:&quot;classic&quot;}\">\n\t\t<div class=\"elementor-element elementor-element-7e2d73a e-flex e-con-boxed elementor-invisible e-con e-child\" data-id=\"7e2d73a\" data-element_type=\"container\" data-settings=\"{&quot;animation&quot;:&quot;fadeInUp&quot;}\">\n\t\t\t\t\t<div class=\"e-con-inner\">\n\t\t<div class=\"elementor-element elementor-element-92487df e-con-full e-flex e-con e-child\" data-id=\"92487df\" data-element_type=\"container\">\n\t\t\t\t<div class=\"hf-elementor-layout elementor-element elementor-element-2f72458 elementor-widget elementor-widget-iqonic_title\" data-id=\"2f72458\" data-element_type=\"widget\" data-widget_type=\"iqonic_title.default\">\n\t\t\t\t<div class=\"elementor-widget-container\">\n\t\t\t\t\t\n    <div class=\"center vizion-title-box vizion-title-box-2 vizion-before-line\">\n        <div class=\"vizion-subtitle\">article<\/div>\n        <h2 class=\"vizion-title vizion-heading-title\">\n               <span class='highlighted-text-wrap'> recent blogs<\/span>\n        <\/h2>\n\n          \n    <\/div>\n\n    \t\t\t\t<\/div>\n\t\t\t\t<\/div>\n\t\t\t\t<div class=\"hf-elementor-layout elementor-element elementor-element-2798473 elementor-widget elementor-widget-iqonic_blog\" data-id=\"2798473\" data-element_type=\"widget\" data-widget_type=\"iqonic_blog.default\">\n\t\t\t\t<div class=\"elementor-widget-container\">\n\t\t\t\t\t\n<div class=\"vizion-recentblog  vizion-blog-style-2\">\n        <div class=\"blog-carousel owl-carousel\" data-dots=\"false\" data-nav=\"false\" data-items=\"2\" data-items-laptop=\"1\" data-items-tab=\"1\" data-items-mobile=\"1\" data-items-mobile-sm=\"1\" data-autoplay=\"true\" data-loop=\"true\" data-margin=\"30\">\n                                \n                    <div class=\"iq-blog-box\">                             <div class=\"vizion-blog-image clearfix\">\n                                    <!-- image -->\n                                    <img decoding=\"async\" src=\"https:\/\/inclusivetrainers.eu\/wp-content\/uploads\/2026\/01\/DFA-INclusive-trAIners-_FJ_8604-QUINTAS-1.jpg\" alt=\"iqonic-blog\"\/>                                                                <\/div>                     \n                        <div class=\"iq-blog-detail\">\n                            <div class=\"iq-blog-meta\">\n                                <ul class=\"list-inline\">\n                                    <li class=\"list-inline-item vizion-admin\">\n                                        <a href=\"https:\/\/inclusivetrainers.eu\/es\/category\/progreso-del-projecto\/\" class=\"iq-user\">\n                                            By : admin                                        <\/a>\n                                    <\/li>\n                                                                        <li class=\"list-inline-item vizion-category\">\n                                                                                        <a href=\"https:\/\/inclusivetrainers.eu\/es\/category\/progreso-del-projecto\/\">\n                                                    Progreso del projecto                                                <\/a>                                    <\/li>                                <\/ul>\n                            <\/div>\n                            <div class=\"blog-title\">\n                                <a href=\"https:\/\/inclusivetrainers.eu\/es\/reunion-de-lanzamiento-inclusive-trainers\/\">\n                                    <h4 class=\"blog-text vizion-heading-title\">Reuni\u00f3n de Lanzamiento Inclusive Trainers<\/h4>\n                                <\/a>\n                            <\/div>\n                        \n                                   \n                            <div class=\"blog-button\"><div class=\"vizion_btn_container\">\n    <a class=\"vizion-button vizion-button-link\" href=\"https:\/\/inclusivetrainers.eu\/es\/reunion-de-lanzamiento-inclusive-trainers\/\">\n            <span class=\"text-btn\">\n                   Read More                    <span class=\"vizion-icon-right\">\n                        <svg width=\"8\" height=\"14\" viewBox=\"0 0 8 14\" fill=\"none\" xmlns=\"http:\/\/www.w3.org\/2000\/svg\">\n                            <path d=\"M1.04999 0.975414L7.09999 6.99941L1.04999 13.0244\" stroke=\"white\" stroke-width=\"1.5\" stroke-linecap=\"round\" stroke-linejoin=\"round\"\/>\n                        <\/svg>\n                    <\/span>\n                                <\/span> \n    <\/a>\n<\/div>\n                            <\/div>\n                        <\/div>\n                    <\/div>        <\/div><\/div>\n\t\t\t\t<\/div>\n\t\t\t\t<\/div>\n\t\t\t\t<\/div>\n\t\t\t\t\t<\/div>\n\t\t\t\t<\/div>\n\t\t\t\t<\/div>\n\t\t<div class=\"elementor-element elementor-element-a8546a7 e-con-full e-flex e-con e-parent\" data-id=\"a8546a7\" data-element_type=\"container\">\n\t\t<div class=\"elementor-element elementor-element-9e984ad e-con-full e-flex e-con e-child\" data-id=\"9e984ad\" data-element_type=\"container\">\n\t\t\t\t<div class=\"hf-elementor-layout elementor-element elementor-element-a45e072 elementor-widget__width-initial elementor-absolute elementor-hidden-tablet elementor-hidden-mobile iqonic-shape-zindex-yes elementor-widget elementor-widget-iqonic_pattern\" data-id=\"a45e072\" data-element_type=\"widget\" data-settings=\"{&quot;_position&quot;:&quot;absolute&quot;}\" data-widget_type=\"iqonic_pattern.default\">\n\t\t\t\t<div class=\"elementor-widget-container\">\n\t\t\t\t\t\n<div class=\"vizion-pattern\">\n  \n\t <img decoding=\"async\" class=\"pattern-image\" src=\"https:\/\/vizion-wordpress.iqonic.design\/wp-content\/uploads\/2021\/12\/image-212.png\">\n\n<\/div>\n\t\t\t\t<\/div>\n\t\t\t\t<\/div>\n\t\t\t\t<div class=\"hf-elementor-layout elementor-element elementor-element-d7a2efd elementor-widget__width-initial elementor-absolute elementor-hidden-tablet elementor-hidden-mobile iqonic-shape-zindex-yes elementor-widget elementor-widget-iqonic_pattern\" data-id=\"d7a2efd\" data-element_type=\"widget\" data-settings=\"{&quot;_position&quot;:&quot;absolute&quot;}\" data-widget_type=\"iqonic_pattern.default\">\n\t\t\t\t<div class=\"elementor-widget-container\">\n\t\t\t\t\t\n<div class=\"vizion-pattern\">\n  \n\t <img decoding=\"async\" class=\"pattern-image\" src=\"https:\/\/vizion-wordpress.iqonic.design\/wp-content\/uploads\/2021\/12\/image-210.png\">\n\n<\/div>\n\t\t\t\t<\/div>\n\t\t\t\t<\/div>\n\t\t\t\t<\/div>\n\t\t\t\t<\/div>\n\t\t\t\t<\/div>\n\t\t","protected":false},"excerpt":{"rendered":"<p>Vivimos un momento decisivo La Inteligencia Artificial est\u00e1 cambiando la forma en que aprendemos, trabajamos y nos relacionamos con el mundo. Sin embargo, estos avances tambi\u00e9n plantean grandes desaf\u00edos: \u00bfc\u00f3mo asegurarnos de que la tecnolog\u00eda sirva a las personas, y no al rev\u00e9s? En ese punto nace INclusive TrAIners, un proyecto que busca acompa\u00f1ar a [&hellip;]<\/p>\n","protected":false},"author":1,"featured_media":0,"parent":0,"menu_order":0,"comment_status":"closed","ping_status":"closed","template":"","meta":{"_acf_changed":false,"footnotes":""},"class_list":["post-23867","page","type-page","status-publish","hentry"],"acf":[],"_links":{"self":[{"href":"https:\/\/inclusivetrainers.eu\/es\/wp-json\/wp\/v2\/pages\/23867","targetHints":{"allow":["GET"]}}],"collection":[{"href":"https:\/\/inclusivetrainers.eu\/es\/wp-json\/wp\/v2\/pages"}],"about":[{"href":"https:\/\/inclusivetrainers.eu\/es\/wp-json\/wp\/v2\/types\/page"}],"author":[{"embeddable":true,"href":"https:\/\/inclusivetrainers.eu\/es\/wp-json\/wp\/v2\/users\/1"}],"replies":[{"embeddable":true,"href":"https:\/\/inclusivetrainers.eu\/es\/wp-json\/wp\/v2\/comments?post=23867"}],"version-history":[{"count":13,"href":"https:\/\/inclusivetrainers.eu\/es\/wp-json\/wp\/v2\/pages\/23867\/revisions"}],"predecessor-version":[{"id":24523,"href":"https:\/\/inclusivetrainers.eu\/es\/wp-json\/wp\/v2\/pages\/23867\/revisions\/24523"}],"wp:attachment":[{"href":"https:\/\/inclusivetrainers.eu\/es\/wp-json\/wp\/v2\/media?parent=23867"}],"curies":[{"name":"wp","href":"https:\/\/api.w.org\/{rel}","templated":true}]}}