{"id":23881,"date":"2025-11-05T13:26:12","date_gmt":"2025-11-05T12:26:12","guid":{"rendered":"https:\/\/inclusivetrainers.eu\/about-the-project\/"},"modified":"2025-11-20T09:51:47","modified_gmt":"2025-11-20T08:51:47","slug":"about-the-project","status":"publish","type":"page","link":"https:\/\/inclusivetrainers.eu\/es\/about-the-project\/","title":{"rendered":"Acerca del proyecto"},"content":{"rendered":"\t\t<div data-elementor-type=\"wp-page\" data-elementor-id=\"23881\" class=\"elementor elementor-23881 elementor-23600\">\n\t\t\t\t<div class=\"elementor-element elementor-element-d2c9001 e-con-full e-flex e-con e-parent\" data-id=\"d2c9001\" data-element_type=\"container\">\n\t\t<div class=\"elementor-element elementor-element-c9bc087 e-flex e-con-boxed e-con e-child\" data-id=\"c9bc087\" data-element_type=\"container\">\n\t\t\t\t\t<div class=\"e-con-inner\">\n\t\t<div class=\"elementor-element elementor-element-7fe1edc e-con-full e-flex e-con e-child\" data-id=\"7fe1edc\" data-element_type=\"container\">\n\t\t\t\t<div class=\"hf-elementor-layout elementor-element elementor-element-b837236 elementor-widget elementor-widget-iqonic_title\" data-id=\"b837236\" data-element_type=\"widget\" data-widget_type=\"iqonic_title.default\">\n\t\t\t\t<div class=\"elementor-widget-container\">\n\t\t\t\t\t\n    <div class=\" text-left vizion-title-box vizion-title-box-2 vizion-before-line\">\n        <div class=\"vizion-subtitle\">Sobre nosotros<\/div>\n        <h2 class=\"vizion-title vizion-heading-title\">\n               La inteligencia artificial <span class='highlighted-text-wrap'> ofrece un enorme potencial<\/span> para transformar la educaci\u00f3n y el empleo.\n        <\/h2>\n\n          <div class=\"vizion-title-desc\">Sin embargo, su uso plantea tambi\u00e9n retos \u00e9ticos, sociales y humanos. INclusive TrAIners surge como respuesta a una necesidad clara: formar a los y las profesionales de la formaci\u00f3n profesional continual en el uso \u00e9tico y responsable de la IA.<\/div>\n    <\/div>\n\n    \t\t\t\t<\/div>\n\t\t\t\t<\/div>\n\t\t\t\t<\/div>\n\t\t<div class=\"elementor-element elementor-element-6f332a4 e-con-full e-flex e-con e-child\" data-id=\"6f332a4\" data-element_type=\"container\">\n\t\t\t\t<div class=\"hf-elementor-layout elementor-element elementor-element-78a6996 elementor-widget elementor-widget-image\" data-id=\"78a6996\" data-element_type=\"widget\" data-widget_type=\"image.default\">\n\t\t\t\t\t\t\t\t\t\t\t\t\t\t\t<img fetchpriority=\"high\" decoding=\"async\" width=\"396\" height=\"480\" src=\"https:\/\/inclusivetrainers.eu\/wp-content\/uploads\/2021\/12\/Data-Analysis-01-1-396x480.png\" class=\"attachment-vizion-elementor-featured size-vizion-elementor-featured wp-image-23885\" alt=\"\" sizes=\"100vw\" \/>\t\t\t\t\t\t\t\t\t\t\t\t\t\t\t<\/div>\n\t\t\t\t<\/div>\n\t\t\t\t\t<\/div>\n\t\t\t\t<\/div>\n\t\t\t\t<\/div>\n\t\t<div class=\"elementor-element elementor-element-1978530 e-con-full e-flex e-con e-parent\" data-id=\"1978530\" data-element_type=\"container\">\n\t\t<div class=\"elementor-element elementor-element-ee9fa8d e-flex e-con-boxed e-con e-child\" data-id=\"ee9fa8d\" data-element_type=\"container\">\n\t\t\t\t\t<div class=\"e-con-inner\">\n\t\t<div class=\"elementor-element elementor-element-ecd1f28 e-con-full e-flex e-con e-child\" data-id=\"ecd1f28\" data-element_type=\"container\">\n\t\t\t\t<div class=\"hf-elementor-layout elementor-element elementor-element-f2ff202 elementor-widget elementor-widget-iqonic_title\" data-id=\"f2ff202\" data-element_type=\"widget\" data-widget_type=\"iqonic_title.default\">\n\t\t\t\t<div class=\"elementor-widget-container\">\n\t\t\t\t\t\n    <div class=\" text-left vizion-title-box vizion-title-box-2 vizion-before-line\">\n        \n        <h2 class=\"vizion-title vizion-heading-title\">\n               Nuestros <span class='highlighted-text-wrap'> Objetivos:<\/span>\n        <\/h2>\n\n          \n    <\/div>\n\n    \t\t\t\t<\/div>\n\t\t\t\t<\/div>\n\t\t<div class=\"elementor-element elementor-element-5ad7d65 e-flex e-con-boxed e-con e-child\" data-id=\"5ad7d65\" data-element_type=\"container\">\n\t\t\t\t\t<div class=\"e-con-inner\">\n\t\t<div class=\"elementor-element elementor-element-f48975e e-con-full e-flex e-con e-child\" data-id=\"f48975e\" data-element_type=\"container\">\n\t\t\t\t<div class=\"hf-elementor-layout elementor-element elementor-element-a641e11 elementor-view-default elementor-widget elementor-widget-icon\" data-id=\"a641e11\" data-element_type=\"widget\" data-widget_type=\"icon.default\">\n\t\t\t\t\t\t\t<div class=\"elementor-icon-wrapper\">\n\t\t\t<div class=\"elementor-icon\">\n\t\t\t<i aria-hidden=\"true\" class=\"fas fa-brain\"><\/i>\t\t\t<\/div>\n\t\t<\/div>\n\t\t\t\t\t\t<\/div>\n\t\t\t\t<div class=\"hf-elementor-layout elementor-element elementor-element-1ce6819 elementor-widget elementor-widget-text-editor\" data-id=\"1ce6819\" data-element_type=\"widget\" data-widget_type=\"text-editor.default\">\n\t\t\t\t\t\t\t\t\t<p style=\"text-align: center;\">Formar a los formadores y formadoras en el uso \u00e9tico y responsable de la IA.<\/p>\t\t\t\t\t\t\t\t<\/div>\n\t\t\t\t<\/div>\n\t\t<div class=\"elementor-element elementor-element-4b00eca e-con-full e-flex e-con e-child\" data-id=\"4b00eca\" data-element_type=\"container\">\n\t\t\t\t<div class=\"hf-elementor-layout elementor-element elementor-element-4b27a31 elementor-view-default elementor-widget elementor-widget-icon\" data-id=\"4b27a31\" data-element_type=\"widget\" data-widget_type=\"icon.default\">\n\t\t\t\t\t\t\t<div class=\"elementor-icon-wrapper\">\n\t\t\t<div class=\"elementor-icon\">\n\t\t\t<i aria-hidden=\"true\" class=\"fas fa-people-arrows\"><\/i>\t\t\t<\/div>\n\t\t<\/div>\n\t\t\t\t\t\t<\/div>\n\t\t\t\t<div class=\"hf-elementor-layout elementor-element elementor-element-0ec78e4 elementor-widget elementor-widget-text-editor\" data-id=\"0ec78e4\" data-element_type=\"widget\" data-widget_type=\"text-editor.default\">\n\t\t\t\t\t\t\t\t\t<p style=\"text-align: center;\">Garantizar que la digitalizaci\u00f3n en la Formaci\u00f3n Profesional Continua sea inclusiva, justa y centrada en las personas.<\/p>\t\t\t\t\t\t\t\t<\/div>\n\t\t\t\t<\/div>\n\t\t<div class=\"elementor-element elementor-element-5d65863 e-con-full e-flex e-con e-child\" data-id=\"5d65863\" data-element_type=\"container\">\n\t\t\t\t<div class=\"hf-elementor-layout elementor-element elementor-element-1663812 elementor-view-default elementor-widget elementor-widget-icon\" data-id=\"1663812\" data-element_type=\"widget\" data-widget_type=\"icon.default\">\n\t\t\t\t\t\t\t<div class=\"elementor-icon-wrapper\">\n\t\t\t<div class=\"elementor-icon\">\n\t\t\t<i aria-hidden=\"true\" class=\"fas fa-book\"><\/i>\t\t\t<\/div>\n\t\t<\/div>\n\t\t\t\t\t\t<\/div>\n\t\t\t\t<div class=\"hf-elementor-layout elementor-element elementor-element-c1ee10b elementor-widget elementor-widget-text-editor\" data-id=\"c1ee10b\" data-element_type=\"widget\" data-widget_type=\"text-editor.default\">\n\t\t\t\t\t\t\t\t\t<p style=\"text-align: center;\">Crear recursos pr\u00e1cticos que apoyen el aprendizaje y la orientaci\u00f3n profesional en entornos digitales.<\/p>\t\t\t\t\t\t\t\t<\/div>\n\t\t\t\t<\/div>\n\t\t<div class=\"elementor-element elementor-element-f6face0 e-con-full e-flex e-con e-child\" data-id=\"f6face0\" data-element_type=\"container\">\n\t\t\t\t<div class=\"hf-elementor-layout elementor-element elementor-element-d37d7e1 elementor-view-default elementor-widget elementor-widget-icon\" data-id=\"d37d7e1\" data-element_type=\"widget\" data-widget_type=\"icon.default\">\n\t\t\t\t\t\t\t<div class=\"elementor-icon-wrapper\">\n\t\t\t<div class=\"elementor-icon\">\n\t\t\t<i aria-hidden=\"true\" class=\"far fa-lightbulb\"><\/i>\t\t\t<\/div>\n\t\t<\/div>\n\t\t\t\t\t\t<\/div>\n\t\t\t\t<div class=\"hf-elementor-layout elementor-element elementor-element-108e37c elementor-widget elementor-widget-text-editor\" data-id=\"108e37c\" data-element_type=\"widget\" data-widget_type=\"text-editor.default\">\n\t\t\t\t\t\t\t\t\t<p style=\"text-align: center;\">Fortalecer las redes europeas de innovaci\u00f3n en materia de educaci\u00f3n y formaci\u00f3n.<\/p>\t\t\t\t\t\t\t\t<\/div>\n\t\t\t\t<\/div>\n\t\t\t\t\t<\/div>\n\t\t\t\t<\/div>\n\t\t\t\t<\/div>\n\t\t\t\t\t<\/div>\n\t\t\t\t<\/div>\n\t\t\t\t<\/div>\n\t\t<div class=\"elementor-element elementor-element-dfb839c e-con-full e-flex e-con e-parent\" data-id=\"dfb839c\" data-element_type=\"container\">\n\t\t<div class=\"elementor-element elementor-element-26eb9ff e-flex e-con-boxed e-con e-child\" data-id=\"26eb9ff\" data-element_type=\"container\">\n\t\t\t\t\t<div class=\"e-con-inner\">\n\t\t<div class=\"elementor-element elementor-element-26b9373 e-con-full e-flex e-con e-child\" data-id=\"26b9373\" data-element_type=\"container\">\n\t\t<div class=\"elementor-element elementor-element-0df5bed e-con-full e-flex e-con e-child\" data-id=\"0df5bed\" data-element_type=\"container\">\n\t\t\t\t<div class=\"hf-elementor-layout elementor-element elementor-element-5cfa657 elementor-widget elementor-widget-heading\" data-id=\"5cfa657\" data-element_type=\"widget\" data-widget_type=\"heading.default\">\n\t\t\t\t\t<h4 class=\"elementor-heading-title elementor-size-default\">Porque el futuro de la educaci\u00f3n es digital\u2026\n\u2026pero tambi\u00e9n debe ser \u00e9tico, inclusivo y centrado en la persona.\nPara ello desarrollamos recursos innovadores dirigidos a :<\/h4>\t\t\t\t<\/div>\n\t\t\t\t<\/div>\n\t\t<div class=\"elementor-element elementor-element-8be5acd e-con-full e-flex e-con e-child\" data-id=\"8be5acd\" data-element_type=\"container\">\n\t\t<div class=\"elementor-element elementor-element-c55e720 e-con-full e-flex e-con e-child\" data-id=\"c55e720\" data-element_type=\"container\">\n\t\t\t\t<div class=\"hf-elementor-layout elementor-element elementor-element-0261b1f elementor-view-default elementor-widget elementor-widget-icon\" data-id=\"0261b1f\" data-element_type=\"widget\" data-widget_type=\"icon.default\">\n\t\t\t\t\t\t\t<div class=\"elementor-icon-wrapper\">\n\t\t\t<div class=\"elementor-icon\">\n\t\t\t<i aria-hidden=\"true\" class=\"fas fa-balance-scale\"><\/i>\t\t\t<\/div>\n\t\t<\/div>\n\t\t\t\t\t\t<\/div>\n\t\t\t\t<div class=\"hf-elementor-layout elementor-element elementor-element-06e26aa elementor-widget elementor-widget-text-editor\" data-id=\"06e26aa\" data-element_type=\"widget\" data-widget_type=\"text-editor.default\">\n\t\t\t\t\t\t\t\t\t<p style=\"text-align: center;\">Comprender los principios \u00e9ticos que gu\u00edan el uso de la IA en el proceso de ense\u00f1anza_aprendizaje.<\/p>\t\t\t\t\t\t\t\t<\/div>\n\t\t\t\t<\/div>\n\t\t<div class=\"elementor-element elementor-element-72dedd5 e-con-full e-flex e-con e-child\" data-id=\"72dedd5\" data-element_type=\"container\">\n\t\t\t\t<div class=\"hf-elementor-layout elementor-element elementor-element-1f2e408 elementor-view-default elementor-widget elementor-widget-icon\" data-id=\"1f2e408\" data-element_type=\"widget\" data-widget_type=\"icon.default\">\n\t\t\t\t\t\t\t<div class=\"elementor-icon-wrapper\">\n\t\t\t<div class=\"elementor-icon\">\n\t\t\t<i aria-hidden=\"true\" class=\"far fa-clock\"><\/i>\t\t\t<\/div>\n\t\t<\/div>\n\t\t\t\t\t\t<\/div>\n\t\t\t\t<div class=\"hf-elementor-layout elementor-element elementor-element-ab337e1 elementor-widget elementor-widget-text-editor\" data-id=\"ab337e1\" data-element_type=\"widget\" data-widget_type=\"text-editor.default\">\n\t\t\t\t\t\t\t\t\t<p style=\"text-align: center;\">Dise\u00f1ar itinerarios formativos que aprovechen el potencial de la IA sin perder el enfoque \u00e9tico<\/p>\t\t\t\t\t\t\t\t<\/div>\n\t\t\t\t<\/div>\n\t\t<div class=\"elementor-element elementor-element-c5df16c e-con-full e-flex e-con e-child\" data-id=\"c5df16c\" data-element_type=\"container\">\n\t\t\t\t<div class=\"hf-elementor-layout elementor-element elementor-element-70fd2a9 elementor-view-default elementor-widget elementor-widget-icon\" data-id=\"70fd2a9\" data-element_type=\"widget\" data-widget_type=\"icon.default\">\n\t\t\t\t\t\t\t<div class=\"elementor-icon-wrapper\">\n\t\t\t<div class=\"elementor-icon\">\n\t\t\t<i aria-hidden=\"true\" class=\"fas fa-shield-alt\"><\/i>\t\t\t<\/div>\n\t\t<\/div>\n\t\t\t\t\t\t<\/div>\n\t\t\t\t<div class=\"hf-elementor-layout elementor-element elementor-element-598b816 elementor-widget elementor-widget-text-editor\" data-id=\"598b816\" data-element_type=\"widget\" data-widget_type=\"text-editor.default\">\n\t\t\t\t\t\t\t\t\t<p style=\"text-align: center;\">Evitar sesgos y desigualdades derivados del uso de algoritmos o automatizaciones.<\/p>\t\t\t\t\t\t\t\t<\/div>\n\t\t\t\t<\/div>\n\t\t<div class=\"elementor-element elementor-element-16c1a6a e-con-full e-flex e-con e-child\" data-id=\"16c1a6a\" data-element_type=\"container\">\n\t\t\t\t<div class=\"hf-elementor-layout elementor-element elementor-element-ef59c16 elementor-view-default elementor-widget elementor-widget-icon\" data-id=\"ef59c16\" data-element_type=\"widget\" data-widget_type=\"icon.default\">\n\t\t\t\t\t\t\t<div class=\"elementor-icon-wrapper\">\n\t\t\t<div class=\"elementor-icon\">\n\t\t\t<i aria-hidden=\"true\" class=\"fas fa-search\"><\/i>\t\t\t<\/div>\n\t\t<\/div>\n\t\t\t\t\t\t<\/div>\n\t\t\t\t<div class=\"hf-elementor-layout elementor-element elementor-element-fff3084 elementor-widget elementor-widget-text-editor\" data-id=\"fff3084\" data-element_type=\"widget\" data-widget_type=\"text-editor.default\">\n\t\t\t\t\t\t\t\t\t<p style=\"text-align: center;\">Promover una formaci\u00f3n centrada en la inclusi\u00f3n, la transparencia y la equidad.<\/p>\t\t\t\t\t\t\t\t<\/div>\n\t\t\t\t<\/div>\n\t\t\t\t<\/div>\n\t\t\t\t<\/div>\n\t\t\t\t\t<\/div>\n\t\t\t\t<\/div>\n\t\t\t\t<\/div>\n\t\t\t\t<\/div>\n\t\t","protected":false},"excerpt":{"rendered":"<p>Sobre nosotros La inteligencia artificial ofrece un enorme potencial para transformar la educaci\u00f3n y el empleo. Sin embargo, su uso plantea tambi\u00e9n retos \u00e9ticos, sociales y humanos. INclusive TrAIners surge como respuesta a una necesidad clara: formar a los y las profesionales de la formaci\u00f3n profesional continual en el uso \u00e9tico y responsable de la [&hellip;]<\/p>\n","protected":false},"author":1,"featured_media":0,"parent":0,"menu_order":0,"comment_status":"closed","ping_status":"closed","template":"","meta":{"_acf_changed":false,"footnotes":""},"class_list":["post-23881","page","type-page","status-publish","hentry"],"acf":[],"_links":{"self":[{"href":"https:\/\/inclusivetrainers.eu\/es\/wp-json\/wp\/v2\/pages\/23881","targetHints":{"allow":["GET"]}}],"collection":[{"href":"https:\/\/inclusivetrainers.eu\/es\/wp-json\/wp\/v2\/pages"}],"about":[{"href":"https:\/\/inclusivetrainers.eu\/es\/wp-json\/wp\/v2\/types\/page"}],"author":[{"embeddable":true,"href":"https:\/\/inclusivetrainers.eu\/es\/wp-json\/wp\/v2\/users\/1"}],"replies":[{"embeddable":true,"href":"https:\/\/inclusivetrainers.eu\/es\/wp-json\/wp\/v2\/comments?post=23881"}],"version-history":[{"count":8,"href":"https:\/\/inclusivetrainers.eu\/es\/wp-json\/wp\/v2\/pages\/23881\/revisions"}],"predecessor-version":[{"id":23895,"href":"https:\/\/inclusivetrainers.eu\/es\/wp-json\/wp\/v2\/pages\/23881\/revisions\/23895"}],"wp:attachment":[{"href":"https:\/\/inclusivetrainers.eu\/es\/wp-json\/wp\/v2\/media?parent=23881"}],"curies":[{"name":"wp","href":"https:\/\/api.w.org\/{rel}","templated":true}]}}