{"id":23965,"date":"2025-11-06T09:23:57","date_gmt":"2025-11-06T08:23:57","guid":{"rendered":"https:\/\/inclusivetrainers.eu\/news\/"},"modified":"2026-01-21T10:20:57","modified_gmt":"2026-01-21T09:20:57","slug":"news","status":"publish","type":"page","link":"https:\/\/inclusivetrainers.eu\/es\/news\/","title":{"rendered":"Noticias"},"content":{"rendered":"\t\t<div data-elementor-type=\"wp-page\" data-elementor-id=\"23965\" class=\"elementor elementor-23965 elementor-23676\">\n\t\t\t\t<div class=\"elementor-element elementor-element-0a41e4b e-con-full e-flex e-con e-parent\" data-id=\"0a41e4b\" data-element_type=\"container\">\n\t\t<div class=\"elementor-element elementor-element-e3408c3 e-flex e-con-boxed e-con e-child\" data-id=\"e3408c3\" data-element_type=\"container\">\n\t\t\t\t\t<div class=\"e-con-inner\">\n\t\t\t\t<div class=\"hf-elementor-layout elementor-element elementor-element-c1f32cc elementor-widget elementor-widget-iqonic_blog\" data-id=\"c1f32cc\" data-element_type=\"widget\" data-widget_type=\"iqonic_blog.default\">\n\t\t\t\t<div class=\"elementor-widget-container\">\n\t\t\t\t\t\n<div class=\"vizion-recentblog  vizion-blog-style-1\"><div class=\"row\">                    <div class=\"col-xl-4 col-lg-6 \">\n\n                        <div class=\"iq-blog-box\">                                 <div class=\"vizion-blog-image clearfix\">\n                                        <!-- image -->\n                                        <img decoding=\"async\" src=\"https:\/\/inclusivetrainers.eu\/wp-content\/uploads\/2026\/01\/DFA-INclusive-trAIners-_FJ_8604-QUINTAS-1.jpg\" alt=\"iqonic-blog\"\/>                                                                                           \n                                        <span class=\"screen-reader-text\">Posted on<\/span> \n                                        <a class=\"blog-post-date\" href=\"https:\/\/inclusivetrainers.eu\/es\/2025\/11\/20\/\">\n                                            <span class=\"day\">20<\/span>\n                                            <span class=\"month\">Nov<\/span>\n                                        <\/a>                                <\/div> \n                            <div class=\"iq-blog-detail\">\n                                <div class=\"iq-blog-meta\">\n                                    <ul class=\"list-inline\">\n                                        <li class=\"list-inline-item vizion-admin\">\n                                            <a href=\"https:\/\/inclusivetrainers.eu\/es\/category\/progreso-del-projecto\/\" class=\"iq-user\">\n                                                By : admin                                            <\/a> \n                                        <\/li>\n                                                                            <\/ul>\n                                <\/div>\n                                <div class=\"blog-title\">\n                                    <a href=\"https:\/\/inclusivetrainers.eu\/es\/reunion-de-lanzamiento-inclusive-trainers\/\">\n                                        <h4 class=\"blog-text vizion-heading-title\">Reuni\u00f3n de Lanzamiento Inclusive Trainers<\/h4>\n                                    <\/a>\n                                <\/div>\n\n                                                                    <div class=\"blog-content\">Lanzamiento de Inclusive Trainers: IA \u00e9tica en la formaci\u00f3n profesional continua El pasado 13 de noviembre, la Diputaci\u00f3n Foral de \u00c1lava celebr\u00f3 en Vitoria-Gasteiz (Espa\u00f1a), la reuni\u00f3n de lanzamiento que marca el inicio de nuestra iniciativa \u201cInclusive trAIners\u201d sobre el uso \u00e9tico de la Inteligencia Artificial (IA) en la Formaci\u00f3n profesional para el empleo. Una [&hellip;]<\/div>  \n                                    \n\n                                <div class=\"blog-button\"><div class=\"vizion_btn_container\">\n    <a class=\"vizion-button vizion-button-link\" href=\"https:\/\/inclusivetrainers.eu\/es\/reunion-de-lanzamiento-inclusive-trainers\/\">\n            <span class=\"text-btn\">\n                   Read More                    <span class=\"vizion-icon-right\">\n                        <svg width=\"8\" height=\"14\" viewBox=\"0 0 8 14\" fill=\"none\" xmlns=\"http:\/\/www.w3.org\/2000\/svg\">\n                            <path d=\"M1.04999 0.975414L7.09999 6.99941L1.04999 13.0244\" stroke=\"white\" stroke-width=\"1.5\" stroke-linecap=\"round\" stroke-linejoin=\"round\"\/>\n                        <\/svg>\n                    <\/span>\n                                <\/span> \n    <\/a>\n<\/div>\n                                <\/div>\n                            <\/div>\n                        <\/div>\n                    <\/div>\n                    <\/div><\/div>\n\t\t\t\t<\/div>\n\t\t\t\t<\/div>\n\t\t\t\t\t<\/div>\n\t\t\t\t<\/div>\n\t\t\t\t<\/div>\n\t\t\t\t<\/div>\n\t\t","protected":false},"excerpt":{"rendered":"<p>Posted on 20 Nov By : admin INclusive trAIners kick-off meeting in Vitoria-Gasteiz Launching Inclusive Trainers: Ethical AI in continuous Vocational Education On November 13th, DFA held in Vitoria-Gasteiz (Spain) the kick-off meeting marking the start of our initiative \u201cInclusive trAIners\u201d \u00a0on the ethical use of Artificial Intelligence (AI) in \u00a0CVET. A key part of [&hellip;]<\/p>\n","protected":false},"author":1,"featured_media":0,"parent":0,"menu_order":0,"comment_status":"closed","ping_status":"closed","template":"","meta":{"_acf_changed":false,"footnotes":""},"class_list":["post-23965","page","type-page","status-publish","hentry"],"acf":[],"_links":{"self":[{"href":"https:\/\/inclusivetrainers.eu\/es\/wp-json\/wp\/v2\/pages\/23965","targetHints":{"allow":["GET"]}}],"collection":[{"href":"https:\/\/inclusivetrainers.eu\/es\/wp-json\/wp\/v2\/pages"}],"about":[{"href":"https:\/\/inclusivetrainers.eu\/es\/wp-json\/wp\/v2\/types\/page"}],"author":[{"embeddable":true,"href":"https:\/\/inclusivetrainers.eu\/es\/wp-json\/wp\/v2\/users\/1"}],"replies":[{"embeddable":true,"href":"https:\/\/inclusivetrainers.eu\/es\/wp-json\/wp\/v2\/comments?post=23965"}],"version-history":[{"count":7,"href":"https:\/\/inclusivetrainers.eu\/es\/wp-json\/wp\/v2\/pages\/23965\/revisions"}],"predecessor-version":[{"id":24678,"href":"https:\/\/inclusivetrainers.eu\/es\/wp-json\/wp\/v2\/pages\/23965\/revisions\/24678"}],"wp:attachment":[{"href":"https:\/\/inclusivetrainers.eu\/es\/wp-json\/wp\/v2\/media?parent=23965"}],"curies":[{"name":"wp","href":"https:\/\/api.w.org\/{rel}","templated":true}]}}