{"id":24010,"date":"2025-11-10T12:18:32","date_gmt":"2025-11-10T11:18:32","guid":{"rendered":"https:\/\/inclusivetrainers.eu\/results\/"},"modified":"2025-11-20T10:29:28","modified_gmt":"2025-11-20T09:29:28","slug":"results","status":"publish","type":"page","link":"https:\/\/inclusivetrainers.eu\/es\/results\/","title":{"rendered":"Resultados"},"content":{"rendered":"\t\t<div data-elementor-type=\"wp-page\" data-elementor-id=\"24010\" class=\"elementor elementor-24010 elementor-23769\">\n\t\t\t\t<div class=\"elementor-element elementor-element-586b224 e-con-full e-flex e-con e-parent\" data-id=\"586b224\" data-element_type=\"container\">\n\t\t<div class=\"elementor-element elementor-element-3132c61 e-flex e-con-boxed e-con e-child\" data-id=\"3132c61\" data-element_type=\"container\">\n\t\t\t\t\t<div class=\"e-con-inner\">\n\t\t<div class=\"elementor-element elementor-element-380c9bf e-flex e-con-boxed e-con e-child\" data-id=\"380c9bf\" data-element_type=\"container\">\n\t\t\t\t\t<div class=\"e-con-inner\">\n\t\t\t\t<div class=\"hf-elementor-layout elementor-element elementor-element-1516847 elementor-widget elementor-widget-image\" data-id=\"1516847\" data-element_type=\"widget\" data-widget_type=\"image.default\">\n\t\t\t\t\t\t\t\t\t\t\t\t\t\t\t<img fetchpriority=\"high\" decoding=\"async\" width=\"600\" height=\"600\" src=\"https:\/\/inclusivetrainers.eu\/wp-content\/uploads\/revslider\/security\/04-11.png\" class=\"attachment-large size-large wp-image-24014\" alt=\"\" srcset=\"https:\/\/inclusivetrainers.eu\/wp-content\/uploads\/revslider\/security\/04-11.png 600w, https:\/\/inclusivetrainers.eu\/wp-content\/uploads\/revslider\/security\/04-11-300x300.png 300w, https:\/\/inclusivetrainers.eu\/wp-content\/uploads\/revslider\/security\/04-11-150x150.png 150w, https:\/\/inclusivetrainers.eu\/wp-content\/uploads\/revslider\/security\/04-11-100x100.png 100w\" sizes=\"100vw\" \/>\t\t\t\t\t\t\t\t\t\t\t\t\t\t\t<\/div>\n\t\t\t\t\t<\/div>\n\t\t\t\t<\/div>\n\t\t<div class=\"elementor-element elementor-element-47c97ab e-con-full e-flex e-con e-child\" data-id=\"47c97ab\" data-element_type=\"container\">\n\t\t\t\t<div class=\"hf-elementor-layout elementor-element elementor-element-07e8b1a elementor-widget elementor-widget-iqonic_title\" data-id=\"07e8b1a\" data-element_type=\"widget\" data-widget_type=\"iqonic_title.default\">\n\t\t\t\t<div class=\"elementor-widget-container\">\n\t\t\t\t\t\n    <div class=\" text-left vizion-title-box vizion-title-box-2 vizion-before-line\">\n        <div class=\"vizion-subtitle\">Recursos formativos de INclusive TrAIners<\/div>\n        <h2 class=\"vizion-title vizion-heading-title\">\n               <span class='highlighted-text-wrap'> Resultados<\/span>\n        <\/h2>\n\n          <div class=\"vizion-title-desc\">Los recursos formativos INclusive TrAIners est\u00e1n desarrollados bajo licencia Creative Commons lo que significa que son recursos  abiertos y totamente gratuitos, desarrollados en versi\u00f3n editable y reutilizable. \nEstos recursos pueden ser utilizados de manera conjunta o independiente, e incluyen  Gu\u00edas de usuario, que facilitan su implementaci\u00f3n en diferentes entornos y contextos de aprendizaje.\n<\/div>\n    <\/div>\n\n    \t\t\t\t<\/div>\n\t\t\t\t<\/div>\n\t\t\t\t<\/div>\n\t\t\t\t\t<\/div>\n\t\t\t\t<\/div>\n\t\t\t\t<\/div>\n\t\t<div class=\"elementor-element elementor-element-12c7c9b e-con-full e-flex e-con e-parent\" data-id=\"12c7c9b\" data-element_type=\"container\">\n\t\t<div class=\"elementor-element elementor-element-1fc4a43 e-flex e-con-boxed e-con e-child\" data-id=\"1fc4a43\" data-element_type=\"container\">\n\t\t\t\t\t<div class=\"e-con-inner\">\n\t\t\t\t<div class=\"hf-elementor-layout elementor-element elementor-element-6f5aeea elementor-widget elementor-widget-iqonic_title\" data-id=\"6f5aeea\" data-element_type=\"widget\" data-widget_type=\"iqonic_title.default\">\n\t\t\t\t<div class=\"elementor-widget-container\">\n\t\t\t\t\t\n    <div class=\" text-left vizion-title-box vizion-title-box-2 vizion-before-line\">\n        \n        <h2 class=\"vizion-title vizion-heading-title\">\n               Plataforma <span class='highlighted-text-wrap'> de<\/span> formaci\u00f3n INclusive TrAIners\n        <\/h2>\n\n          <div class=\"vizion-title-desc\">Un espacio abierto e innovador, dirigido a formar a los formadores de formaci\u00f3n profesional continua para afrontar  los retos \u00e9ticos de la incorporaci\u00f3n de la IA a los procesos de aprendizaje. A trav\u00e9s de metodolog\u00edas activas y recursos pr\u00e1cticos, ofrece una experiencia \u00fanica para aprender a usar la IA de forma \u00e9tica, inclusiva y sostenible.\nLos m\u00f3dulos est\u00e1n desarrollados para desarrollar el pensamiento cr\u00edtico, explorar nuevas formas de ense\u00f1ar a trav\u00e9s de la IA y liderar los procesos de cambio hacia una formaci\u00f3n profesional m\u00e1s humana, justa y responsable.<\/div>\n    <\/div>\n\n    \t\t\t\t<\/div>\n\t\t\t\t<\/div>\n\t\t\t\t\t<\/div>\n\t\t\t\t<\/div>\n\t\t<div class=\"elementor-element elementor-element-d72821c e-flex e-con-boxed elementor-invisible e-con e-child\" data-id=\"d72821c\" data-element_type=\"container\" data-settings=\"{&quot;animation&quot;:&quot;fadeInUp&quot;}\">\n\t\t\t\t\t<div class=\"e-con-inner\">\n\t\t<div class=\"elementor-element elementor-element-6724b1f e-con-full e-flex e-con e-child\" data-id=\"6724b1f\" data-element_type=\"container\" id=\"training-platform-links\">\n\t\t<div class=\"elementor-element elementor-element-ce7c207 e-con-full e-flex e-con e-child\" data-id=\"ce7c207\" data-element_type=\"container\">\n\t\t\t\t<div class=\"hf-elementor-layout elementor-element elementor-element-8463e0f elementor-widget elementor-widget-iqonic_button\" data-id=\"8463e0f\" data-element_type=\"widget\" data-widget_type=\"iqonic_button.default\">\n\t\t\t\t<div class=\"elementor-widget-container\">\n\t\t\t\t\t\n    <div class=\"vizion-btn-container\">\n\n        <a class=\"vizion-button\">\n                             <span class=\"text-btn\">Aqui puedes acceder al curso en versi\u00f3n PPT                             <span class=\"vizion-icon-right\">\n                                <svg width=\"8\" height=\"14\" viewBox=\"0 0 8 14\" fill=\"none\" xmlns=\"http:\/\/www.w3.org\/2000\/svg\">\n                                    <path d=\"M1.04999 0.975414L7.09999 6.99941L1.04999 13.0244\" stroke=\"white\" stroke-width=\"1.5\" stroke-linecap=\"round\" stroke-linejoin=\"round\"\/>\n                                <\/svg>\n                            <\/span>                 <\/span>         <\/a>\n\n    <\/div> \n  \t\t\t\t<\/div>\n\t\t\t\t<\/div>\n\t\t\t\t<\/div>\n\t\t<div class=\"elementor-element elementor-element-e734a1e e-con-full e-flex e-con e-child\" data-id=\"e734a1e\" data-element_type=\"container\">\n\t\t\t\t<div class=\"hf-elementor-layout elementor-element elementor-element-a9e57f9 elementor-widget elementor-widget-iqonic_button\" data-id=\"a9e57f9\" data-element_type=\"widget\" data-widget_type=\"iqonic_button.default\">\n\t\t\t\t<div class=\"elementor-widget-container\">\n\t\t\t\t\t\n    <div class=\"vizion-btn-container\">\n\n        <a class=\"vizion-button\">\n                             <span class=\"text-btn\">Aqu\u00ed puedes acceder al curso en versi\u00f3n SCORM                            <span class=\"vizion-icon-right\">\n                                <svg width=\"8\" height=\"14\" viewBox=\"0 0 8 14\" fill=\"none\" xmlns=\"http:\/\/www.w3.org\/2000\/svg\">\n                                    <path d=\"M1.04999 0.975414L7.09999 6.99941L1.04999 13.0244\" stroke=\"white\" stroke-width=\"1.5\" stroke-linecap=\"round\" stroke-linejoin=\"round\"\/>\n                                <\/svg>\n                            <\/span>                 <\/span>         <\/a>\n\n    <\/div> \n  \t\t\t\t<\/div>\n\t\t\t\t<\/div>\n\t\t\t\t<\/div>\n\t\t\t\t<\/div>\n\t\t\t\t\t<\/div>\n\t\t\t\t<\/div>\n\t\t\t\t<\/div>\n\t\t<div class=\"elementor-element elementor-element-d3c654c e-con-full e-flex e-con e-parent\" data-id=\"d3c654c\" data-element_type=\"container\">\n\t\t<div class=\"elementor-element elementor-element-618cda9 e-flex e-con-boxed elementor-invisible e-con e-child\" data-id=\"618cda9\" data-element_type=\"container\" data-settings=\"{&quot;animation&quot;:&quot;fadeInUp&quot;}\">\n\t\t\t\t\t<div class=\"e-con-inner\">\n\t\t<div class=\"elementor-element elementor-element-941c521 e-con-full e-flex e-con e-child\" data-id=\"941c521\" data-element_type=\"container\">\n\t\t\t\t<div class=\"hf-elementor-layout elementor-element elementor-element-55eb7f4 elementor-widget elementor-widget-image\" data-id=\"55eb7f4\" data-element_type=\"widget\" data-widget_type=\"image.default\">\n\t\t\t\t\t\t\t\t\t\t\t\t\t\t\t<img decoding=\"async\" src=\"https:\/\/inclusivetrainers.eu\/wp-content\/uploads\/2021\/12\/vizion-edu-about-1.png\" title=\"vizion-edu-about-1\" alt=\"vizion-edu-about-1\" loading=\"lazy\" \/>\t\t\t\t\t\t\t\t\t\t\t\t\t\t\t<\/div>\n\t\t\t\t<\/div>\n\t\t<div class=\"elementor-element elementor-element-3fb287f e-con-full e-flex e-con e-child\" data-id=\"3fb287f\" data-element_type=\"container\">\n\t\t\t\t<div class=\"hf-elementor-layout elementor-element elementor-element-86ea7dd elementor-widget elementor-widget-iqonic_title\" data-id=\"86ea7dd\" data-element_type=\"widget\" data-widget_type=\"iqonic_title.default\">\n\t\t\t\t<div class=\"elementor-widget-container\">\n\t\t\t\t\t\n    <div class=\" text-left vizion-title-box vizion-title-box-2 vizion-before-line\">\n        \n        <h2 class=\"vizion-title vizion-heading-title\">\n               <span class='highlighted-text-wrap'> Laboratorio<\/span> virtual INclusive TrAIners:\n        <\/h2>\n\n          <div class=\"vizion-title-desc\">Un entorno de aprendizaje  donde  experimentar, crear y reflexionar sobre el uso \u00e9tico de la IA en la formaci\u00f3n profesional continua.\nA trav\u00e9s de retos, simulaciones y actividades pr\u00e1cticas, los participantes exploran c\u00f3mo aplicar a trav\u00e9s de la IA los principios de equidad, transparencia y responsabilidad en escenarios reales de aprendizaje .\nOfrece experiencias adaptadas a diferentes perfiles y necesidades formativas, promoviendo la inclusi\u00f3n de grupos vulnerables y fortaleciendo el pensamiento cr\u00edtico del profesorado.<\/div>\n    <\/div>\n\n    \t\t\t\t<\/div>\n\t\t\t\t<\/div>\n\t\t\t\t<\/div>\n\t\t\t\t\t<\/div>\n\t\t\t\t<\/div>\n\t\t\t\t<\/div>\n\t\t<div class=\"elementor-element elementor-element-78716fc e-con-full e-flex e-con e-parent\" data-id=\"78716fc\" data-element_type=\"container\">\n\t\t<div class=\"elementor-element elementor-element-f33d4fe e-flex e-con-boxed elementor-invisible e-con e-child\" data-id=\"f33d4fe\" data-element_type=\"container\" data-settings=\"{&quot;animation&quot;:&quot;fadeInUp&quot;}\">\n\t\t\t\t\t<div class=\"e-con-inner\">\n\t\t<div class=\"elementor-element elementor-element-b4f82e7 e-con-full e-flex e-con e-child\" data-id=\"b4f82e7\" data-element_type=\"container\">\n\t\t\t\t<div class=\"hf-elementor-layout elementor-element elementor-element-421fd60 elementor-widget elementor-widget-iqonic_title\" data-id=\"421fd60\" data-element_type=\"widget\" data-widget_type=\"iqonic_title.default\">\n\t\t\t\t<div class=\"elementor-widget-container\">\n\t\t\t\t\t\n    <div class=\" text-left vizion-title-box vizion-title-box-2 vizion-before-line\">\n        \n        <h2 class=\"vizion-title vizion-heading-title\">\n               <span class='highlighted-text-wrap'> Banco de<\/span> recursos sobre IA INclusive TrAiners \n        <\/h2>\n\n          <div class=\"vizion-title-desc\">Un repositorio digital que auna herramientas de Inteligencia Artificial generativa susceptibles de ser utilizadas en todas las fases del proceso formativo . Se trata de un recurso pensado para apoyar al docente en la personalizaci\u00f3n  del aprendizaje, la evaluaci\u00f3n de competencias y la creaci\u00f3n de itinerarios formativos m\u00e1s inclusivos y \u00e9ticos, prestando especial atenci\u00f3n a aquellos grupos m\u00e1s vulnerables.<\/div>\n    <\/div>\n\n    \t\t\t\t<\/div>\n\t\t\t\t<\/div>\n\t\t\t\t<\/div>\n\t\t<div class=\"elementor-element elementor-element-56dbbcf e-con-full e-flex e-con e-child\" data-id=\"56dbbcf\" data-element_type=\"container\">\n\t\t\t\t<div class=\"hf-elementor-layout elementor-element elementor-element-3c90d10 elementor-widget elementor-widget-image\" data-id=\"3c90d10\" data-element_type=\"widget\" data-widget_type=\"image.default\">\n\t\t\t\t\t\t\t\t\t\t\t\t\t\t\t<img decoding=\"async\" src=\"https:\/\/inclusivetrainers.eu\/wp-content\/uploads\/2023\/02\/image.png\" title=\"image\" alt=\"image\" loading=\"lazy\" \/>\t\t\t\t\t\t\t\t\t\t\t\t\t\t\t<\/div>\n\t\t\t\t<\/div>\n\t\t\t\t\t<\/div>\n\t\t\t\t<\/div>\n\t\t\t\t<\/div>\n\t\t\t\t<\/div>\n\t\t","protected":false},"excerpt":{"rendered":"<p>Recursos formativos de INclusive TrAIners Resultados Los recursos formativos INclusive TrAIners est\u00e1n desarrollados bajo licencia Creative Commons lo que significa que son recursos abiertos y totamente gratuitos, desarrollados en versi\u00f3n editable y reutilizable. Estos recursos pueden ser utilizados de manera conjunta o independiente, e incluyen Gu\u00edas de usuario, que facilitan su implementaci\u00f3n en diferentes entornos [&hellip;]<\/p>\n","protected":false},"author":1,"featured_media":0,"parent":0,"menu_order":0,"comment_status":"closed","ping_status":"closed","template":"","meta":{"_acf_changed":false,"footnotes":""},"class_list":["post-24010","page","type-page","status-publish","hentry"],"acf":[],"_links":{"self":[{"href":"https:\/\/inclusivetrainers.eu\/es\/wp-json\/wp\/v2\/pages\/24010","targetHints":{"allow":["GET"]}}],"collection":[{"href":"https:\/\/inclusivetrainers.eu\/es\/wp-json\/wp\/v2\/pages"}],"about":[{"href":"https:\/\/inclusivetrainers.eu\/es\/wp-json\/wp\/v2\/types\/page"}],"author":[{"embeddable":true,"href":"https:\/\/inclusivetrainers.eu\/es\/wp-json\/wp\/v2\/users\/1"}],"replies":[{"embeddable":true,"href":"https:\/\/inclusivetrainers.eu\/es\/wp-json\/wp\/v2\/comments?post=24010"}],"version-history":[{"count":4,"href":"https:\/\/inclusivetrainers.eu\/es\/wp-json\/wp\/v2\/pages\/24010\/revisions"}],"predecessor-version":[{"id":24020,"href":"https:\/\/inclusivetrainers.eu\/es\/wp-json\/wp\/v2\/pages\/24010\/revisions\/24020"}],"wp:attachment":[{"href":"https:\/\/inclusivetrainers.eu\/es\/wp-json\/wp\/v2\/media?parent=24010"}],"curies":[{"name":"wp","href":"https:\/\/api.w.org\/{rel}","templated":true}]}}