{"id":24056,"date":"2025-11-10T08:30:23","date_gmt":"2025-11-10T07:30:23","guid":{"rendered":"https:\/\/inclusivetrainers.eu\/dissemination-materials\/"},"modified":"2026-01-21T10:13:42","modified_gmt":"2026-01-21T09:13:42","slug":"dissemination-materials","status":"publish","type":"page","link":"https:\/\/inclusivetrainers.eu\/es\/dissemination-materials\/","title":{"rendered":"Material de difusi\u00f3n"},"content":{"rendered":"\t\t<div data-elementor-type=\"wp-page\" data-elementor-id=\"24056\" class=\"elementor elementor-24056 elementor-23740\">\n\t\t\t\t<div class=\"elementor-element elementor-element-8392c6a e-con-full e-flex e-con e-parent\" data-id=\"8392c6a\" data-element_type=\"container\">\n\t\t<div class=\"elementor-element elementor-element-8760436 e-flex e-con-boxed elementor-invisible e-con e-child\" data-id=\"8760436\" data-element_type=\"container\" data-settings=\"{&quot;animation&quot;:&quot;fadeInUp&quot;}\">\n\t\t\t\t\t<div class=\"e-con-inner\">\n\t\t<div class=\"elementor-element elementor-element-ddf865d e-con-full e-flex e-con e-child\" data-id=\"ddf865d\" data-element_type=\"container\">\n\t\t\t\t<div class=\"hf-elementor-layout elementor-element elementor-element-9094579 elementor-widget elementor-widget-image\" data-id=\"9094579\" data-element_type=\"widget\" data-widget_type=\"image.default\">\n\t\t\t\t\t\t\t\t\t\t\t\t\t\t\t<img fetchpriority=\"high\" decoding=\"async\" width=\"599\" height=\"604\" src=\"https:\/\/inclusivetrainers.eu\/wp-content\/uploads\/2023\/02\/data-analises-new-1.png\" class=\"attachment-full size-full wp-image-24060\" alt=\"image\" srcset=\"https:\/\/inclusivetrainers.eu\/wp-content\/uploads\/2023\/02\/data-analises-new-1.png 599w, https:\/\/inclusivetrainers.eu\/wp-content\/uploads\/2023\/02\/data-analises-new-1-298x300.png 298w, https:\/\/inclusivetrainers.eu\/wp-content\/uploads\/2023\/02\/data-analises-new-1-150x150.png 150w, https:\/\/inclusivetrainers.eu\/wp-content\/uploads\/2023\/02\/data-analises-new-1-100x100.png 100w\" sizes=\"100vw\" \/>\t\t\t\t\t\t\t\t\t\t\t\t\t\t\t<\/div>\n\t\t\t\t<\/div>\n\t\t<div class=\"elementor-element elementor-element-886df98 e-con-full e-flex e-con e-child\" data-id=\"886df98\" data-element_type=\"container\">\n\t\t\t\t<div class=\"hf-elementor-layout elementor-element elementor-element-3a8dfc4 elementor-widget elementor-widget-iqonic_title\" data-id=\"3a8dfc4\" data-element_type=\"widget\" data-widget_type=\"iqonic_title.default\">\n\t\t\t\t<div class=\"elementor-widget-container\">\n\t\t\t\t\t\n    <div class=\" text-left vizion-title-box vizion-title-box-2 vizion-before-line\">\n        \n        <h2 class=\"vizion-title vizion-heading-title\">\n               Materiales <span class='highlighted-text-wrap'> de<\/span> difusi\u00f3n\n        <\/h2>\n\n          <div class=\"vizion-title-desc\">Consulta aqu\u00ed el material de difusion INclsusive TrAIners, comparte  y ayudanos a darle m\u00e1s visibilidad. Como no podia ser de otra manera, en  apostamos por una gesti\u00f3n sostenible  \nPor ello, te animamos  a que minimices el gasto e impresi\u00f3n de papel utilizando el c\u00f3digo QR que incluye cada recurso y que te permite un acceso f\u00e1cil, r\u00e1pido y seguro a toda la informaci\u00f3n . <\/div>\n    <\/div>\n\n    \t\t\t\t<\/div>\n\t\t\t\t<\/div>\n\t\t\t\t<\/div>\n\t\t\t\t\t<\/div>\n\t\t\t\t<\/div>\n\t\t\t\t<\/div>\n\t\t<div class=\"elementor-element elementor-element-2819a18 e-con-full e-flex e-con e-parent\" data-id=\"2819a18\" data-element_type=\"container\">\n\t\t<div class=\"elementor-element elementor-element-079eea8 e-flex e-con-boxed elementor-invisible e-con e-child\" data-id=\"079eea8\" data-element_type=\"container\" data-settings=\"{&quot;animation&quot;:&quot;fadeInUp&quot;}\">\n\t\t\t\t\t<div class=\"e-con-inner\">\n\t\t<div class=\"elementor-element elementor-element-45828a5 e-con-full e-flex e-con e-child\" data-id=\"45828a5\" data-element_type=\"container\">\n\t\t\t\t<div class=\"hf-elementor-layout elementor-element elementor-element-8e5c1d9 elementor-widget elementor-widget-iqonic_title\" data-id=\"8e5c1d9\" data-element_type=\"widget\" data-widget_type=\"iqonic_title.default\">\n\t\t\t\t<div class=\"elementor-widget-container\">\n\t\t\t\t\t\n    <div class=\"center vizion-title-box vizion-title-box-2 vizion-before-line\">\n        \n        <h2 class=\"vizion-title vizion-heading-title\">\n               <span class='highlighted-text-wrap'> Downloads<\/span>\n        <\/h2>\n\n          \n    <\/div>\n\n    \t\t\t\t<\/div>\n\t\t\t\t<\/div>\n\t\t\t\t<\/div>\n\t\t<div class=\"elementor-element elementor-element-0cb1bcf downloads-section e-flex e-con-boxed e-con e-child\" data-id=\"0cb1bcf\" data-element_type=\"container\">\n\t\t\t\t\t<div class=\"e-con-inner\">\n\t\t<div class=\"elementor-element elementor-element-d9e3d68 e-con-full e-flex e-con e-child\" data-id=\"d9e3d68\" data-element_type=\"container\">\n\t\t\t\t<div class=\"hf-elementor-layout elementor-element elementor-element-888d7e9 elementor-widget elementor-widget-iqonic_iconbox\" data-id=\"888d7e9\" data-element_type=\"widget\" data-widget_type=\"iqonic_iconbox.default\">\n\t\t\t\t<div class=\"elementor-widget-container\">\n\t\t\t\t\t\n    <div class=\"vizion-icon-box vizion-icon-box-style-2 \">\n        <div class=\"icon-img-wrapper\">\n            <div class=\"dot-circle\"><\/div>\n            <div class=\"icon-box-img\">\n                <i aria-hidden=\"true\" class=\"far fa-newspaper\"><\/i>            <\/div>\n        <\/div>\n        <div class=\"icon-box-detail\">\n                            <a >\n                    <h5 class=\"icon-box-title vizion-heading-title\"> BOLETINES                    <\/h5>\n                <\/a>\n                    <\/div>\n\n        \n    <div class=\"vizion-btn-container\">\n\n        <a class=\"vizion-button vizion-button-link\" href=\"https:\/\/inclusivetrainers.eu\/wp-content\/uploads\/2026\/01\/SP-INclusive-TrAIners-\u2013-Newsletter-1.pdf\">\n                             <span class=\"text-btn\">Download                        <span class=\"vizion-icon-right\"> <i aria-hidden=\"true\" class=\"fas fa-file-download\"><\/i>                        <\/span>                  <\/span>         <\/a>\n\n    <\/div> \n      <\/div>\t\t\t\t<\/div>\n\t\t\t\t<\/div>\n\t\t\t\t<\/div>\n\t\t<div class=\"elementor-element elementor-element-156fb61 e-con-full e-flex e-con e-child\" data-id=\"156fb61\" data-element_type=\"container\">\n\t\t\t\t<div class=\"hf-elementor-layout elementor-element elementor-element-a60d6b3 elementor-widget elementor-widget-iqonic_iconbox\" data-id=\"a60d6b3\" data-element_type=\"widget\" data-widget_type=\"iqonic_iconbox.default\">\n\t\t\t\t<div class=\"elementor-widget-container\">\n\t\t\t\t\t\n    <div class=\"vizion-icon-box vizion-icon-box-style-2 \">\n        <div class=\"icon-img-wrapper\">\n            <div class=\"dot-circle\"><\/div>\n            <div class=\"icon-box-img\">\n                <i aria-hidden=\"true\" class=\"fab fa-fly\"><\/i>            <\/div>\n        <\/div>\n        <div class=\"icon-box-detail\">\n                            <a >\n                    <h5 class=\"icon-box-title vizion-heading-title\"> DIPTICO                    <\/h5>\n                <\/a>\n                    <\/div>\n\n        \n    <div class=\"vizion-btn-container\">\n\n        <a class=\"vizion-button vizion-button-link\" href=\"https:\/\/inclusivetrainers.eu\/wp-content\/uploads\/2026\/01\/Flyer-INclusive-TrAIners-SP.pdf\">\n                             <span class=\"text-btn\">Download                        <span class=\"vizion-icon-right\"> <i aria-hidden=\"true\" class=\"fas fa-file-download\"><\/i>                        <\/span>                  <\/span>         <\/a>\n\n    <\/div> \n      <\/div>\t\t\t\t<\/div>\n\t\t\t\t<\/div>\n\t\t\t\t<\/div>\n\t\t<div class=\"elementor-element elementor-element-ee602fa e-con-full e-flex e-con e-child\" data-id=\"ee602fa\" data-element_type=\"container\">\n\t\t\t\t<div class=\"hf-elementor-layout elementor-element elementor-element-162efe1 elementor-widget elementor-widget-iqonic_iconbox\" data-id=\"162efe1\" data-element_type=\"widget\" data-widget_type=\"iqonic_iconbox.default\">\n\t\t\t\t<div class=\"elementor-widget-container\">\n\t\t\t\t\t\n    <div class=\"vizion-icon-box vizion-icon-box-style-2 \">\n        <div class=\"icon-img-wrapper\">\n            <div class=\"dot-circle\"><\/div>\n            <div class=\"icon-box-img\">\n                <i aria-hidden=\"true\" class=\"fas fa-file-alt\"><\/i>            <\/div>\n        <\/div>\n        <div class=\"icon-box-detail\">\n                            <a >\n                    <h5 class=\"icon-box-title vizion-heading-title\"> POSTER                    <\/h5>\n                <\/a>\n                    <\/div>\n\n        \n    <div class=\"vizion-btn-container\">\n\n        <a class=\"vizion-button vizion-button-link\" href=\"#\">\n                             <span class=\"text-btn\">Download                        <span class=\"vizion-icon-right\"> <i aria-hidden=\"true\" class=\"fas fa-file-download\"><\/i>                        <\/span>                  <\/span>         <\/a>\n\n    <\/div> \n      <\/div>\t\t\t\t<\/div>\n\t\t\t\t<\/div>\n\t\t\t\t<\/div>\n\t\t\t\t\t<\/div>\n\t\t\t\t<\/div>\n\t\t\t\t\t<\/div>\n\t\t\t\t<\/div>\n\t\t\t\t<\/div>\n\t\t\t\t<\/div>\n\t\t","protected":false},"excerpt":{"rendered":"<p>Materiales de difusi\u00f3n Consulta aqu\u00ed el material de difusion INclsusive TrAIners, comparte y ayudanos a darle m\u00e1s visibilidad. Como no podia ser de otra manera, en apostamos por una gesti\u00f3n sostenible Por ello, te animamos a que minimices el gasto e impresi\u00f3n de papel utilizando el c\u00f3digo QR que incluye cada recurso y que te [&hellip;]<\/p>\n","protected":false},"author":1,"featured_media":0,"parent":0,"menu_order":0,"comment_status":"closed","ping_status":"closed","template":"","meta":{"_acf_changed":false,"footnotes":""},"class_list":["post-24056","page","type-page","status-publish","hentry"],"acf":[],"_links":{"self":[{"href":"https:\/\/inclusivetrainers.eu\/es\/wp-json\/wp\/v2\/pages\/24056","targetHints":{"allow":["GET"]}}],"collection":[{"href":"https:\/\/inclusivetrainers.eu\/es\/wp-json\/wp\/v2\/pages"}],"about":[{"href":"https:\/\/inclusivetrainers.eu\/es\/wp-json\/wp\/v2\/types\/page"}],"author":[{"embeddable":true,"href":"https:\/\/inclusivetrainers.eu\/es\/wp-json\/wp\/v2\/users\/1"}],"replies":[{"embeddable":true,"href":"https:\/\/inclusivetrainers.eu\/es\/wp-json\/wp\/v2\/comments?post=24056"}],"version-history":[{"count":13,"href":"https:\/\/inclusivetrainers.eu\/es\/wp-json\/wp\/v2\/pages\/24056\/revisions"}],"predecessor-version":[{"id":24663,"href":"https:\/\/inclusivetrainers.eu\/es\/wp-json\/wp\/v2\/pages\/24056\/revisions\/24663"}],"wp:attachment":[{"href":"https:\/\/inclusivetrainers.eu\/es\/wp-json\/wp\/v2\/media?parent=24056"}],"curies":[{"name":"wp","href":"https:\/\/api.w.org\/{rel}","templated":true}]}}