{"id":24004,"date":"2025-11-10T12:18:32","date_gmt":"2025-11-10T11:18:32","guid":{"rendered":"https:\/\/inclusivetrainers.eu\/results\/"},"modified":"2025-11-20T10:35:35","modified_gmt":"2025-11-20T09:35:35","slug":"results","status":"publish","type":"page","link":"https:\/\/inclusivetrainers.eu\/it\/results\/","title":{"rendered":"Risultati"},"content":{"rendered":"\t\t<div data-elementor-type=\"wp-page\" data-elementor-id=\"24004\" class=\"elementor elementor-24004 elementor-23769\">\n\t\t\t\t<div class=\"elementor-element elementor-element-586b224 e-con-full e-flex e-con e-parent\" data-id=\"586b224\" data-element_type=\"container\">\n\t\t<div class=\"elementor-element elementor-element-3132c61 e-flex e-con-boxed e-con e-child\" data-id=\"3132c61\" data-element_type=\"container\">\n\t\t\t\t\t<div class=\"e-con-inner\">\n\t\t<div class=\"elementor-element elementor-element-380c9bf e-flex e-con-boxed e-con e-child\" data-id=\"380c9bf\" data-element_type=\"container\">\n\t\t\t\t\t<div class=\"e-con-inner\">\n\t\t\t\t<div class=\"hf-elementor-layout elementor-element elementor-element-1516847 elementor-widget elementor-widget-image\" data-id=\"1516847\" data-element_type=\"widget\" data-widget_type=\"image.default\">\n\t\t\t\t\t\t\t\t\t\t\t\t\t\t\t<img fetchpriority=\"high\" decoding=\"async\" width=\"600\" height=\"600\" src=\"https:\/\/inclusivetrainers.eu\/wp-content\/uploads\/revslider\/security\/04-11.png\" class=\"attachment-large size-large wp-image-24028\" alt=\"\" srcset=\"https:\/\/inclusivetrainers.eu\/wp-content\/uploads\/revslider\/security\/04-11.png 600w, https:\/\/inclusivetrainers.eu\/wp-content\/uploads\/revslider\/security\/04-11-300x300.png 300w, https:\/\/inclusivetrainers.eu\/wp-content\/uploads\/revslider\/security\/04-11-150x150.png 150w, https:\/\/inclusivetrainers.eu\/wp-content\/uploads\/revslider\/security\/04-11-100x100.png 100w\" sizes=\"100vw\" \/>\t\t\t\t\t\t\t\t\t\t\t\t\t\t\t<\/div>\n\t\t\t\t\t<\/div>\n\t\t\t\t<\/div>\n\t\t<div class=\"elementor-element elementor-element-47c97ab e-con-full e-flex e-con e-child\" data-id=\"47c97ab\" data-element_type=\"container\">\n\t\t\t\t<div class=\"hf-elementor-layout elementor-element elementor-element-07e8b1a elementor-widget elementor-widget-iqonic_title\" data-id=\"07e8b1a\" data-element_type=\"widget\" data-widget_type=\"iqonic_title.default\">\n\t\t\t\t<div class=\"elementor-widget-container\">\n\t\t\t\t\t\n    <div class=\" text-left vizion-title-box vizion-title-box-2 vizion-before-line\">\n        <div class=\"vizion-subtitle\">Le risorse formative INclusive TrAIners<\/div>\n        <h2 class=\"vizion-title vizion-heading-title\">\n               <span class='highlighted-text-wrap'> Risultati<\/span>\n        <\/h2>\n\n          <div class=\"vizion-title-desc\">Le risorse di formazione di INclusive TrAIners sono sviluppate sotto una licenza Creative Commons, il che significa che sono aperte e completamente gratuite, sviluppate in versioni modificabili e riutilizzabili.\n \n Queste risorse possono essere utilizzate insieme o in modo indipendente e includono guide per l&#8217;utente, che ne facilitano l&#8217;implementazione in diversi ambienti e contesti di apprendimento.\n<\/div>\n    <\/div>\n\n    \t\t\t\t<\/div>\n\t\t\t\t<\/div>\n\t\t\t\t<\/div>\n\t\t\t\t\t<\/div>\n\t\t\t\t<\/div>\n\t\t\t\t<\/div>\n\t\t<div class=\"elementor-element elementor-element-12c7c9b e-con-full e-flex e-con e-parent\" data-id=\"12c7c9b\" data-element_type=\"container\">\n\t\t<div class=\"elementor-element elementor-element-1fc4a43 e-flex e-con-boxed e-con e-child\" data-id=\"1fc4a43\" data-element_type=\"container\">\n\t\t\t\t\t<div class=\"e-con-inner\">\n\t\t\t\t<div class=\"hf-elementor-layout elementor-element elementor-element-6f5aeea elementor-widget elementor-widget-iqonic_title\" data-id=\"6f5aeea\" data-element_type=\"widget\" data-widget_type=\"iqonic_title.default\">\n\t\t\t\t<div class=\"elementor-widget-container\">\n\t\t\t\t\t\n    <div class=\" text-left vizion-title-box vizion-title-box-2 vizion-before-line\">\n        \n        <h2 class=\"vizion-title vizion-heading-title\">\n               INclusive <span class='highlighted-text-wrap'> TrAIners<\/span> Piattaforma di formazione aperta\n        <\/h2>\n\n          <div class=\"vizion-title-desc\">Uno spazio aperto e innovativo volto alla formazione di istruttori di Formazione Professionale Continua per affrontare le sfide etiche dell&#8217;integrazione dell&#8217;IA nei processi di apprendimento. Attraverso metodologie attive e risorse pratiche, offre un&#8217;esperienza unica per imparare a utilizzare l&#8217;IA in modo etico, inclusivo e sostenibile. I moduli sono progettati per sviluppare il pensiero critico, esplorare nuovi modi di insegnare attraverso l&#8217;intelligenza artificiale e guidare i processi di cambiamento verso uno sviluppo professionale pi\u00f9 umano, equo e responsabile.<\/div>\n    <\/div>\n\n    \t\t\t\t<\/div>\n\t\t\t\t<\/div>\n\t\t\t\t\t<\/div>\n\t\t\t\t<\/div>\n\t\t<div class=\"elementor-element elementor-element-d72821c e-flex e-con-boxed elementor-invisible e-con e-child\" data-id=\"d72821c\" data-element_type=\"container\" data-settings=\"{&quot;animation&quot;:&quot;fadeInUp&quot;}\">\n\t\t\t\t\t<div class=\"e-con-inner\">\n\t\t<div class=\"elementor-element elementor-element-6724b1f e-con-full e-flex e-con e-child\" data-id=\"6724b1f\" data-element_type=\"container\" id=\"training-platform-links\">\n\t\t<div class=\"elementor-element elementor-element-ce7c207 e-con-full e-flex e-con e-child\" data-id=\"ce7c207\" data-element_type=\"container\">\n\t\t\t\t<div class=\"hf-elementor-layout elementor-element elementor-element-8463e0f elementor-widget elementor-widget-iqonic_button\" data-id=\"8463e0f\" data-element_type=\"widget\" data-widget_type=\"iqonic_button.default\">\n\t\t\t\t<div class=\"elementor-widget-container\">\n\t\t\t\t\t\n    <div class=\"vizion-btn-container\">\n\n        <a class=\"vizion-button\">\n                             <span class=\"text-btn\">Qui puoi accedere al corso in versione PDF                            <span class=\"vizion-icon-right\">\n                                <svg width=\"8\" height=\"14\" viewBox=\"0 0 8 14\" fill=\"none\" xmlns=\"http:\/\/www.w3.org\/2000\/svg\">\n                                    <path d=\"M1.04999 0.975414L7.09999 6.99941L1.04999 13.0244\" stroke=\"white\" stroke-width=\"1.5\" stroke-linecap=\"round\" stroke-linejoin=\"round\"\/>\n                                <\/svg>\n                            <\/span>                 <\/span>         <\/a>\n\n    <\/div> \n  \t\t\t\t<\/div>\n\t\t\t\t<\/div>\n\t\t\t\t<\/div>\n\t\t<div class=\"elementor-element elementor-element-e734a1e e-con-full e-flex e-con e-child\" data-id=\"e734a1e\" data-element_type=\"container\">\n\t\t\t\t<div class=\"hf-elementor-layout elementor-element elementor-element-a9e57f9 elementor-widget elementor-widget-iqonic_button\" data-id=\"a9e57f9\" data-element_type=\"widget\" data-widget_type=\"iqonic_button.default\">\n\t\t\t\t<div class=\"elementor-widget-container\">\n\t\t\t\t\t\n    <div class=\"vizion-btn-container\">\n\n        <a class=\"vizion-button\">\n                             <span class=\"text-btn\">Controllo puoi accedere al corso in versione SCORM                            <span class=\"vizion-icon-right\">\n                                <svg width=\"8\" height=\"14\" viewBox=\"0 0 8 14\" fill=\"none\" xmlns=\"http:\/\/www.w3.org\/2000\/svg\">\n                                    <path d=\"M1.04999 0.975414L7.09999 6.99941L1.04999 13.0244\" stroke=\"white\" stroke-width=\"1.5\" stroke-linecap=\"round\" stroke-linejoin=\"round\"\/>\n                                <\/svg>\n                            <\/span>                 <\/span>         <\/a>\n\n    <\/div> \n  \t\t\t\t<\/div>\n\t\t\t\t<\/div>\n\t\t\t\t<\/div>\n\t\t\t\t<\/div>\n\t\t\t\t\t<\/div>\n\t\t\t\t<\/div>\n\t\t\t\t<\/div>\n\t\t<div class=\"elementor-element elementor-element-d3c654c e-con-full e-flex e-con e-parent\" data-id=\"d3c654c\" data-element_type=\"container\">\n\t\t<div class=\"elementor-element elementor-element-618cda9 e-flex e-con-boxed elementor-invisible e-con e-child\" data-id=\"618cda9\" data-element_type=\"container\" data-settings=\"{&quot;animation&quot;:&quot;fadeInUp&quot;}\">\n\t\t\t\t\t<div class=\"e-con-inner\">\n\t\t<div class=\"elementor-element elementor-element-941c521 e-con-full e-flex e-con e-child\" data-id=\"941c521\" data-element_type=\"container\">\n\t\t\t\t<div class=\"hf-elementor-layout elementor-element elementor-element-55eb7f4 elementor-widget elementor-widget-image\" data-id=\"55eb7f4\" data-element_type=\"widget\" data-widget_type=\"image.default\">\n\t\t\t\t\t\t\t\t\t\t\t\t\t\t\t<img decoding=\"async\" src=\"https:\/\/inclusivetrainers.eu\/wp-content\/uploads\/2021\/12\/vizion-edu-about-1.png\" title=\"vizion-edu-about-1\" alt=\"vizion-edu-about-1\" loading=\"lazy\" \/>\t\t\t\t\t\t\t\t\t\t\t\t\t\t\t<\/div>\n\t\t\t\t<\/div>\n\t\t<div class=\"elementor-element elementor-element-3fb287f e-con-full e-flex e-con e-child\" data-id=\"3fb287f\" data-element_type=\"container\">\n\t\t\t\t<div class=\"hf-elementor-layout elementor-element elementor-element-86ea7dd elementor-widget elementor-widget-iqonic_title\" data-id=\"86ea7dd\" data-element_type=\"widget\" data-widget_type=\"iqonic_title.default\">\n\t\t\t\t<div class=\"elementor-widget-container\">\n\t\t\t\t\t\n    <div class=\" text-left vizion-title-box vizion-title-box-2 vizion-before-line\">\n        \n        <h2 class=\"vizion-title vizion-heading-title\">\n               <span class='highlighted-text-wrap'> Laboratorio<\/span> virtuale INclusive TrAIners\n        <\/h2>\n\n          <div class=\"vizion-title-desc\">Un ambiente di apprendimento in cui i partecipanti possono sperimentare, creare e riflettere sull&#8217;uso etico dell&#8217;IA nello sviluppo professionale continuo. Attraverso sfide, simulazioni e attivit\u00e0 pratiche, i partecipanti esplorano come applicare i principi di equit\u00e0, trasparenza e responsabilit\u00e0 attraverso l&#8217;intelligenza artificiale in scenari di apprendimento reali. Offre esperienze su misura per diversi profili ed esigenze formative, promuovendo l&#8217;inclusione dei gruppi vulnerabili e rafforzando il pensiero critico degli insegnanti.\n<\/div>\n    <\/div>\n\n    \t\t\t\t<\/div>\n\t\t\t\t<\/div>\n\t\t\t\t<\/div>\n\t\t\t\t\t<\/div>\n\t\t\t\t<\/div>\n\t\t\t\t<\/div>\n\t\t<div class=\"elementor-element elementor-element-78716fc e-con-full e-flex e-con e-parent\" data-id=\"78716fc\" data-element_type=\"container\">\n\t\t<div class=\"elementor-element elementor-element-f33d4fe e-flex e-con-boxed elementor-invisible e-con e-child\" data-id=\"f33d4fe\" data-element_type=\"container\" data-settings=\"{&quot;animation&quot;:&quot;fadeInUp&quot;}\">\n\t\t\t\t\t<div class=\"e-con-inner\">\n\t\t<div class=\"elementor-element elementor-element-b4f82e7 e-con-full e-flex e-con e-child\" data-id=\"b4f82e7\" data-element_type=\"container\">\n\t\t\t\t<div class=\"hf-elementor-layout elementor-element elementor-element-421fd60 elementor-widget elementor-widget-iqonic_title\" data-id=\"421fd60\" data-element_type=\"widget\" data-widget_type=\"iqonic_title.default\">\n\t\t\t\t<div class=\"elementor-widget-container\">\n\t\t\t\t\t\n    <div class=\" text-left vizion-title-box vizion-title-box-2 vizion-before-line\">\n        \n        <h2 class=\"vizion-title vizion-heading-title\">\n               <span class='highlighted-text-wrap'> Banca delle<\/span> risorse AI di INclusive TrAIners\n        <\/h2>\n\n          <div class=\"vizion-title-desc\">Un repository digitale che riunisce strumenti di Intelligenza Artificiale generativa utilizzabili in tutte le fasi del processo formativo. Questa risorsa \u00e8 progettata per supportare gli insegnanti nella personalizzazione dell&#8217;apprendimento, nella valutazione delle competenze e nella creazione di percorsi formativi pi\u00f9 inclusivi ed etici, con particolare attenzione alle fasce pi\u00f9 vulnerabili.<\/div>\n    <\/div>\n\n    \t\t\t\t<\/div>\n\t\t\t\t<\/div>\n\t\t\t\t<\/div>\n\t\t<div class=\"elementor-element elementor-element-56dbbcf e-con-full e-flex e-con e-child\" data-id=\"56dbbcf\" data-element_type=\"container\">\n\t\t\t\t<div class=\"hf-elementor-layout elementor-element elementor-element-3c90d10 elementor-widget elementor-widget-image\" data-id=\"3c90d10\" data-element_type=\"widget\" data-widget_type=\"image.default\">\n\t\t\t\t\t\t\t\t\t\t\t\t\t\t\t<img decoding=\"async\" src=\"https:\/\/inclusivetrainers.eu\/wp-content\/uploads\/2023\/02\/image.png\" title=\"image\" alt=\"image\" loading=\"lazy\" \/>\t\t\t\t\t\t\t\t\t\t\t\t\t\t\t<\/div>\n\t\t\t\t<\/div>\n\t\t\t\t\t<\/div>\n\t\t\t\t<\/div>\n\t\t\t\t<\/div>\n\t\t\t\t<\/div>\n\t\t","protected":false},"excerpt":{"rendered":"<p>Le risorse formative INclusive TrAIners Risultati Le risorse di formazione di INclusive TrAIners sono sviluppate sotto una licenza Creative Commons, il che significa che sono aperte e completamente gratuite, sviluppate in versioni modificabili e riutilizzabili. Queste risorse possono essere utilizzate insieme o in modo indipendente e includono guide per l&#8217;utente, che ne facilitano l&#8217;implementazione in [&hellip;]<\/p>\n","protected":false},"author":1,"featured_media":0,"parent":0,"menu_order":0,"comment_status":"closed","ping_status":"closed","template":"","meta":{"_acf_changed":false,"footnotes":""},"class_list":["post-24004","page","type-page","status-publish","hentry"],"acf":[],"_links":{"self":[{"href":"https:\/\/inclusivetrainers.eu\/it\/wp-json\/wp\/v2\/pages\/24004","targetHints":{"allow":["GET"]}}],"collection":[{"href":"https:\/\/inclusivetrainers.eu\/it\/wp-json\/wp\/v2\/pages"}],"about":[{"href":"https:\/\/inclusivetrainers.eu\/it\/wp-json\/wp\/v2\/types\/page"}],"author":[{"embeddable":true,"href":"https:\/\/inclusivetrainers.eu\/it\/wp-json\/wp\/v2\/users\/1"}],"replies":[{"embeddable":true,"href":"https:\/\/inclusivetrainers.eu\/it\/wp-json\/wp\/v2\/comments?post=24004"}],"version-history":[{"count":4,"href":"https:\/\/inclusivetrainers.eu\/it\/wp-json\/wp\/v2\/pages\/24004\/revisions"}],"predecessor-version":[{"id":24035,"href":"https:\/\/inclusivetrainers.eu\/it\/wp-json\/wp\/v2\/pages\/24004\/revisions\/24035"}],"wp:attachment":[{"href":"https:\/\/inclusivetrainers.eu\/it\/wp-json\/wp\/v2\/media?parent=24004"}],"curies":[{"name":"wp","href":"https:\/\/api.w.org\/{rel}","templated":true}]}}