{"id":23879,"date":"2025-11-05T13:26:12","date_gmt":"2025-11-05T12:26:12","guid":{"rendered":"https:\/\/inclusivetrainers.eu\/about-the-project\/"},"modified":"2025-11-20T10:03:29","modified_gmt":"2025-11-20T09:03:29","slug":"about-the-project","status":"publish","type":"page","link":"https:\/\/inclusivetrainers.eu\/pl\/about-the-project\/","title":{"rendered":"O Projeckie"},"content":{"rendered":"\t\t<div data-elementor-type=\"wp-page\" data-elementor-id=\"23879\" class=\"elementor elementor-23879 elementor-23600\">\n\t\t\t\t<div class=\"elementor-element elementor-element-d2c9001 e-con-full e-flex e-con e-parent\" data-id=\"d2c9001\" data-element_type=\"container\">\n\t\t<div class=\"elementor-element elementor-element-c9bc087 e-flex e-con-boxed e-con e-child\" data-id=\"c9bc087\" data-element_type=\"container\">\n\t\t\t\t\t<div class=\"e-con-inner\">\n\t\t<div class=\"elementor-element elementor-element-7fe1edc e-con-full e-flex e-con e-child\" data-id=\"7fe1edc\" data-element_type=\"container\">\n\t\t\t\t<div class=\"hf-elementor-layout elementor-element elementor-element-b837236 elementor-widget elementor-widget-iqonic_title\" data-id=\"b837236\" data-element_type=\"widget\" data-widget_type=\"iqonic_title.default\">\n\t\t\t\t<div class=\"elementor-widget-container\">\n\t\t\t\t\t\n    <div class=\" text-left vizion-title-box vizion-title-box-2 vizion-before-line\">\n        <div class=\"vizion-subtitle\">O nas<\/div>\n        <h2 class=\"vizion-title vizion-heading-title\">\n               Sztuczna inteligencja oferuje <span class='highlighted-text-wrap'> ogromny potencja\u0142 transformacji edukacji<\/span> i zatrudnienia\n        <\/h2>\n\n          <div class=\"vizion-title-desc\">Jednak jej wykorzystanie wi\u0105\u017ce si\u0119 r\u00f3wnie\u017c z wyzwaniami etycznymi, spo\u0142ecznymi i ludzkimi. Projekt INclusive TrAIners powsta\u0142 w odpowiedzi na wyra\u017an\u0105 potrzeb\u0119: szkolenia specjalist\u00f3w ds. ustawicznego kszta\u0142cenia zawodowego w zakresie etycznego i odpowiedzialnego wykorzystania sztucznej inteligencji.<\/div>\n    <\/div>\n\n    \t\t\t\t<\/div>\n\t\t\t\t<\/div>\n\t\t\t\t<\/div>\n\t\t<div class=\"elementor-element elementor-element-6f332a4 e-con-full e-flex e-con e-child\" data-id=\"6f332a4\" data-element_type=\"container\">\n\t\t\t\t<div class=\"hf-elementor-layout elementor-element elementor-element-78a6996 elementor-widget elementor-widget-image\" data-id=\"78a6996\" data-element_type=\"widget\" data-widget_type=\"image.default\">\n\t\t\t\t\t\t\t\t\t\t\t\t\t\t\t<img fetchpriority=\"high\" decoding=\"async\" width=\"396\" height=\"480\" src=\"https:\/\/inclusivetrainers.eu\/wp-content\/uploads\/2021\/12\/Data-Analysis-01-1-396x480.png\" class=\"attachment-vizion-elementor-featured size-vizion-elementor-featured wp-image-23904\" alt=\"\" sizes=\"100vw\" \/>\t\t\t\t\t\t\t\t\t\t\t\t\t\t\t<\/div>\n\t\t\t\t<\/div>\n\t\t\t\t\t<\/div>\n\t\t\t\t<\/div>\n\t\t\t\t<\/div>\n\t\t<div class=\"elementor-element elementor-element-1978530 e-con-full e-flex e-con e-parent\" data-id=\"1978530\" data-element_type=\"container\">\n\t\t<div class=\"elementor-element elementor-element-ee9fa8d e-flex e-con-boxed e-con e-child\" data-id=\"ee9fa8d\" data-element_type=\"container\">\n\t\t\t\t\t<div class=\"e-con-inner\">\n\t\t<div class=\"elementor-element elementor-element-ecd1f28 e-con-full e-flex e-con e-child\" data-id=\"ecd1f28\" data-element_type=\"container\">\n\t\t\t\t<div class=\"hf-elementor-layout elementor-element elementor-element-f2ff202 elementor-widget elementor-widget-iqonic_title\" data-id=\"f2ff202\" data-element_type=\"widget\" data-widget_type=\"iqonic_title.default\">\n\t\t\t\t<div class=\"elementor-widget-container\">\n\t\t\t\t\t\n    <div class=\" text-left vizion-title-box vizion-title-box-2 vizion-before-line\">\n        \n        <h2 class=\"vizion-title vizion-heading-title\">\n               Nasze <span class='highlighted-text-wrap'> cele:<\/span>\n        <\/h2>\n\n          \n    <\/div>\n\n    \t\t\t\t<\/div>\n\t\t\t\t<\/div>\n\t\t<div class=\"elementor-element elementor-element-5ad7d65 e-flex e-con-boxed e-con e-child\" data-id=\"5ad7d65\" data-element_type=\"container\">\n\t\t\t\t\t<div class=\"e-con-inner\">\n\t\t<div class=\"elementor-element elementor-element-f48975e e-con-full e-flex e-con e-child\" data-id=\"f48975e\" data-element_type=\"container\">\n\t\t\t\t<div class=\"hf-elementor-layout elementor-element elementor-element-a641e11 elementor-view-default elementor-widget elementor-widget-icon\" data-id=\"a641e11\" data-element_type=\"widget\" data-widget_type=\"icon.default\">\n\t\t\t\t\t\t\t<div class=\"elementor-icon-wrapper\">\n\t\t\t<div class=\"elementor-icon\">\n\t\t\t<i aria-hidden=\"true\" class=\"fas fa-brain\"><\/i>\t\t\t<\/div>\n\t\t<\/div>\n\t\t\t\t\t\t<\/div>\n\t\t\t\t<div class=\"hf-elementor-layout elementor-element elementor-element-1ce6819 elementor-widget elementor-widget-text-editor\" data-id=\"1ce6819\" data-element_type=\"widget\" data-widget_type=\"text-editor.default\">\n\t\t\t\t\t\t\t\t\t<p style=\"text-align: center;\">Przeszkolenie trener\u00f3w w zakresie etycznego i odpowiedzialnego wykorzystania sztucznej inteligencji.<\/p>\t\t\t\t\t\t\t\t<\/div>\n\t\t\t\t<\/div>\n\t\t<div class=\"elementor-element elementor-element-4b00eca e-con-full e-flex e-con e-child\" data-id=\"4b00eca\" data-element_type=\"container\">\n\t\t\t\t<div class=\"hf-elementor-layout elementor-element elementor-element-4b27a31 elementor-view-default elementor-widget elementor-widget-icon\" data-id=\"4b27a31\" data-element_type=\"widget\" data-widget_type=\"icon.default\">\n\t\t\t\t\t\t\t<div class=\"elementor-icon-wrapper\">\n\t\t\t<div class=\"elementor-icon\">\n\t\t\t<i aria-hidden=\"true\" class=\"fas fa-people-arrows\"><\/i>\t\t\t<\/div>\n\t\t<\/div>\n\t\t\t\t\t\t<\/div>\n\t\t\t\t<div class=\"hf-elementor-layout elementor-element elementor-element-0ec78e4 elementor-widget elementor-widget-text-editor\" data-id=\"0ec78e4\" data-element_type=\"widget\" data-widget_type=\"text-editor.default\">\n\t\t\t\t\t\t\t\t\t<p style=\"text-align: center;\">Zapewnienie, aby cyfryzacja w ustawicznym kszta\u0142ceniu zawodowym by\u0142a integracyjna, sprawiedliwa i zorientowana na cz\u0142owieka.<\/p>\t\t\t\t\t\t\t\t<\/div>\n\t\t\t\t<\/div>\n\t\t<div class=\"elementor-element elementor-element-5d65863 e-con-full e-flex e-con e-child\" data-id=\"5d65863\" data-element_type=\"container\">\n\t\t\t\t<div class=\"hf-elementor-layout elementor-element elementor-element-1663812 elementor-view-default elementor-widget elementor-widget-icon\" data-id=\"1663812\" data-element_type=\"widget\" data-widget_type=\"icon.default\">\n\t\t\t\t\t\t\t<div class=\"elementor-icon-wrapper\">\n\t\t\t<div class=\"elementor-icon\">\n\t\t\t<i aria-hidden=\"true\" class=\"fas fa-book\"><\/i>\t\t\t<\/div>\n\t\t<\/div>\n\t\t\t\t\t\t<\/div>\n\t\t\t\t<div class=\"hf-elementor-layout elementor-element elementor-element-c1ee10b elementor-widget elementor-widget-text-editor\" data-id=\"c1ee10b\" data-element_type=\"widget\" data-widget_type=\"text-editor.default\">\n\t\t\t\t\t\t\t\t\t<p style=\"text-align: center;\">Stworzenie praktycznych zasob\u00f3w wspieraj\u0105cych nauk\u0119 i doradztwo zawodowe w \u015brodowiskach cyfrowych.<\/p>\t\t\t\t\t\t\t\t<\/div>\n\t\t\t\t<\/div>\n\t\t<div class=\"elementor-element elementor-element-f6face0 e-con-full e-flex e-con e-child\" data-id=\"f6face0\" data-element_type=\"container\">\n\t\t\t\t<div class=\"hf-elementor-layout elementor-element elementor-element-d37d7e1 elementor-view-default elementor-widget elementor-widget-icon\" data-id=\"d37d7e1\" data-element_type=\"widget\" data-widget_type=\"icon.default\">\n\t\t\t\t\t\t\t<div class=\"elementor-icon-wrapper\">\n\t\t\t<div class=\"elementor-icon\">\n\t\t\t<i aria-hidden=\"true\" class=\"far fa-lightbulb\"><\/i>\t\t\t<\/div>\n\t\t<\/div>\n\t\t\t\t\t\t<\/div>\n\t\t\t\t<div class=\"hf-elementor-layout elementor-element elementor-element-108e37c elementor-widget elementor-widget-text-editor\" data-id=\"108e37c\" data-element_type=\"widget\" data-widget_type=\"text-editor.default\">\n\t\t\t\t\t\t\t\t\t<p style=\"text-align: center;\">Wzmocnienie europejskich sieci innowacji w dziedzinie edukacji i szkole\u0144.<\/p>\t\t\t\t\t\t\t\t<\/div>\n\t\t\t\t<\/div>\n\t\t\t\t\t<\/div>\n\t\t\t\t<\/div>\n\t\t\t\t<\/div>\n\t\t\t\t\t<\/div>\n\t\t\t\t<\/div>\n\t\t\t\t<\/div>\n\t\t<div class=\"elementor-element elementor-element-dfb839c e-con-full e-flex e-con e-parent\" data-id=\"dfb839c\" data-element_type=\"container\">\n\t\t<div class=\"elementor-element elementor-element-26eb9ff e-flex e-con-boxed e-con e-child\" data-id=\"26eb9ff\" data-element_type=\"container\">\n\t\t\t\t\t<div class=\"e-con-inner\">\n\t\t<div class=\"elementor-element elementor-element-26b9373 e-con-full e-flex e-con e-child\" data-id=\"26b9373\" data-element_type=\"container\">\n\t\t<div class=\"elementor-element elementor-element-0df5bed e-con-full e-flex e-con e-child\" data-id=\"0df5bed\" data-element_type=\"container\">\n\t\t\t\t<div class=\"hf-elementor-layout elementor-element elementor-element-5cfa657 elementor-widget elementor-widget-heading\" data-id=\"5cfa657\" data-element_type=\"widget\" data-widget_type=\"heading.default\">\n\t\t\t\t\t<h4 class=\"elementor-heading-title elementor-size-default\">\nPoniewa\u017c przysz\u0142o\u015b\u0107 edukacji jest cyfrowa...\n...ale musi by\u0107 r\u00f3wnie\u017c etyczna, integracyjna i skoncentrowana na cz\u0142owieku.\nW tym celu opracowujemy innowacyjne zasoby maj\u0105ce na celu<\/h4>\t\t\t\t<\/div>\n\t\t\t\t<\/div>\n\t\t<div class=\"elementor-element elementor-element-8be5acd e-con-full e-flex e-con e-child\" data-id=\"8be5acd\" data-element_type=\"container\">\n\t\t<div class=\"elementor-element elementor-element-c55e720 e-con-full e-flex e-con e-child\" data-id=\"c55e720\" data-element_type=\"container\">\n\t\t\t\t<div class=\"hf-elementor-layout elementor-element elementor-element-0261b1f elementor-view-default elementor-widget elementor-widget-icon\" data-id=\"0261b1f\" data-element_type=\"widget\" data-widget_type=\"icon.default\">\n\t\t\t\t\t\t\t<div class=\"elementor-icon-wrapper\">\n\t\t\t<div class=\"elementor-icon\">\n\t\t\t<i aria-hidden=\"true\" class=\"fas fa-balance-scale\"><\/i>\t\t\t<\/div>\n\t\t<\/div>\n\t\t\t\t\t\t<\/div>\n\t\t\t\t<div class=\"hf-elementor-layout elementor-element elementor-element-06e26aa elementor-widget elementor-widget-text-editor\" data-id=\"06e26aa\" data-element_type=\"widget\" data-widget_type=\"text-editor.default\">\n\t\t\t\t\t\t\t\t\t<p style=\"text-align: center;\">Zrozumienie zasad etycznych, kt\u00f3re s\u0105 zwi\u0105zane z wykorzystaniem sztucznej inteligencji w procesie nauczania i uczenia si\u0119.<\/p>\t\t\t\t\t\t\t\t<\/div>\n\t\t\t\t<\/div>\n\t\t<div class=\"elementor-element elementor-element-72dedd5 e-con-full e-flex e-con e-child\" data-id=\"72dedd5\" data-element_type=\"container\">\n\t\t\t\t<div class=\"hf-elementor-layout elementor-element elementor-element-1f2e408 elementor-view-default elementor-widget elementor-widget-icon\" data-id=\"1f2e408\" data-element_type=\"widget\" data-widget_type=\"icon.default\">\n\t\t\t\t\t\t\t<div class=\"elementor-icon-wrapper\">\n\t\t\t<div class=\"elementor-icon\">\n\t\t\t<i aria-hidden=\"true\" class=\"far fa-clock\"><\/i>\t\t\t<\/div>\n\t\t<\/div>\n\t\t\t\t\t\t<\/div>\n\t\t\t\t<div class=\"hf-elementor-layout elementor-element elementor-element-ab337e1 elementor-widget elementor-widget-text-editor\" data-id=\"ab337e1\" data-element_type=\"widget\" data-widget_type=\"text-editor.default\">\n\t\t\t\t\t\t\t\t\t<p style=\"text-align: center;\">Opracowanie program\u00f3w szkoleniowych, kt\u00f3re wykorzystuj\u0105 potencja\u0142 sztucznej inteligencji, nie trac\u0105c z oczu aspekt\u00f3w etycznych.<\/p>\t\t\t\t\t\t\t\t<\/div>\n\t\t\t\t<\/div>\n\t\t<div class=\"elementor-element elementor-element-c5df16c e-con-full e-flex e-con e-child\" data-id=\"c5df16c\" data-element_type=\"container\">\n\t\t\t\t<div class=\"hf-elementor-layout elementor-element elementor-element-70fd2a9 elementor-view-default elementor-widget elementor-widget-icon\" data-id=\"70fd2a9\" data-element_type=\"widget\" data-widget_type=\"icon.default\">\n\t\t\t\t\t\t\t<div class=\"elementor-icon-wrapper\">\n\t\t\t<div class=\"elementor-icon\">\n\t\t\t<i aria-hidden=\"true\" class=\"fas fa-shield-alt\"><\/i>\t\t\t<\/div>\n\t\t<\/div>\n\t\t\t\t\t\t<\/div>\n\t\t\t\t<div class=\"hf-elementor-layout elementor-element elementor-element-598b816 elementor-widget elementor-widget-text-editor\" data-id=\"598b816\" data-element_type=\"widget\" data-widget_type=\"text-editor.default\">\n\t\t\t\t\t\t\t\t\t<p style=\"text-align: center;\">Unikanie uprzedze\u0144 i nier\u00f3wno\u015bci wynikaj\u0105cych z wykorzystania algorytm\u00f3w lub automatyzacji.<\/p>\t\t\t\t\t\t\t\t<\/div>\n\t\t\t\t<\/div>\n\t\t<div class=\"elementor-element elementor-element-16c1a6a e-con-full e-flex e-con e-child\" data-id=\"16c1a6a\" data-element_type=\"container\">\n\t\t\t\t<div class=\"hf-elementor-layout elementor-element elementor-element-ef59c16 elementor-view-default elementor-widget elementor-widget-icon\" data-id=\"ef59c16\" data-element_type=\"widget\" data-widget_type=\"icon.default\">\n\t\t\t\t\t\t\t<div class=\"elementor-icon-wrapper\">\n\t\t\t<div class=\"elementor-icon\">\n\t\t\t<i aria-hidden=\"true\" class=\"fas fa-search\"><\/i>\t\t\t<\/div>\n\t\t<\/div>\n\t\t\t\t\t\t<\/div>\n\t\t\t\t<div class=\"hf-elementor-layout elementor-element elementor-element-fff3084 elementor-widget elementor-widget-text-editor\" data-id=\"fff3084\" data-element_type=\"widget\" data-widget_type=\"text-editor.default\">\n\t\t\t\t\t\t\t\t\t<p style=\"text-align: center;\">Promowanie szkole\u0144 skoncentrowanych na integracji, przejrzysto\u015bci i r\u00f3wno\u015bci.<\/p>\t\t\t\t\t\t\t\t<\/div>\n\t\t\t\t<\/div>\n\t\t\t\t<\/div>\n\t\t\t\t<\/div>\n\t\t\t\t\t<\/div>\n\t\t\t\t<\/div>\n\t\t\t\t<\/div>\n\t\t\t\t<\/div>\n\t\t","protected":false},"excerpt":{"rendered":"<p>O nas Sztuczna inteligencja oferuje ogromny potencja\u0142 transformacji edukacji i zatrudnienia Jednak jej wykorzystanie wi\u0105\u017ce si\u0119 r\u00f3wnie\u017c z wyzwaniami etycznymi, spo\u0142ecznymi i ludzkimi. Projekt INclusive TrAIners powsta\u0142 w odpowiedzi na wyra\u017an\u0105 potrzeb\u0119: szkolenia specjalist\u00f3w ds. ustawicznego kszta\u0142cenia zawodowego w zakresie etycznego i odpowiedzialnego wykorzystania sztucznej inteligencji. Nasze cele: Przeszkolenie trener\u00f3w w zakresie etycznego i odpowiedzialnego [&hellip;]<\/p>\n","protected":false},"author":1,"featured_media":0,"parent":0,"menu_order":0,"comment_status":"closed","ping_status":"closed","template":"","meta":{"_acf_changed":false,"footnotes":""},"class_list":["post-23879","page","type-page","status-publish","hentry"],"acf":[],"_links":{"self":[{"href":"https:\/\/inclusivetrainers.eu\/pl\/wp-json\/wp\/v2\/pages\/23879","targetHints":{"allow":["GET"]}}],"collection":[{"href":"https:\/\/inclusivetrainers.eu\/pl\/wp-json\/wp\/v2\/pages"}],"about":[{"href":"https:\/\/inclusivetrainers.eu\/pl\/wp-json\/wp\/v2\/types\/page"}],"author":[{"embeddable":true,"href":"https:\/\/inclusivetrainers.eu\/pl\/wp-json\/wp\/v2\/users\/1"}],"replies":[{"embeddable":true,"href":"https:\/\/inclusivetrainers.eu\/pl\/wp-json\/wp\/v2\/comments?post=23879"}],"version-history":[{"count":4,"href":"https:\/\/inclusivetrainers.eu\/pl\/wp-json\/wp\/v2\/pages\/23879\/revisions"}],"predecessor-version":[{"id":23908,"href":"https:\/\/inclusivetrainers.eu\/pl\/wp-json\/wp\/v2\/pages\/23879\/revisions\/23908"}],"wp:attachment":[{"href":"https:\/\/inclusivetrainers.eu\/pl\/wp-json\/wp\/v2\/media?parent=23879"}],"curies":[{"name":"wp","href":"https:\/\/api.w.org\/{rel}","templated":true}]}}