{"id":24006,"date":"2025-11-10T12:18:32","date_gmt":"2025-11-10T11:18:32","guid":{"rendered":"https:\/\/inclusivetrainers.eu\/results\/"},"modified":"2025-11-20T10:38:17","modified_gmt":"2025-11-20T09:38:17","slug":"results","status":"publish","type":"page","link":"https:\/\/inclusivetrainers.eu\/pl\/results\/","title":{"rendered":"Rezultaty"},"content":{"rendered":"\t\t<div data-elementor-type=\"wp-page\" data-elementor-id=\"24006\" class=\"elementor elementor-24006 elementor-23769\">\n\t\t\t\t<div class=\"elementor-element elementor-element-586b224 e-con-full e-flex e-con e-parent\" data-id=\"586b224\" data-element_type=\"container\">\n\t\t<div class=\"elementor-element elementor-element-3132c61 e-flex e-con-boxed e-con e-child\" data-id=\"3132c61\" data-element_type=\"container\">\n\t\t\t\t\t<div class=\"e-con-inner\">\n\t\t<div class=\"elementor-element elementor-element-380c9bf e-flex e-con-boxed e-con e-child\" data-id=\"380c9bf\" data-element_type=\"container\">\n\t\t\t\t\t<div class=\"e-con-inner\">\n\t\t\t\t<div class=\"hf-elementor-layout elementor-element elementor-element-1516847 elementor-widget elementor-widget-image\" data-id=\"1516847\" data-element_type=\"widget\" data-widget_type=\"image.default\">\n\t\t\t\t\t\t\t\t\t\t\t\t\t\t\t<img fetchpriority=\"high\" decoding=\"async\" width=\"600\" height=\"600\" src=\"https:\/\/inclusivetrainers.eu\/wp-content\/uploads\/revslider\/security\/04-11.png\" class=\"attachment-large size-large wp-image-24036\" alt=\"\" srcset=\"https:\/\/inclusivetrainers.eu\/wp-content\/uploads\/revslider\/security\/04-11.png 600w, https:\/\/inclusivetrainers.eu\/wp-content\/uploads\/revslider\/security\/04-11-300x300.png 300w, https:\/\/inclusivetrainers.eu\/wp-content\/uploads\/revslider\/security\/04-11-150x150.png 150w, https:\/\/inclusivetrainers.eu\/wp-content\/uploads\/revslider\/security\/04-11-100x100.png 100w\" sizes=\"100vw\" \/>\t\t\t\t\t\t\t\t\t\t\t\t\t\t\t<\/div>\n\t\t\t\t\t<\/div>\n\t\t\t\t<\/div>\n\t\t<div class=\"elementor-element elementor-element-47c97ab e-con-full e-flex e-con e-child\" data-id=\"47c97ab\" data-element_type=\"container\">\n\t\t\t\t<div class=\"hf-elementor-layout elementor-element elementor-element-07e8b1a elementor-widget elementor-widget-iqonic_title\" data-id=\"07e8b1a\" data-element_type=\"widget\" data-widget_type=\"iqonic_title.default\">\n\t\t\t\t<div class=\"elementor-widget-container\">\n\t\t\t\t\t\n    <div class=\" text-left vizion-title-box vizion-title-box-2 vizion-before-line\">\n        <div class=\"vizion-subtitle\">Materia\u0142y szkoleniowe INclusive TrAIners<\/div>\n        <h2 class=\"vizion-title vizion-heading-title\">\n               <span class='highlighted-text-wrap'> Rezultaty<\/span>\n        <\/h2>\n\n          <div class=\"vizion-title-desc\">Materia\u0142y szkoleniowe INclusive TrAIners opracowane na licencji Creative Commons, co oznacza, \u017ce s\u0105 one otwarte i ca\u0142kowicie bezp\u0142atne, a tak\u017ce dost\u0119pne w wersjach edytowalnych i wielokrotnego u\u017cytku.\n\nMateria\u0142y te mo\u017cna wykorzystywa\u0107 \u0142\u0105cznie lub niezale\u017cnie od siebie. Zawieraj\u0105 one przewodniki u\u017cytkownika, kt\u00f3re u\u0142atwiaj\u0105 ich wdra\u017canie w r\u00f3\u017cnych \u015brodowiskach i kontekstach edukacyjnych.<\/div>\n    <\/div>\n\n    \t\t\t\t<\/div>\n\t\t\t\t<\/div>\n\t\t\t\t<\/div>\n\t\t\t\t\t<\/div>\n\t\t\t\t<\/div>\n\t\t\t\t<\/div>\n\t\t<div class=\"elementor-element elementor-element-12c7c9b e-con-full e-flex e-con e-parent\" data-id=\"12c7c9b\" data-element_type=\"container\">\n\t\t<div class=\"elementor-element elementor-element-1fc4a43 e-flex e-con-boxed e-con e-child\" data-id=\"1fc4a43\" data-element_type=\"container\">\n\t\t\t\t\t<div class=\"e-con-inner\">\n\t\t\t\t<div class=\"hf-elementor-layout elementor-element elementor-element-6f5aeea elementor-widget elementor-widget-iqonic_title\" data-id=\"6f5aeea\" data-element_type=\"widget\" data-widget_type=\"iqonic_title.default\">\n\t\t\t\t<div class=\"elementor-widget-container\">\n\t\t\t\t\t\n    <div class=\" text-left vizion-title-box vizion-title-box-2 vizion-before-line\">\n        \n        <h2 class=\"vizion-title vizion-heading-title\">\n               Otwarta <span class='highlighted-text-wrap'> platforma<\/span> szkoleniowa INclusive TrAIners\n        <\/h2>\n\n          <div class=\"vizion-title-desc\">Otwarta i innowacyjna przestrze\u0144 przeznaczona do szkolenia instruktor\u00f3w ds. ustawicznego kszta\u0142cenia zawodowego w zakresie wyzwa\u0144 etycznych zwi\u0105zanych z w\u0142\u0105czaniem sztucznej inteligencji do proces\u00f3w uczenia si\u0119. Dzi\u0119ki aktywnym metodologiom i praktycznym zasobom oferuje ona wyj\u0105tkowe do\u015bwiadczenie w zakresie nauki etycznego, integracyjnego i zr\u00f3wnowa\u017conego wykorzystania sztucznej inteligencji.\nModu\u0142y maj\u0105 na celu rozwijanie krytycznego my\u015blenia, odkrywanie nowych sposob\u00f3w nauczania z wykorzystaniem sztucznej inteligencji oraz kierowanie procesami zmian w kierunku bardziej humanitarnego, sprawiedliwego i odpowiedzialnego rozwoju zawodowego.<\/div>\n    <\/div>\n\n    \t\t\t\t<\/div>\n\t\t\t\t<\/div>\n\t\t\t\t\t<\/div>\n\t\t\t\t<\/div>\n\t\t<div class=\"elementor-element elementor-element-d72821c e-flex e-con-boxed elementor-invisible e-con e-child\" data-id=\"d72821c\" data-element_type=\"container\" data-settings=\"{&quot;animation&quot;:&quot;fadeInUp&quot;}\">\n\t\t\t\t\t<div class=\"e-con-inner\">\n\t\t<div class=\"elementor-element elementor-element-6724b1f e-con-full e-flex e-con e-child\" data-id=\"6724b1f\" data-element_type=\"container\" id=\"training-platform-links\">\n\t\t<div class=\"elementor-element elementor-element-ce7c207 e-con-full e-flex e-con e-child\" data-id=\"ce7c207\" data-element_type=\"container\">\n\t\t\t\t<div class=\"hf-elementor-layout elementor-element elementor-element-8463e0f elementor-widget elementor-widget-iqonic_button\" data-id=\"8463e0f\" data-element_type=\"widget\" data-widget_type=\"iqonic_button.default\">\n\t\t\t\t<div class=\"elementor-widget-container\">\n\t\t\t\t\t\n    <div class=\"vizion-btn-container\">\n\n        <a class=\"vizion-button\">\n                             <span class=\"text-btn\">Tutaj mo\u017cna uzyska\u0107 dost\u0119p do kursu w wersji PDF                            <span class=\"vizion-icon-right\">\n                                <svg width=\"8\" height=\"14\" viewBox=\"0 0 8 14\" fill=\"none\" xmlns=\"http:\/\/www.w3.org\/2000\/svg\">\n                                    <path d=\"M1.04999 0.975414L7.09999 6.99941L1.04999 13.0244\" stroke=\"white\" stroke-width=\"1.5\" stroke-linecap=\"round\" stroke-linejoin=\"round\"\/>\n                                <\/svg>\n                            <\/span>                 <\/span>         <\/a>\n\n    <\/div> \n  \t\t\t\t<\/div>\n\t\t\t\t<\/div>\n\t\t\t\t<\/div>\n\t\t<div class=\"elementor-element elementor-element-e734a1e e-con-full e-flex e-con e-child\" data-id=\"e734a1e\" data-element_type=\"container\">\n\t\t\t\t<div class=\"hf-elementor-layout elementor-element elementor-element-a9e57f9 elementor-widget elementor-widget-iqonic_button\" data-id=\"a9e57f9\" data-element_type=\"widget\" data-widget_type=\"iqonic_button.default\">\n\t\t\t\t<div class=\"elementor-widget-container\">\n\t\t\t\t\t\n    <div class=\"vizion-btn-container\">\n\n        <a class=\"vizion-button\">\n                             <span class=\"text-btn\">Tutaj mo\u017cna uzyska\u0107 dost\u0119p do kursu w wersji SCORM                            <span class=\"vizion-icon-right\">\n                                <svg width=\"8\" height=\"14\" viewBox=\"0 0 8 14\" fill=\"none\" xmlns=\"http:\/\/www.w3.org\/2000\/svg\">\n                                    <path d=\"M1.04999 0.975414L7.09999 6.99941L1.04999 13.0244\" stroke=\"white\" stroke-width=\"1.5\" stroke-linecap=\"round\" stroke-linejoin=\"round\"\/>\n                                <\/svg>\n                            <\/span>                 <\/span>         <\/a>\n\n    <\/div> \n  \t\t\t\t<\/div>\n\t\t\t\t<\/div>\n\t\t\t\t<\/div>\n\t\t\t\t<\/div>\n\t\t\t\t\t<\/div>\n\t\t\t\t<\/div>\n\t\t\t\t<\/div>\n\t\t<div class=\"elementor-element elementor-element-d3c654c e-con-full e-flex e-con e-parent\" data-id=\"d3c654c\" data-element_type=\"container\">\n\t\t<div class=\"elementor-element elementor-element-618cda9 e-flex e-con-boxed elementor-invisible e-con e-child\" data-id=\"618cda9\" data-element_type=\"container\" data-settings=\"{&quot;animation&quot;:&quot;fadeInUp&quot;}\">\n\t\t\t\t\t<div class=\"e-con-inner\">\n\t\t<div class=\"elementor-element elementor-element-941c521 e-con-full e-flex e-con e-child\" data-id=\"941c521\" data-element_type=\"container\">\n\t\t\t\t<div class=\"hf-elementor-layout elementor-element elementor-element-55eb7f4 elementor-widget elementor-widget-image\" data-id=\"55eb7f4\" data-element_type=\"widget\" data-widget_type=\"image.default\">\n\t\t\t\t\t\t\t\t\t\t\t\t\t\t\t<img decoding=\"async\" src=\"https:\/\/inclusivetrainers.eu\/wp-content\/uploads\/2021\/12\/vizion-edu-about-1.png\" title=\"vizion-edu-about-1\" alt=\"vizion-edu-about-1\" loading=\"lazy\" \/>\t\t\t\t\t\t\t\t\t\t\t\t\t\t\t<\/div>\n\t\t\t\t<\/div>\n\t\t<div class=\"elementor-element elementor-element-3fb287f e-con-full e-flex e-con e-child\" data-id=\"3fb287f\" data-element_type=\"container\">\n\t\t\t\t<div class=\"hf-elementor-layout elementor-element elementor-element-86ea7dd elementor-widget elementor-widget-iqonic_title\" data-id=\"86ea7dd\" data-element_type=\"widget\" data-widget_type=\"iqonic_title.default\">\n\t\t\t\t<div class=\"elementor-widget-container\">\n\t\t\t\t\t\n    <div class=\" text-left vizion-title-box vizion-title-box-2 vizion-before-line\">\n        \n        <h2 class=\"vizion-title vizion-heading-title\">\n               <span class='highlighted-text-wrap'> Wirtualne<\/span> laboratorium INclusive TrAIners\n        <\/h2>\n\n          <div class=\"vizion-title-desc\">\u015arodowisko edukacyjne, w kt\u00f3rym uczestnicy mog\u0105 eksperymentowa\u0107, tworzy\u0107 i zastanawia\u0107 si\u0119 nad etycznym wykorzystaniem sztucznej inteligencji w ramach ustawicznego rozwoju zawodowego.\nPoprzez wyzwania, symulacje i praktyczne zadania uczestnicy odkrywaj\u0105, jak stosowa\u0107 zasady r\u00f3wno\u015bci, przejrzysto\u015bci i odpowiedzialno\u015bci za pomoc\u0105 sztucznej inteligencji w rzeczywistych scenariuszach edukacyjnych.\nOferuje do\u015bwiadczenia dostosowane do r\u00f3\u017cnych profili i potrzeb szkoleniowych, promuj\u0105c w\u0142\u0105czenie grup znajduj\u0105cych si\u0119 w trudnej sytuacji i wzmacniaj\u0105c krytyczne my\u015blenie trener\u00f3w.<\/div>\n    <\/div>\n\n    \t\t\t\t<\/div>\n\t\t\t\t<\/div>\n\t\t\t\t<\/div>\n\t\t\t\t\t<\/div>\n\t\t\t\t<\/div>\n\t\t\t\t<\/div>\n\t\t<div class=\"elementor-element elementor-element-78716fc e-con-full e-flex e-con e-parent\" data-id=\"78716fc\" data-element_type=\"container\">\n\t\t<div class=\"elementor-element elementor-element-f33d4fe e-flex e-con-boxed elementor-invisible e-con e-child\" data-id=\"f33d4fe\" data-element_type=\"container\" data-settings=\"{&quot;animation&quot;:&quot;fadeInUp&quot;}\">\n\t\t\t\t\t<div class=\"e-con-inner\">\n\t\t<div class=\"elementor-element elementor-element-b4f82e7 e-con-full e-flex e-con e-child\" data-id=\"b4f82e7\" data-element_type=\"container\">\n\t\t\t\t<div class=\"hf-elementor-layout elementor-element elementor-element-421fd60 elementor-widget elementor-widget-iqonic_title\" data-id=\"421fd60\" data-element_type=\"widget\" data-widget_type=\"iqonic_title.default\">\n\t\t\t\t<div class=\"elementor-widget-container\">\n\t\t\t\t\t\n    <div class=\" text-left vizion-title-box vizion-title-box-2 vizion-before-line\">\n        \n        <h2 class=\"vizion-title vizion-heading-title\">\n               <span class='highlighted-text-wrap'> Bank zasob\u00f3w<\/span> AI dla trener\u00f3w\n        <\/h2>\n\n          <div class=\"vizion-title-desc\">Cyfrowe repozytorium, kt\u00f3re gromadzi generatywne narz\u0119dzia sztucznej inteligencji, kt\u00f3re mog\u0105 by\u0107 wykorzystywane na wszystkich etapach procesu szkoleniowego. Zas\u00f3b ten ma na celu wspieranie trener\u00f3w w personalizacji nauczania, ocenie kompetencji oraz tworzeniu bardziej integracyjnych i etycznych \u015bcie\u017cek szkoleniowych, ze szczeg\u00f3lnym uwzgl\u0119dnieniem grup najbardziej wra\u017cliwych.<\/div>\n    <\/div>\n\n    \t\t\t\t<\/div>\n\t\t\t\t<\/div>\n\t\t\t\t<\/div>\n\t\t<div class=\"elementor-element elementor-element-56dbbcf e-con-full e-flex e-con e-child\" data-id=\"56dbbcf\" data-element_type=\"container\">\n\t\t\t\t<div class=\"hf-elementor-layout elementor-element elementor-element-3c90d10 elementor-widget elementor-widget-image\" data-id=\"3c90d10\" data-element_type=\"widget\" data-widget_type=\"image.default\">\n\t\t\t\t\t\t\t\t\t\t\t\t\t\t\t<img decoding=\"async\" src=\"https:\/\/inclusivetrainers.eu\/wp-content\/uploads\/2023\/02\/image.png\" title=\"image\" alt=\"image\" loading=\"lazy\" \/>\t\t\t\t\t\t\t\t\t\t\t\t\t\t\t<\/div>\n\t\t\t\t<\/div>\n\t\t\t\t\t<\/div>\n\t\t\t\t<\/div>\n\t\t\t\t<\/div>\n\t\t\t\t<\/div>\n\t\t","protected":false},"excerpt":{"rendered":"<p>Materia\u0142y szkoleniowe INclusive TrAIners Rezultaty Materia\u0142y szkoleniowe INclusive TrAIners opracowane na licencji Creative Commons, co oznacza, \u017ce s\u0105 one otwarte i ca\u0142kowicie bezp\u0142atne, a tak\u017ce dost\u0119pne w wersjach edytowalnych i wielokrotnego u\u017cytku. Materia\u0142y te mo\u017cna wykorzystywa\u0107 \u0142\u0105cznie lub niezale\u017cnie od siebie. Zawieraj\u0105 one przewodniki u\u017cytkownika, kt\u00f3re u\u0142atwiaj\u0105 ich wdra\u017canie w r\u00f3\u017cnych \u015brodowiskach i kontekstach edukacyjnych. [&hellip;]<\/p>\n","protected":false},"author":1,"featured_media":0,"parent":0,"menu_order":0,"comment_status":"closed","ping_status":"closed","template":"","meta":{"_acf_changed":false,"footnotes":""},"class_list":["post-24006","page","type-page","status-publish","hentry"],"acf":[],"_links":{"self":[{"href":"https:\/\/inclusivetrainers.eu\/pl\/wp-json\/wp\/v2\/pages\/24006","targetHints":{"allow":["GET"]}}],"collection":[{"href":"https:\/\/inclusivetrainers.eu\/pl\/wp-json\/wp\/v2\/pages"}],"about":[{"href":"https:\/\/inclusivetrainers.eu\/pl\/wp-json\/wp\/v2\/types\/page"}],"author":[{"embeddable":true,"href":"https:\/\/inclusivetrainers.eu\/pl\/wp-json\/wp\/v2\/users\/1"}],"replies":[{"embeddable":true,"href":"https:\/\/inclusivetrainers.eu\/pl\/wp-json\/wp\/v2\/comments?post=24006"}],"version-history":[{"count":4,"href":"https:\/\/inclusivetrainers.eu\/pl\/wp-json\/wp\/v2\/pages\/24006\/revisions"}],"predecessor-version":[{"id":24042,"href":"https:\/\/inclusivetrainers.eu\/pl\/wp-json\/wp\/v2\/pages\/24006\/revisions\/24042"}],"wp:attachment":[{"href":"https:\/\/inclusivetrainers.eu\/pl\/wp-json\/wp\/v2\/media?parent=24006"}],"curies":[{"name":"wp","href":"https:\/\/api.w.org\/{rel}","templated":true}]}}