{"id":24099,"date":"2025-11-07T08:42:13","date_gmt":"2025-11-07T07:42:13","guid":{"rendered":"https:\/\/inclusivetrainers.eu\/contact\/"},"modified":"2025-11-20T10:58:49","modified_gmt":"2025-11-20T09:58:49","slug":"contact","status":"publish","type":"page","link":"https:\/\/inclusivetrainers.eu\/pl\/contact\/","title":{"rendered":"Kontakt"},"content":{"rendered":"\t\t<div data-elementor-type=\"wp-page\" data-elementor-id=\"24099\" class=\"elementor elementor-24099 elementor-23700\">\n\t\t\t\t<div class=\"elementor-element elementor-element-f0ce811 e-con-full e-flex e-con e-parent\" data-id=\"f0ce811\" data-element_type=\"container\">\n\t\t<div class=\"elementor-element elementor-element-1a775a9 e-flex e-con-boxed e-con e-child\" data-id=\"1a775a9\" data-element_type=\"container\">\n\t\t\t\t\t<div class=\"e-con-inner\">\n\t\t<div class=\"elementor-element elementor-element-4608b0c e-con-full e-flex e-con e-child\" data-id=\"4608b0c\" data-element_type=\"container\">\n\t\t\t\t<div class=\"hf-elementor-layout elementor-element elementor-element-4baedd7 elementor-widget elementor-widget-text-editor\" data-id=\"4baedd7\" data-element_type=\"widget\" data-widget_type=\"text-editor.default\">\n\t\t\t\t\t\t\t\t\t<p>Je\u015bli pracujesz jako nauczyciel w dziedzinie ustawicznego kszta\u0142cenia zawodowego, je\u015bli pracujesz w instytucji zaanga\u017cowanej w bardziej integracyjne i odpowiedzialne szkolenia lub po prostu interesujesz si\u0119 tym tematem, INclusive TrAIners jest dla Ciebie.<br \/>\u0141\u0105cz\u0105c cele, zbudujemy now\u0105 kultur\u0119 edukacyjn\u0105, w kt\u00f3rej sztuczna inteligencja b\u0119dzie sprzymierze\u0144cem nauki, etyki i innowacji.<\/p>\t\t\t\t\t\t\t\t<\/div>\n\t\t\t\t<\/div>\n\t\t<div class=\"elementor-element elementor-element-17f9ca9 e-con-full e-flex e-con e-child\" data-id=\"17f9ca9\" data-element_type=\"container\">\n\t\t\t\t<div class=\"hf-elementor-layout elementor-element elementor-element-510a2a2 elementor-widget elementor-widget-shortcode\" data-id=\"510a2a2\" data-element_type=\"widget\" id=\"form-contact\" data-widget_type=\"shortcode.default\">\n\t\t\t\t\t\t\t<div class=\"elementor-shortcode\">\n<div class=\"wpcf7 no-js\" id=\"wpcf7-f24136-o1\" lang=\"pl-PL\" dir=\"ltr\" data-wpcf7-id=\"24136\">\n<div class=\"screen-reader-response\"><p role=\"status\" aria-live=\"polite\" aria-atomic=\"true\"><\/p> <ul><\/ul><\/div>\n<form action=\"\/pl\/wp-json\/wp\/v2\/pages\/24099#wpcf7-f24136-o1\" method=\"post\" class=\"wpcf7-form init\" aria-label=\"Formularz kontaktowy\" novalidate=\"novalidate\" data-status=\"init\">\n<fieldset class=\"hidden-fields-container\"><input type=\"hidden\" name=\"_wpcf7\" value=\"24136\" \/><input type=\"hidden\" name=\"_wpcf7_version\" value=\"6.1.4\" \/><input type=\"hidden\" name=\"_wpcf7_locale\" value=\"pl_PL\" \/><input type=\"hidden\" name=\"_wpcf7_unit_tag\" value=\"wpcf7-f24136-o1\" \/><input type=\"hidden\" name=\"_wpcf7_container_post\" value=\"0\" \/><input type=\"hidden\" name=\"_wpcf7_posted_data_hash\" value=\"\" \/><input type=\"hidden\" name=\"_wpcf7_recaptcha_response\" value=\"\" \/>\n<\/fieldset>\n<p><label> Your name<br \/>\n<span class=\"wpcf7-form-control-wrap\" data-name=\"your-name\"><input size=\"40\" maxlength=\"400\" class=\"wpcf7-form-control wpcf7-text wpcf7-validates-as-required\" aria-required=\"true\" aria-invalid=\"false\" value=\"\" type=\"text\" name=\"your-name\" \/><\/span> <\/label>\n<\/p>\n<p><label> Your email<br \/>\n<span class=\"wpcf7-form-control-wrap\" data-name=\"your-email\"><input size=\"40\" maxlength=\"400\" class=\"wpcf7-form-control wpcf7-email wpcf7-validates-as-required wpcf7-text wpcf7-validates-as-email\" aria-required=\"true\" aria-invalid=\"false\" value=\"\" type=\"email\" name=\"your-email\" \/><\/span> <\/label>\n<\/p>\n<p><label> Subject<br \/>\n<span class=\"wpcf7-form-control-wrap\" data-name=\"your-subject\"><input size=\"40\" maxlength=\"400\" class=\"wpcf7-form-control wpcf7-text wpcf7-validates-as-required\" aria-required=\"true\" aria-invalid=\"false\" value=\"\" type=\"text\" name=\"your-subject\" \/><\/span> <\/label>\n<\/p>\n<p><label> Your message (optional)<br \/>\n<span class=\"wpcf7-form-control-wrap\" data-name=\"your-message\"><textarea cols=\"40\" rows=\"10\" maxlength=\"2000\" class=\"wpcf7-form-control wpcf7-textarea\" aria-invalid=\"false\" name=\"your-message\"><\/textarea><\/span> <\/label>\n<\/p>\n<p><span class=\"wpcf7-form-control-wrap\" data-name=\"privacy-policy\"><span class=\"wpcf7-form-control wpcf7-acceptance optional\"><span class=\"wpcf7-list-item\"><label><input type=\"checkbox\" name=\"privacy-policy\" value=\"1\" aria-invalid=\"false\" \/><span class=\"wpcf7-list-item-label\">I have read and accept the Privacy Policy.<\/span><\/label><\/span><\/span><\/span>\n<\/p>\n<span class=\"wpcf7-form-control-wrap recaptcha\" data-name=\"recaptcha\"><span data-sitekey=\"6LfA5QcsAAAAAB2YpCmR0B8r7vXkbj1pAzjNFle-\" class=\"wpcf7-form-control wpcf7-recaptcha g-recaptcha\"><\/span>\r\n<noscript>\r\n\t<div class=\"grecaptcha-noscript\">\r\n\t\t<iframe src=\"https:\/\/www.google.com\/recaptcha\/api\/fallback?k=6LfA5QcsAAAAAB2YpCmR0B8r7vXkbj1pAzjNFle-\" frameborder=\"0\" scrolling=\"no\" width=\"310\" height=\"430\">\r\n\t\t<\/iframe>\r\n\t\t<textarea name=\"g-recaptcha-response\" rows=\"3\" cols=\"40\" placeholder=\"reCaptcha Response Here\">\r\n\t\t<\/textarea>\r\n\t<\/div>\r\n<\/noscript>\r\n<\/span>\n<p><input class=\"wpcf7-form-control wpcf7-submit has-spinner\" type=\"submit\" value=\"Submit\" \/>\n<\/p><div class=\"wpcf7-response-output\" aria-hidden=\"true\"><\/div>\n<\/form>\n<\/div>\n<\/div>\n\t\t\t\t\t\t<\/div>\n\t\t\t\t<\/div>\n\t\t<div class=\"elementor-element elementor-element-29e114d e-con-full e-flex e-con e-child\" data-id=\"29e114d\" data-element_type=\"container\">\n\t\t\t\t<div class=\"hf-elementor-layout elementor-element elementor-element-b29d582 elementor-view-default elementor-position-top elementor-mobile-position-top elementor-widget elementor-widget-icon-box\" data-id=\"b29d582\" data-element_type=\"widget\" data-widget_type=\"icon-box.default\">\n\t\t\t\t\t\t\t<div class=\"elementor-icon-box-wrapper\">\n\n\t\t\t\t\t\t<div class=\"elementor-icon-box-icon\">\n\t\t\t\t<a href=\"mailto:info@inclusivetrainers.eu\" class=\"elementor-icon\" tabindex=\"-1\" aria-label=\"Need more help?\">\n\t\t\t\t<i aria-hidden=\"true\" class=\"far fa-question-circle\"><\/i>\t\t\t\t<\/a>\n\t\t\t<\/div>\n\t\t\t\n\t\t\t\t\t\t<div class=\"elementor-icon-box-content\">\n\n\t\t\t\t\t\t\t\t\t<h5 class=\"elementor-icon-box-title\">\n\t\t\t\t\t\t<a href=\"mailto:info@inclusivetrainers.eu\" >\n\t\t\t\t\t\t\tNeed more help?\t\t\t\t\t\t<\/a>\n\t\t\t\t\t<\/h5>\n\t\t\t\t\n\t\t\t\t\t\t\t\t\t<p class=\"elementor-icon-box-description\">\n\t\t\t\t\t\tQueries, complaints and feedback. We will be happy to serve you\nEmail Address\n<a href=\"mailto:info@inclusivetrainers.eu\">info@inclusivetrainers.eu<\/a>\t\t\t\t\t<\/p>\n\t\t\t\t\n\t\t\t<\/div>\n\t\t\t\n\t\t<\/div>\n\t\t\t\t\t\t<\/div>\n\t\t\t\t<\/div>\n\t\t\t\t\t<\/div>\n\t\t\t\t<\/div>\n\t\t\t\t<\/div>\n\t\t\t\t<\/div>\n\t\t","protected":false},"excerpt":{"rendered":"<p>Je\u015bli pracujesz jako nauczyciel w dziedzinie ustawicznego kszta\u0142cenia zawodowego, je\u015bli pracujesz w instytucji zaanga\u017cowanej w bardziej integracyjne i odpowiedzialne szkolenia lub po prostu interesujesz si\u0119 tym tematem, INclusive TrAIners jest dla Ciebie.\u0141\u0105cz\u0105c cele, zbudujemy now\u0105 kultur\u0119 edukacyjn\u0105, w kt\u00f3rej sztuczna inteligencja b\u0119dzie sprzymierze\u0144cem nauki, etyki i innowacji. Need more help? Queries, complaints and feedback. We [&hellip;]<\/p>\n","protected":false},"author":1,"featured_media":0,"parent":0,"menu_order":0,"comment_status":"closed","ping_status":"closed","template":"","meta":{"_acf_changed":false,"footnotes":""},"class_list":["post-24099","page","type-page","status-publish","hentry"],"acf":[],"_links":{"self":[{"href":"https:\/\/inclusivetrainers.eu\/pl\/wp-json\/wp\/v2\/pages\/24099","targetHints":{"allow":["GET"]}}],"collection":[{"href":"https:\/\/inclusivetrainers.eu\/pl\/wp-json\/wp\/v2\/pages"}],"about":[{"href":"https:\/\/inclusivetrainers.eu\/pl\/wp-json\/wp\/v2\/types\/page"}],"author":[{"embeddable":true,"href":"https:\/\/inclusivetrainers.eu\/pl\/wp-json\/wp\/v2\/users\/1"}],"replies":[{"embeddable":true,"href":"https:\/\/inclusivetrainers.eu\/pl\/wp-json\/wp\/v2\/comments?post=24099"}],"version-history":[{"count":6,"href":"https:\/\/inclusivetrainers.eu\/pl\/wp-json\/wp\/v2\/pages\/24099\/revisions"}],"predecessor-version":[{"id":24127,"href":"https:\/\/inclusivetrainers.eu\/pl\/wp-json\/wp\/v2\/pages\/24099\/revisions\/24127"}],"wp:attachment":[{"href":"https:\/\/inclusivetrainers.eu\/pl\/wp-json\/wp\/v2\/media?parent=24099"}],"curies":[{"name":"wp","href":"https:\/\/api.w.org\/{rel}","templated":true}]}}