{"id":23880,"date":"2025-11-05T13:26:12","date_gmt":"2025-11-05T12:26:12","guid":{"rendered":"https:\/\/inclusivetrainers.eu\/about-the-project\/"},"modified":"2025-11-20T09:55:07","modified_gmt":"2025-11-20T08:55:07","slug":"about-the-project","status":"publish","type":"page","link":"https:\/\/inclusivetrainers.eu\/pt-pt\/about-the-project\/","title":{"rendered":"Sobre o projeto"},"content":{"rendered":"\t\t<div data-elementor-type=\"wp-page\" data-elementor-id=\"23880\" class=\"elementor elementor-23880 elementor-23600\">\n\t\t\t\t<div class=\"elementor-element elementor-element-d2c9001 e-con-full e-flex e-con e-parent\" data-id=\"d2c9001\" data-element_type=\"container\">\n\t\t<div class=\"elementor-element elementor-element-c9bc087 e-flex e-con-boxed e-con e-child\" data-id=\"c9bc087\" data-element_type=\"container\">\n\t\t\t\t\t<div class=\"e-con-inner\">\n\t\t<div class=\"elementor-element elementor-element-7fe1edc e-con-full e-flex e-con e-child\" data-id=\"7fe1edc\" data-element_type=\"container\">\n\t\t\t\t<div class=\"hf-elementor-layout elementor-element elementor-element-b837236 elementor-widget elementor-widget-iqonic_title\" data-id=\"b837236\" data-element_type=\"widget\" data-widget_type=\"iqonic_title.default\">\n\t\t\t\t<div class=\"elementor-widget-container\">\n\t\t\t\t\t\n    <div class=\" text-left vizion-title-box vizion-title-box-2 vizion-before-line\">\n        <div class=\"vizion-subtitle\">Sobre n\u00f3s<\/div>\n        <h2 class=\"vizion-title vizion-heading-title\">\n               A intelig\u00eancia artificial <span class='highlighted-text-wrap'> oferece um enorme potencial<\/span> para transformar a educa\u00e7\u00e3o e o emprego.\n        <\/h2>\n\n          <div class=\"vizion-title-desc\">No entanto, a sua utiliza\u00e7\u00e3o tamb\u00e9m coloca desafios \u00e9ticos, sociais e humanos. O INclusive TrAIners surgiu em resposta a uma necessidade clara: formar profissionais da Forma\u00e7\u00e3o Profissional Cont\u00ednua na utiliza\u00e7\u00e3o \u00e9tica e respons\u00e1vel da IA.<\/div>\n    <\/div>\n\n    \t\t\t\t<\/div>\n\t\t\t\t<\/div>\n\t\t\t\t<\/div>\n\t\t<div class=\"elementor-element elementor-element-6f332a4 e-con-full e-flex e-con e-child\" data-id=\"6f332a4\" data-element_type=\"container\">\n\t\t\t\t<div class=\"hf-elementor-layout elementor-element elementor-element-78a6996 elementor-widget elementor-widget-image\" data-id=\"78a6996\" data-element_type=\"widget\" data-widget_type=\"image.default\">\n\t\t\t\t\t\t\t\t\t\t\t\t\t\t\t<img fetchpriority=\"high\" decoding=\"async\" width=\"396\" height=\"480\" src=\"https:\/\/inclusivetrainers.eu\/wp-content\/uploads\/2021\/12\/Data-Analysis-01-1-396x480.png\" class=\"attachment-vizion-elementor-featured size-vizion-elementor-featured wp-image-23893\" alt=\"\" sizes=\"100vw\" \/>\t\t\t\t\t\t\t\t\t\t\t\t\t\t\t<\/div>\n\t\t\t\t<\/div>\n\t\t\t\t\t<\/div>\n\t\t\t\t<\/div>\n\t\t\t\t<\/div>\n\t\t<div class=\"elementor-element elementor-element-1978530 e-con-full e-flex e-con e-parent\" data-id=\"1978530\" data-element_type=\"container\">\n\t\t<div class=\"elementor-element elementor-element-ee9fa8d e-flex e-con-boxed e-con e-child\" data-id=\"ee9fa8d\" data-element_type=\"container\">\n\t\t\t\t\t<div class=\"e-con-inner\">\n\t\t<div class=\"elementor-element elementor-element-ecd1f28 e-con-full e-flex e-con e-child\" data-id=\"ecd1f28\" data-element_type=\"container\">\n\t\t\t\t<div class=\"hf-elementor-layout elementor-element elementor-element-f2ff202 elementor-widget elementor-widget-iqonic_title\" data-id=\"f2ff202\" data-element_type=\"widget\" data-widget_type=\"iqonic_title.default\">\n\t\t\t\t<div class=\"elementor-widget-container\">\n\t\t\t\t\t\n    <div class=\" text-left vizion-title-box vizion-title-box-2 vizion-before-line\">\n        \n        <h2 class=\"vizion-title vizion-heading-title\">\n               Os <span class='highlighted-text-wrap'> nossos<\/span> objetivos:\n        <\/h2>\n\n          \n    <\/div>\n\n    \t\t\t\t<\/div>\n\t\t\t\t<\/div>\n\t\t<div class=\"elementor-element elementor-element-5ad7d65 e-flex e-con-boxed e-con e-child\" data-id=\"5ad7d65\" data-element_type=\"container\">\n\t\t\t\t\t<div class=\"e-con-inner\">\n\t\t<div class=\"elementor-element elementor-element-f48975e e-con-full e-flex e-con e-child\" data-id=\"f48975e\" data-element_type=\"container\">\n\t\t\t\t<div class=\"hf-elementor-layout elementor-element elementor-element-a641e11 elementor-view-default elementor-widget elementor-widget-icon\" data-id=\"a641e11\" data-element_type=\"widget\" data-widget_type=\"icon.default\">\n\t\t\t\t\t\t\t<div class=\"elementor-icon-wrapper\">\n\t\t\t<div class=\"elementor-icon\">\n\t\t\t<i aria-hidden=\"true\" class=\"fas fa-brain\"><\/i>\t\t\t<\/div>\n\t\t<\/div>\n\t\t\t\t\t\t<\/div>\n\t\t\t\t<div class=\"hf-elementor-layout elementor-element elementor-element-1ce6819 elementor-widget elementor-widget-text-editor\" data-id=\"1ce6819\" data-element_type=\"widget\" data-widget_type=\"text-editor.default\">\n\t\t\t\t\t\t\t\t\t<p style=\"text-align: center;\">Formar formadores na utiliza\u00e7\u00e3o \u00e9tica e respons\u00e1vel da IA.<\/p>\t\t\t\t\t\t\t\t<\/div>\n\t\t\t\t<\/div>\n\t\t<div class=\"elementor-element elementor-element-4b00eca e-con-full e-flex e-con e-child\" data-id=\"4b00eca\" data-element_type=\"container\">\n\t\t\t\t<div class=\"hf-elementor-layout elementor-element elementor-element-4b27a31 elementor-view-default elementor-widget elementor-widget-icon\" data-id=\"4b27a31\" data-element_type=\"widget\" data-widget_type=\"icon.default\">\n\t\t\t\t\t\t\t<div class=\"elementor-icon-wrapper\">\n\t\t\t<div class=\"elementor-icon\">\n\t\t\t<i aria-hidden=\"true\" class=\"fas fa-people-arrows\"><\/i>\t\t\t<\/div>\n\t\t<\/div>\n\t\t\t\t\t\t<\/div>\n\t\t\t\t<div class=\"hf-elementor-layout elementor-element elementor-element-0ec78e4 elementor-widget elementor-widget-text-editor\" data-id=\"0ec78e4\" data-element_type=\"widget\" data-widget_type=\"text-editor.default\">\n\t\t\t\t\t\t\t\t\t<p style=\"text-align: center;\">Garantir que a digitaliza\u00e7\u00e3o na Forma\u00e7\u00e3o Profissional Cont\u00ednua seja inclusiva, justa e centrada nas pessoas.<\/p>\t\t\t\t\t\t\t\t<\/div>\n\t\t\t\t<\/div>\n\t\t<div class=\"elementor-element elementor-element-5d65863 e-con-full e-flex e-con e-child\" data-id=\"5d65863\" data-element_type=\"container\">\n\t\t\t\t<div class=\"hf-elementor-layout elementor-element elementor-element-1663812 elementor-view-default elementor-widget elementor-widget-icon\" data-id=\"1663812\" data-element_type=\"widget\" data-widget_type=\"icon.default\">\n\t\t\t\t\t\t\t<div class=\"elementor-icon-wrapper\">\n\t\t\t<div class=\"elementor-icon\">\n\t\t\t<i aria-hidden=\"true\" class=\"fas fa-book\"><\/i>\t\t\t<\/div>\n\t\t<\/div>\n\t\t\t\t\t\t<\/div>\n\t\t\t\t<div class=\"hf-elementor-layout elementor-element elementor-element-c1ee10b elementor-widget elementor-widget-text-editor\" data-id=\"c1ee10b\" data-element_type=\"widget\" data-widget_type=\"text-editor.default\">\n\t\t\t\t\t\t\t\t\t<p style=\"text-align: center;\">Criar recursos pr\u00e1ticos que apoiem a aprendizagem e a orienta\u00e7\u00e3o profissional em ambientes digitais.<\/p>\t\t\t\t\t\t\t\t<\/div>\n\t\t\t\t<\/div>\n\t\t<div class=\"elementor-element elementor-element-f6face0 e-con-full e-flex e-con e-child\" data-id=\"f6face0\" data-element_type=\"container\">\n\t\t\t\t<div class=\"hf-elementor-layout elementor-element elementor-element-d37d7e1 elementor-view-default elementor-widget elementor-widget-icon\" data-id=\"d37d7e1\" data-element_type=\"widget\" data-widget_type=\"icon.default\">\n\t\t\t\t\t\t\t<div class=\"elementor-icon-wrapper\">\n\t\t\t<div class=\"elementor-icon\">\n\t\t\t<i aria-hidden=\"true\" class=\"far fa-lightbulb\"><\/i>\t\t\t<\/div>\n\t\t<\/div>\n\t\t\t\t\t\t<\/div>\n\t\t\t\t<div class=\"hf-elementor-layout elementor-element elementor-element-108e37c elementor-widget elementor-widget-text-editor\" data-id=\"108e37c\" data-element_type=\"widget\" data-widget_type=\"text-editor.default\">\n\t\t\t\t\t\t\t\t\t<p style=\"text-align: center;\">Refor\u00e7ar as redes europeias de inova\u00e7\u00e3o na educa\u00e7\u00e3o e forma\u00e7\u00e3o.<\/p>\t\t\t\t\t\t\t\t<\/div>\n\t\t\t\t<\/div>\n\t\t\t\t\t<\/div>\n\t\t\t\t<\/div>\n\t\t\t\t<\/div>\n\t\t\t\t\t<\/div>\n\t\t\t\t<\/div>\n\t\t\t\t<\/div>\n\t\t<div class=\"elementor-element elementor-element-dfb839c e-con-full e-flex e-con e-parent\" data-id=\"dfb839c\" data-element_type=\"container\">\n\t\t<div class=\"elementor-element elementor-element-26eb9ff e-flex e-con-boxed e-con e-child\" data-id=\"26eb9ff\" data-element_type=\"container\">\n\t\t\t\t\t<div class=\"e-con-inner\">\n\t\t<div class=\"elementor-element elementor-element-26b9373 e-con-full e-flex e-con e-child\" data-id=\"26b9373\" data-element_type=\"container\">\n\t\t<div class=\"elementor-element elementor-element-0df5bed e-con-full e-flex e-con e-child\" data-id=\"0df5bed\" data-element_type=\"container\">\n\t\t\t\t<div class=\"hf-elementor-layout elementor-element elementor-element-5cfa657 elementor-widget elementor-widget-heading\" data-id=\"5cfa657\" data-element_type=\"widget\" data-widget_type=\"heading.default\">\n\t\t\t\t\t<h4 class=\"elementor-heading-title elementor-size-default\">Porque o futuro da educa\u00e7\u00e3o \u00e9 digital...... mas tamb\u00e9m deve ser \u00e9tico, inclusivo e centrado nas pessoas. Para tal, desenvolvemos recursos inovadores que visam:<\/h4>\t\t\t\t<\/div>\n\t\t\t\t<\/div>\n\t\t<div class=\"elementor-element elementor-element-8be5acd e-con-full e-flex e-con e-child\" data-id=\"8be5acd\" data-element_type=\"container\">\n\t\t<div class=\"elementor-element elementor-element-c55e720 e-con-full e-flex e-con e-child\" data-id=\"c55e720\" data-element_type=\"container\">\n\t\t\t\t<div class=\"hf-elementor-layout elementor-element elementor-element-0261b1f elementor-view-default elementor-widget elementor-widget-icon\" data-id=\"0261b1f\" data-element_type=\"widget\" data-widget_type=\"icon.default\">\n\t\t\t\t\t\t\t<div class=\"elementor-icon-wrapper\">\n\t\t\t<div class=\"elementor-icon\">\n\t\t\t<i aria-hidden=\"true\" class=\"fas fa-balance-scale\"><\/i>\t\t\t<\/div>\n\t\t<\/div>\n\t\t\t\t\t\t<\/div>\n\t\t\t\t<div class=\"hf-elementor-layout elementor-element elementor-element-06e26aa elementor-widget elementor-widget-text-editor\" data-id=\"06e26aa\" data-element_type=\"widget\" data-widget_type=\"text-editor.default\">\n\t\t\t\t\t\t\t\t\t<p style=\"text-align: center;\">Compreender os princ\u00edpios \u00e9ticos que orientam a utiliza\u00e7\u00e3o da IA no processo de ensino-aprendizagem.<\/p>\t\t\t\t\t\t\t\t<\/div>\n\t\t\t\t<\/div>\n\t\t<div class=\"elementor-element elementor-element-72dedd5 e-con-full e-flex e-con e-child\" data-id=\"72dedd5\" data-element_type=\"container\">\n\t\t\t\t<div class=\"hf-elementor-layout elementor-element elementor-element-1f2e408 elementor-view-default elementor-widget elementor-widget-icon\" data-id=\"1f2e408\" data-element_type=\"widget\" data-widget_type=\"icon.default\">\n\t\t\t\t\t\t\t<div class=\"elementor-icon-wrapper\">\n\t\t\t<div class=\"elementor-icon\">\n\t\t\t<i aria-hidden=\"true\" class=\"far fa-clock\"><\/i>\t\t\t<\/div>\n\t\t<\/div>\n\t\t\t\t\t\t<\/div>\n\t\t\t\t<div class=\"hf-elementor-layout elementor-element elementor-element-ab337e1 elementor-widget elementor-widget-text-editor\" data-id=\"ab337e1\" data-element_type=\"widget\" data-widget_type=\"text-editor.default\">\n\t\t\t\t\t\t\t\t\t<p style=\"text-align: center;\">Conceber programas de forma\u00e7\u00e3o que aproveitem o potencial da IA sem perder de vista o enfoque \u00e9tico.<\/p>\t\t\t\t\t\t\t\t<\/div>\n\t\t\t\t<\/div>\n\t\t<div class=\"elementor-element elementor-element-c5df16c e-con-full e-flex e-con e-child\" data-id=\"c5df16c\" data-element_type=\"container\">\n\t\t\t\t<div class=\"hf-elementor-layout elementor-element elementor-element-70fd2a9 elementor-view-default elementor-widget elementor-widget-icon\" data-id=\"70fd2a9\" data-element_type=\"widget\" data-widget_type=\"icon.default\">\n\t\t\t\t\t\t\t<div class=\"elementor-icon-wrapper\">\n\t\t\t<div class=\"elementor-icon\">\n\t\t\t<i aria-hidden=\"true\" class=\"fas fa-shield-alt\"><\/i>\t\t\t<\/div>\n\t\t<\/div>\n\t\t\t\t\t\t<\/div>\n\t\t\t\t<div class=\"hf-elementor-layout elementor-element elementor-element-598b816 elementor-widget elementor-widget-text-editor\" data-id=\"598b816\" data-element_type=\"widget\" data-widget_type=\"text-editor.default\">\n\t\t\t\t\t\t\t\t\t<p style=\"text-align: center;\">Evitar preconceitos e desigualdades decorrentes da utiliza\u00e7\u00e3o de algoritmos ou automa\u00e7\u00e3o.<\/p>\t\t\t\t\t\t\t\t<\/div>\n\t\t\t\t<\/div>\n\t\t<div class=\"elementor-element elementor-element-16c1a6a e-con-full e-flex e-con e-child\" data-id=\"16c1a6a\" data-element_type=\"container\">\n\t\t\t\t<div class=\"hf-elementor-layout elementor-element elementor-element-ef59c16 elementor-view-default elementor-widget elementor-widget-icon\" data-id=\"ef59c16\" data-element_type=\"widget\" data-widget_type=\"icon.default\">\n\t\t\t\t\t\t\t<div class=\"elementor-icon-wrapper\">\n\t\t\t<div class=\"elementor-icon\">\n\t\t\t<i aria-hidden=\"true\" class=\"fas fa-search\"><\/i>\t\t\t<\/div>\n\t\t<\/div>\n\t\t\t\t\t\t<\/div>\n\t\t\t\t<div class=\"hf-elementor-layout elementor-element elementor-element-fff3084 elementor-widget elementor-widget-text-editor\" data-id=\"fff3084\" data-element_type=\"widget\" data-widget_type=\"text-editor.default\">\n\t\t\t\t\t\t\t\t\t<p style=\"text-align: center;\">Promover forma\u00e7\u00e3o centrada na inclus\u00e3o, transpar\u00eancia e equidade.<\/p>\t\t\t\t\t\t\t\t<\/div>\n\t\t\t\t<\/div>\n\t\t\t\t<\/div>\n\t\t\t\t<\/div>\n\t\t\t\t\t<\/div>\n\t\t\t\t<\/div>\n\t\t\t\t<\/div>\n\t\t\t\t<\/div>\n\t\t","protected":false},"excerpt":{"rendered":"<p>Sobre n\u00f3s A intelig\u00eancia artificial oferece um enorme potencial para transformar a educa\u00e7\u00e3o e o emprego. No entanto, a sua utiliza\u00e7\u00e3o tamb\u00e9m coloca desafios \u00e9ticos, sociais e humanos. O INclusive TrAIners surgiu em resposta a uma necessidade clara: formar profissionais da Forma\u00e7\u00e3o Profissional Cont\u00ednua na utiliza\u00e7\u00e3o \u00e9tica e respons\u00e1vel da IA. Os nossos objetivos: Formar [&hellip;]<\/p>\n","protected":false},"author":1,"featured_media":0,"parent":0,"menu_order":0,"comment_status":"closed","ping_status":"closed","template":"","meta":{"_acf_changed":false,"footnotes":""},"class_list":["post-23880","page","type-page","status-publish","hentry"],"acf":[],"_links":{"self":[{"href":"https:\/\/inclusivetrainers.eu\/pt-pt\/wp-json\/wp\/v2\/pages\/23880","targetHints":{"allow":["GET"]}}],"collection":[{"href":"https:\/\/inclusivetrainers.eu\/pt-pt\/wp-json\/wp\/v2\/pages"}],"about":[{"href":"https:\/\/inclusivetrainers.eu\/pt-pt\/wp-json\/wp\/v2\/types\/page"}],"author":[{"embeddable":true,"href":"https:\/\/inclusivetrainers.eu\/pt-pt\/wp-json\/wp\/v2\/users\/1"}],"replies":[{"embeddable":true,"href":"https:\/\/inclusivetrainers.eu\/pt-pt\/wp-json\/wp\/v2\/comments?post=23880"}],"version-history":[{"count":4,"href":"https:\/\/inclusivetrainers.eu\/pt-pt\/wp-json\/wp\/v2\/pages\/23880\/revisions"}],"predecessor-version":[{"id":23899,"href":"https:\/\/inclusivetrainers.eu\/pt-pt\/wp-json\/wp\/v2\/pages\/23880\/revisions\/23899"}],"wp:attachment":[{"href":"https:\/\/inclusivetrainers.eu\/pt-pt\/wp-json\/wp\/v2\/media?parent=23880"}],"curies":[{"name":"wp","href":"https:\/\/api.w.org\/{rel}","templated":true}]}}