{"id":24008,"date":"2025-11-10T12:18:32","date_gmt":"2025-11-10T11:18:32","guid":{"rendered":"https:\/\/inclusivetrainers.eu\/results\/"},"modified":"2025-11-20T10:32:40","modified_gmt":"2025-11-20T09:32:40","slug":"results","status":"publish","type":"page","link":"https:\/\/inclusivetrainers.eu\/pt-pt\/results\/","title":{"rendered":"Resultados"},"content":{"rendered":"\t\t<div data-elementor-type=\"wp-page\" data-elementor-id=\"24008\" class=\"elementor elementor-24008 elementor-23769\">\n\t\t\t\t<div class=\"elementor-element elementor-element-586b224 e-con-full e-flex e-con e-parent\" data-id=\"586b224\" data-element_type=\"container\">\n\t\t<div class=\"elementor-element elementor-element-3132c61 e-flex e-con-boxed e-con e-child\" data-id=\"3132c61\" data-element_type=\"container\">\n\t\t\t\t\t<div class=\"e-con-inner\">\n\t\t<div class=\"elementor-element elementor-element-380c9bf e-flex e-con-boxed e-con e-child\" data-id=\"380c9bf\" data-element_type=\"container\">\n\t\t\t\t\t<div class=\"e-con-inner\">\n\t\t\t\t<div class=\"hf-elementor-layout elementor-element elementor-element-1516847 elementor-widget elementor-widget-image\" data-id=\"1516847\" data-element_type=\"widget\" data-widget_type=\"image.default\">\n\t\t\t\t\t\t\t\t\t\t\t\t\t\t\t<img fetchpriority=\"high\" decoding=\"async\" width=\"600\" height=\"600\" src=\"https:\/\/inclusivetrainers.eu\/wp-content\/uploads\/revslider\/security\/04-11.png\" class=\"attachment-large size-large wp-image-24021\" alt=\"\" srcset=\"https:\/\/inclusivetrainers.eu\/wp-content\/uploads\/revslider\/security\/04-11.png 600w, https:\/\/inclusivetrainers.eu\/wp-content\/uploads\/revslider\/security\/04-11-300x300.png 300w, https:\/\/inclusivetrainers.eu\/wp-content\/uploads\/revslider\/security\/04-11-150x150.png 150w, https:\/\/inclusivetrainers.eu\/wp-content\/uploads\/revslider\/security\/04-11-100x100.png 100w\" sizes=\"100vw\" \/>\t\t\t\t\t\t\t\t\t\t\t\t\t\t\t<\/div>\n\t\t\t\t\t<\/div>\n\t\t\t\t<\/div>\n\t\t<div class=\"elementor-element elementor-element-47c97ab e-con-full e-flex e-con e-child\" data-id=\"47c97ab\" data-element_type=\"container\">\n\t\t\t\t<div class=\"hf-elementor-layout elementor-element elementor-element-07e8b1a elementor-widget elementor-widget-iqonic_title\" data-id=\"07e8b1a\" data-element_type=\"widget\" data-widget_type=\"iqonic_title.default\">\n\t\t\t\t<div class=\"elementor-widget-container\">\n\t\t\t\t\t\n    <div class=\" text-left vizion-title-box vizion-title-box-2 vizion-before-line\">\n        <div class=\"vizion-subtitle\">Os recursos de forma\u00e7\u00e3o INclusive TrAIners<\/div>\n        <h2 class=\"vizion-title vizion-heading-title\">\n               <span class='highlighted-text-wrap'> Resultados<\/span>\n        <\/h2>\n\n          <div class=\"vizion-title-desc\">Os recursos de forma\u00e7\u00e3o INclusive TrAIners s\u00e3o desenvolvidos sob uma licen\u00e7a Creative Commons, o que significa que s\u00e3o abertos e totalmente gratuitos, desenvolvidos em vers\u00f5es edit\u00e1veis e reutiliz\u00e1veis.\n\nEstes recursos podem ser utilizados em conjunto ou independentemente e incluem Guias do Utilizador, que facilitam a sua implementa\u00e7\u00e3o em diferentes ambientes e contextos de aprendizagem.\n<\/div>\n    <\/div>\n\n    \t\t\t\t<\/div>\n\t\t\t\t<\/div>\n\t\t\t\t<\/div>\n\t\t\t\t\t<\/div>\n\t\t\t\t<\/div>\n\t\t\t\t<\/div>\n\t\t<div class=\"elementor-element elementor-element-12c7c9b e-con-full e-flex e-con e-parent\" data-id=\"12c7c9b\" data-element_type=\"container\">\n\t\t<div class=\"elementor-element elementor-element-1fc4a43 e-flex e-con-boxed e-con e-child\" data-id=\"1fc4a43\" data-element_type=\"container\">\n\t\t\t\t\t<div class=\"e-con-inner\">\n\t\t\t\t<div class=\"hf-elementor-layout elementor-element elementor-element-6f5aeea elementor-widget elementor-widget-iqonic_title\" data-id=\"6f5aeea\" data-element_type=\"widget\" data-widget_type=\"iqonic_title.default\">\n\t\t\t\t<div class=\"elementor-widget-container\">\n\t\t\t\t\t\n    <div class=\" text-left vizion-title-box vizion-title-box-2 vizion-before-line\">\n        \n        <h2 class=\"vizion-title vizion-heading-title\">\n               Plataforma <span class='highlighted-text-wrap'> de<\/span> Forma\u00e7\u00e3o INclusive TrAIners\n        <\/h2>\n\n          <div class=\"vizion-title-desc\">Um espa\u00e7o aberto e inovador destinado \u00e0 forma\u00e7\u00e3o de instrutores de Forma\u00e7\u00e3o Profissional Cont\u00ednua para abordar os desafios \u00e9ticos da incorpora\u00e7\u00e3o da IA nos processos de aprendizagem. Atrav\u00e9s de metodologias ativas e recursos pr\u00e1ticos, oferece uma experi\u00eancia \u00fanica para aprender a usar a IA de forma \u00e9tica, inclusiva e sustent\u00e1vel.\nOs m\u00f3dulos s\u00e3o concebidos para desenvolver o pensamento cr\u00edtico, explorar novas formas de ensino atrav\u00e9s da IA e liderar processos de mudan\u00e7a rumo a um desenvolvimento profissional mais humano, justo e respons\u00e1vel.<\/div>\n    <\/div>\n\n    \t\t\t\t<\/div>\n\t\t\t\t<\/div>\n\t\t\t\t\t<\/div>\n\t\t\t\t<\/div>\n\t\t<div class=\"elementor-element elementor-element-d72821c e-flex e-con-boxed elementor-invisible e-con e-child\" data-id=\"d72821c\" data-element_type=\"container\" data-settings=\"{&quot;animation&quot;:&quot;fadeInUp&quot;}\">\n\t\t\t\t\t<div class=\"e-con-inner\">\n\t\t<div class=\"elementor-element elementor-element-6724b1f e-con-full e-flex e-con e-child\" data-id=\"6724b1f\" data-element_type=\"container\" id=\"training-platform-links\">\n\t\t<div class=\"elementor-element elementor-element-ce7c207 e-con-full e-flex e-con e-child\" data-id=\"ce7c207\" data-element_type=\"container\">\n\t\t\t\t<div class=\"hf-elementor-layout elementor-element elementor-element-8463e0f elementor-widget elementor-widget-iqonic_button\" data-id=\"8463e0f\" data-element_type=\"widget\" data-widget_type=\"iqonic_button.default\">\n\t\t\t\t<div class=\"elementor-widget-container\">\n\t\t\t\t\t\n    <div class=\"vizion-btn-container\">\n\n        <a class=\"vizion-button\">\n                             <span class=\"text-btn\">Aqui pode aceder ao curso em vers\u00e3o PDF                            <span class=\"vizion-icon-right\">\n                                <svg width=\"8\" height=\"14\" viewBox=\"0 0 8 14\" fill=\"none\" xmlns=\"http:\/\/www.w3.org\/2000\/svg\">\n                                    <path d=\"M1.04999 0.975414L7.09999 6.99941L1.04999 13.0244\" stroke=\"white\" stroke-width=\"1.5\" stroke-linecap=\"round\" stroke-linejoin=\"round\"\/>\n                                <\/svg>\n                            <\/span>                 <\/span>         <\/a>\n\n    <\/div> \n  \t\t\t\t<\/div>\n\t\t\t\t<\/div>\n\t\t\t\t<\/div>\n\t\t<div class=\"elementor-element elementor-element-e734a1e e-con-full e-flex e-con e-child\" data-id=\"e734a1e\" data-element_type=\"container\">\n\t\t\t\t<div class=\"hf-elementor-layout elementor-element elementor-element-a9e57f9 elementor-widget elementor-widget-iqonic_button\" data-id=\"a9e57f9\" data-element_type=\"widget\" data-widget_type=\"iqonic_button.default\">\n\t\t\t\t<div class=\"elementor-widget-container\">\n\t\t\t\t\t\n    <div class=\"vizion-btn-container\">\n\n        <a class=\"vizion-button\">\n                             <span class=\"text-btn\">Aqui pode aceder ao curso em vers\u00e3o SCORM                            <span class=\"vizion-icon-right\">\n                                <svg width=\"8\" height=\"14\" viewBox=\"0 0 8 14\" fill=\"none\" xmlns=\"http:\/\/www.w3.org\/2000\/svg\">\n                                    <path d=\"M1.04999 0.975414L7.09999 6.99941L1.04999 13.0244\" stroke=\"white\" stroke-width=\"1.5\" stroke-linecap=\"round\" stroke-linejoin=\"round\"\/>\n                                <\/svg>\n                            <\/span>                 <\/span>         <\/a>\n\n    <\/div> \n  \t\t\t\t<\/div>\n\t\t\t\t<\/div>\n\t\t\t\t<\/div>\n\t\t\t\t<\/div>\n\t\t\t\t\t<\/div>\n\t\t\t\t<\/div>\n\t\t\t\t<\/div>\n\t\t<div class=\"elementor-element elementor-element-d3c654c e-con-full e-flex e-con e-parent\" data-id=\"d3c654c\" data-element_type=\"container\">\n\t\t<div class=\"elementor-element elementor-element-618cda9 e-flex e-con-boxed elementor-invisible e-con e-child\" data-id=\"618cda9\" data-element_type=\"container\" data-settings=\"{&quot;animation&quot;:&quot;fadeInUp&quot;}\">\n\t\t\t\t\t<div class=\"e-con-inner\">\n\t\t<div class=\"elementor-element elementor-element-941c521 e-con-full e-flex e-con e-child\" data-id=\"941c521\" data-element_type=\"container\">\n\t\t\t\t<div class=\"hf-elementor-layout elementor-element elementor-element-55eb7f4 elementor-widget elementor-widget-image\" data-id=\"55eb7f4\" data-element_type=\"widget\" data-widget_type=\"image.default\">\n\t\t\t\t\t\t\t\t\t\t\t\t\t\t\t<img decoding=\"async\" src=\"https:\/\/inclusivetrainers.eu\/wp-content\/uploads\/2021\/12\/vizion-edu-about-1.png\" title=\"vizion-edu-about-1\" alt=\"vizion-edu-about-1\" loading=\"lazy\" \/>\t\t\t\t\t\t\t\t\t\t\t\t\t\t\t<\/div>\n\t\t\t\t<\/div>\n\t\t<div class=\"elementor-element elementor-element-3fb287f e-con-full e-flex e-con e-child\" data-id=\"3fb287f\" data-element_type=\"container\">\n\t\t\t\t<div class=\"hf-elementor-layout elementor-element elementor-element-86ea7dd elementor-widget elementor-widget-iqonic_title\" data-id=\"86ea7dd\" data-element_type=\"widget\" data-widget_type=\"iqonic_title.default\">\n\t\t\t\t<div class=\"elementor-widget-container\">\n\t\t\t\t\t\n    <div class=\" text-left vizion-title-box vizion-title-box-2 vizion-before-line\">\n        \n        <h2 class=\"vizion-title vizion-heading-title\">\n               <span class='highlighted-text-wrap'> Laborat\u00f3rio<\/span> virtual INclusive TrAIners\n        <\/h2>\n\n          <div class=\"vizion-title-desc\">Um ambiente de aprendizagem onde os participantes podem experimentar, criar e refletir sobre o uso \u00e9tico da IA no desenvolvimento profissional cont\u00ednuo.\nAtrav\u00e9s de desafios, simula\u00e7\u00f5es e atividades pr\u00e1ticas, os participantes exploram como aplicar os princ\u00edpios de equidade, transpar\u00eancia e responsabilidade atrav\u00e9s da IA em cen\u00e1rios de aprendizagem da vida real.\nOferece experi\u00eancias adaptadas a diferentes perfis e necessidades de forma\u00e7\u00e3o, promovendo a inclus\u00e3o de grupos vulner\u00e1veis e fortalecendo o pensamento cr\u00edtico dos professores.<\/div>\n    <\/div>\n\n    \t\t\t\t<\/div>\n\t\t\t\t<\/div>\n\t\t\t\t<\/div>\n\t\t\t\t\t<\/div>\n\t\t\t\t<\/div>\n\t\t\t\t<\/div>\n\t\t<div class=\"elementor-element elementor-element-78716fc e-con-full e-flex e-con e-parent\" data-id=\"78716fc\" data-element_type=\"container\">\n\t\t<div class=\"elementor-element elementor-element-f33d4fe e-flex e-con-boxed elementor-invisible e-con e-child\" data-id=\"f33d4fe\" data-element_type=\"container\" data-settings=\"{&quot;animation&quot;:&quot;fadeInUp&quot;}\">\n\t\t\t\t\t<div class=\"e-con-inner\">\n\t\t<div class=\"elementor-element elementor-element-b4f82e7 e-con-full e-flex e-con e-child\" data-id=\"b4f82e7\" data-element_type=\"container\">\n\t\t\t\t<div class=\"hf-elementor-layout elementor-element elementor-element-421fd60 elementor-widget elementor-widget-iqonic_title\" data-id=\"421fd60\" data-element_type=\"widget\" data-widget_type=\"iqonic_title.default\">\n\t\t\t\t<div class=\"elementor-widget-container\">\n\t\t\t\t\t\n    <div class=\" text-left vizion-title-box vizion-title-box-2 vizion-before-line\">\n        \n        <h2 class=\"vizion-title vizion-heading-title\">\n               <span class='highlighted-text-wrap'> Banco de<\/span> Recursos sobre IA INclusive TrAIners\n        <\/h2>\n\n          <div class=\"vizion-title-desc\">Um reposit\u00f3rio digital que re\u00fane ferramentas de Intelig\u00eancia Artificial generativa que podem ser utilizadas em todas as fases do processo de forma\u00e7\u00e3o. Este recurso foi concebido para apoiar os professores na personaliza\u00e7\u00e3o da aprendizagem, na avalia\u00e7\u00e3o de compet\u00eancias e na cria\u00e7\u00e3o de percursos de forma\u00e7\u00e3o mais inclusivos e \u00e9ticos, com especial aten\u00e7\u00e3o para os grupos mais vulner\u00e1veis.<\/div>\n    <\/div>\n\n    \t\t\t\t<\/div>\n\t\t\t\t<\/div>\n\t\t\t\t<\/div>\n\t\t<div class=\"elementor-element elementor-element-56dbbcf e-con-full e-flex e-con e-child\" data-id=\"56dbbcf\" data-element_type=\"container\">\n\t\t\t\t<div class=\"hf-elementor-layout elementor-element elementor-element-3c90d10 elementor-widget elementor-widget-image\" data-id=\"3c90d10\" data-element_type=\"widget\" data-widget_type=\"image.default\">\n\t\t\t\t\t\t\t\t\t\t\t\t\t\t\t<img decoding=\"async\" src=\"https:\/\/inclusivetrainers.eu\/wp-content\/uploads\/2023\/02\/image.png\" title=\"image\" alt=\"image\" loading=\"lazy\" \/>\t\t\t\t\t\t\t\t\t\t\t\t\t\t\t<\/div>\n\t\t\t\t<\/div>\n\t\t\t\t\t<\/div>\n\t\t\t\t<\/div>\n\t\t\t\t<\/div>\n\t\t\t\t<\/div>\n\t\t","protected":false},"excerpt":{"rendered":"<p>Os recursos de forma\u00e7\u00e3o INclusive TrAIners Resultados Os recursos de forma\u00e7\u00e3o INclusive TrAIners s\u00e3o desenvolvidos sob uma licen\u00e7a Creative Commons, o que significa que s\u00e3o abertos e totalmente gratuitos, desenvolvidos em vers\u00f5es edit\u00e1veis e reutiliz\u00e1veis. Estes recursos podem ser utilizados em conjunto ou independentemente e incluem Guias do Utilizador, que facilitam a sua implementa\u00e7\u00e3o em [&hellip;]<\/p>\n","protected":false},"author":1,"featured_media":0,"parent":0,"menu_order":0,"comment_status":"closed","ping_status":"closed","template":"","meta":{"_acf_changed":false,"footnotes":""},"class_list":["post-24008","page","type-page","status-publish","hentry"],"acf":[],"_links":{"self":[{"href":"https:\/\/inclusivetrainers.eu\/pt-pt\/wp-json\/wp\/v2\/pages\/24008","targetHints":{"allow":["GET"]}}],"collection":[{"href":"https:\/\/inclusivetrainers.eu\/pt-pt\/wp-json\/wp\/v2\/pages"}],"about":[{"href":"https:\/\/inclusivetrainers.eu\/pt-pt\/wp-json\/wp\/v2\/types\/page"}],"author":[{"embeddable":true,"href":"https:\/\/inclusivetrainers.eu\/pt-pt\/wp-json\/wp\/v2\/users\/1"}],"replies":[{"embeddable":true,"href":"https:\/\/inclusivetrainers.eu\/pt-pt\/wp-json\/wp\/v2\/comments?post=24008"}],"version-history":[{"count":4,"href":"https:\/\/inclusivetrainers.eu\/pt-pt\/wp-json\/wp\/v2\/pages\/24008\/revisions"}],"predecessor-version":[{"id":24027,"href":"https:\/\/inclusivetrainers.eu\/pt-pt\/wp-json\/wp\/v2\/pages\/24008\/revisions\/24027"}],"wp:attachment":[{"href":"https:\/\/inclusivetrainers.eu\/pt-pt\/wp-json\/wp\/v2\/media?parent=24008"}],"curies":[{"name":"wp","href":"https:\/\/api.w.org\/{rel}","templated":true}]}}