{"id":23882,"date":"2025-11-05T13:26:12","date_gmt":"2025-11-05T12:26:12","guid":{"rendered":"https:\/\/inclusivetrainers.eu\/about-the-project\/"},"modified":"2025-11-20T10:07:04","modified_gmt":"2025-11-20T09:07:04","slug":"about-the-project","status":"publish","type":"page","link":"https:\/\/inclusivetrainers.eu\/sv\/about-the-project\/","title":{"rendered":"Om Projektet"},"content":{"rendered":"\t\t<div data-elementor-type=\"wp-page\" data-elementor-id=\"23882\" class=\"elementor elementor-23882 elementor-23600\">\n\t\t\t\t<div class=\"elementor-element elementor-element-d2c9001 e-con-full e-flex e-con e-parent\" data-id=\"d2c9001\" data-element_type=\"container\">\n\t\t<div class=\"elementor-element elementor-element-c9bc087 e-flex e-con-boxed e-con e-child\" data-id=\"c9bc087\" data-element_type=\"container\">\n\t\t\t\t\t<div class=\"e-con-inner\">\n\t\t<div class=\"elementor-element elementor-element-7fe1edc e-con-full e-flex e-con e-child\" data-id=\"7fe1edc\" data-element_type=\"container\">\n\t\t\t\t<div class=\"hf-elementor-layout elementor-element elementor-element-b837236 elementor-widget elementor-widget-iqonic_title\" data-id=\"b837236\" data-element_type=\"widget\" data-widget_type=\"iqonic_title.default\">\n\t\t\t\t<div class=\"elementor-widget-container\">\n\t\t\t\t\t\n    <div class=\" text-left vizion-title-box vizion-title-box-2 vizion-before-line\">\n        <div class=\"vizion-subtitle\">Om oss<\/div>\n        <h2 class=\"vizion-title vizion-heading-title\">\n               Artificiell intelligens erbjuder <span class='highlighted-text-wrap'> en enorm potential att<\/span> f\u00f6r\u00e4ndra utbildning och syssels\u00e4ttning\n        <\/h2>\n\n          <div class=\"vizion-title-desc\">Dess anv\u00e4ndning medf\u00f6r dock ocks\u00e5 etiska, sociala och m\u00e4nskliga utmaningar. INclusive TrAIners uppstod som svar p\u00e5 ett tydligt behov: att utbilda yrkesutbildningspersonal i etisk och ansvarsfull anv\u00e4ndning av AI.<\/div>\n    <\/div>\n\n    \t\t\t\t<\/div>\n\t\t\t\t<\/div>\n\t\t\t\t<\/div>\n\t\t<div class=\"elementor-element elementor-element-6f332a4 e-con-full e-flex e-con e-child\" data-id=\"6f332a4\" data-element_type=\"container\">\n\t\t\t\t<div class=\"hf-elementor-layout elementor-element elementor-element-78a6996 elementor-widget elementor-widget-image\" data-id=\"78a6996\" data-element_type=\"widget\" data-widget_type=\"image.default\">\n\t\t\t\t\t\t\t\t\t\t\t\t\t\t\t<img fetchpriority=\"high\" decoding=\"async\" width=\"396\" height=\"480\" src=\"https:\/\/inclusivetrainers.eu\/wp-content\/uploads\/2021\/12\/Data-Analysis-01-1-396x480.png\" class=\"attachment-vizion-elementor-featured size-vizion-elementor-featured wp-image-23909\" alt=\"\" sizes=\"100vw\" \/>\t\t\t\t\t\t\t\t\t\t\t\t\t\t\t<\/div>\n\t\t\t\t<\/div>\n\t\t\t\t\t<\/div>\n\t\t\t\t<\/div>\n\t\t\t\t<\/div>\n\t\t<div class=\"elementor-element elementor-element-1978530 e-con-full e-flex e-con e-parent\" data-id=\"1978530\" data-element_type=\"container\">\n\t\t<div class=\"elementor-element elementor-element-ee9fa8d e-flex e-con-boxed e-con e-child\" data-id=\"ee9fa8d\" data-element_type=\"container\">\n\t\t\t\t\t<div class=\"e-con-inner\">\n\t\t<div class=\"elementor-element elementor-element-ecd1f28 e-con-full e-flex e-con e-child\" data-id=\"ecd1f28\" data-element_type=\"container\">\n\t\t\t\t<div class=\"hf-elementor-layout elementor-element elementor-element-f2ff202 elementor-widget elementor-widget-iqonic_title\" data-id=\"f2ff202\" data-element_type=\"widget\" data-widget_type=\"iqonic_title.default\">\n\t\t\t\t<div class=\"elementor-widget-container\">\n\t\t\t\t\t\n    <div class=\" text-left vizion-title-box vizion-title-box-2 vizion-before-line\">\n        \n        <h2 class=\"vizion-title vizion-heading-title\">\n               V\u00e5ra <span class='highlighted-text-wrap'> m\u00e5l<\/span>\n        <\/h2>\n\n          \n    <\/div>\n\n    \t\t\t\t<\/div>\n\t\t\t\t<\/div>\n\t\t<div class=\"elementor-element elementor-element-5ad7d65 e-flex e-con-boxed e-con e-child\" data-id=\"5ad7d65\" data-element_type=\"container\">\n\t\t\t\t\t<div class=\"e-con-inner\">\n\t\t<div class=\"elementor-element elementor-element-f48975e e-con-full e-flex e-con e-child\" data-id=\"f48975e\" data-element_type=\"container\">\n\t\t\t\t<div class=\"hf-elementor-layout elementor-element elementor-element-a641e11 elementor-view-default elementor-widget elementor-widget-icon\" data-id=\"a641e11\" data-element_type=\"widget\" data-widget_type=\"icon.default\">\n\t\t\t\t\t\t\t<div class=\"elementor-icon-wrapper\">\n\t\t\t<div class=\"elementor-icon\">\n\t\t\t<i aria-hidden=\"true\" class=\"fas fa-brain\"><\/i>\t\t\t<\/div>\n\t\t<\/div>\n\t\t\t\t\t\t<\/div>\n\t\t\t\t<div class=\"hf-elementor-layout elementor-element elementor-element-1ce6819 elementor-widget elementor-widget-text-editor\" data-id=\"1ce6819\" data-element_type=\"widget\" data-widget_type=\"text-editor.default\">\n\t\t\t\t\t\t\t\t\t<p style=\"text-align: center;\">Att utbilda utbildare i etisk och ansvarsfull anv\u00e4ndning av AI.<\/p>\t\t\t\t\t\t\t\t<\/div>\n\t\t\t\t<\/div>\n\t\t<div class=\"elementor-element elementor-element-4b00eca e-con-full e-flex e-con e-child\" data-id=\"4b00eca\" data-element_type=\"container\">\n\t\t\t\t<div class=\"hf-elementor-layout elementor-element elementor-element-4b27a31 elementor-view-default elementor-widget elementor-widget-icon\" data-id=\"4b27a31\" data-element_type=\"widget\" data-widget_type=\"icon.default\">\n\t\t\t\t\t\t\t<div class=\"elementor-icon-wrapper\">\n\t\t\t<div class=\"elementor-icon\">\n\t\t\t<i aria-hidden=\"true\" class=\"fas fa-people-arrows\"><\/i>\t\t\t<\/div>\n\t\t<\/div>\n\t\t\t\t\t\t<\/div>\n\t\t\t\t<div class=\"hf-elementor-layout elementor-element elementor-element-0ec78e4 elementor-widget elementor-widget-text-editor\" data-id=\"0ec78e4\" data-element_type=\"widget\" data-widget_type=\"text-editor.default\">\n\t\t\t\t\t\t\t\t\t<p style=\"text-align: center;\">Att s\u00e4kerst\u00e4lla att digitaliseringen inom yrkesutbildningen \u00e4r inkluderande, r\u00e4ttvis och m\u00e4nniskocentrerad.<\/p>\t\t\t\t\t\t\t\t<\/div>\n\t\t\t\t<\/div>\n\t\t<div class=\"elementor-element elementor-element-5d65863 e-con-full e-flex e-con e-child\" data-id=\"5d65863\" data-element_type=\"container\">\n\t\t\t\t<div class=\"hf-elementor-layout elementor-element elementor-element-1663812 elementor-view-default elementor-widget elementor-widget-icon\" data-id=\"1663812\" data-element_type=\"widget\" data-widget_type=\"icon.default\">\n\t\t\t\t\t\t\t<div class=\"elementor-icon-wrapper\">\n\t\t\t<div class=\"elementor-icon\">\n\t\t\t<i aria-hidden=\"true\" class=\"fas fa-book\"><\/i>\t\t\t<\/div>\n\t\t<\/div>\n\t\t\t\t\t\t<\/div>\n\t\t\t\t<div class=\"hf-elementor-layout elementor-element elementor-element-c1ee10b elementor-widget elementor-widget-text-editor\" data-id=\"c1ee10b\" data-element_type=\"widget\" data-widget_type=\"text-editor.default\">\n\t\t\t\t\t\t\t\t\t<p style=\"text-align: center;\">Att skapa praktiska resurser som st\u00f6der l\u00e4rande och karri\u00e4rv\u00e4gledning i digitala milj\u00f6er.<\/p>\t\t\t\t\t\t\t\t<\/div>\n\t\t\t\t<\/div>\n\t\t<div class=\"elementor-element elementor-element-f6face0 e-con-full e-flex e-con e-child\" data-id=\"f6face0\" data-element_type=\"container\">\n\t\t\t\t<div class=\"hf-elementor-layout elementor-element elementor-element-d37d7e1 elementor-view-default elementor-widget elementor-widget-icon\" data-id=\"d37d7e1\" data-element_type=\"widget\" data-widget_type=\"icon.default\">\n\t\t\t\t\t\t\t<div class=\"elementor-icon-wrapper\">\n\t\t\t<div class=\"elementor-icon\">\n\t\t\t<i aria-hidden=\"true\" class=\"far fa-lightbulb\"><\/i>\t\t\t<\/div>\n\t\t<\/div>\n\t\t\t\t\t\t<\/div>\n\t\t\t\t<div class=\"hf-elementor-layout elementor-element elementor-element-108e37c elementor-widget elementor-widget-text-editor\" data-id=\"108e37c\" data-element_type=\"widget\" data-widget_type=\"text-editor.default\">\n\t\t\t\t\t\t\t\t\t<p style=\"text-align: center;\">Att st\u00e4rka europeiska innovationsn\u00e4tverk inom utbildning och fortbildning.<\/p>\t\t\t\t\t\t\t\t<\/div>\n\t\t\t\t<\/div>\n\t\t\t\t\t<\/div>\n\t\t\t\t<\/div>\n\t\t\t\t<\/div>\n\t\t\t\t\t<\/div>\n\t\t\t\t<\/div>\n\t\t\t\t<\/div>\n\t\t<div class=\"elementor-element elementor-element-dfb839c e-con-full e-flex e-con e-parent\" data-id=\"dfb839c\" data-element_type=\"container\">\n\t\t<div class=\"elementor-element elementor-element-26eb9ff e-flex e-con-boxed e-con e-child\" data-id=\"26eb9ff\" data-element_type=\"container\">\n\t\t\t\t\t<div class=\"e-con-inner\">\n\t\t<div class=\"elementor-element elementor-element-26b9373 e-con-full e-flex e-con e-child\" data-id=\"26b9373\" data-element_type=\"container\">\n\t\t<div class=\"elementor-element elementor-element-0df5bed e-con-full e-flex e-con e-child\" data-id=\"0df5bed\" data-element_type=\"container\">\n\t\t\t\t<div class=\"hf-elementor-layout elementor-element elementor-element-5cfa657 elementor-widget elementor-widget-heading\" data-id=\"5cfa657\" data-element_type=\"widget\" data-widget_type=\"heading.default\">\n\t\t\t\t\t<h4 class=\"elementor-heading-title elementor-size-default\">Eftersom framtidens utbildning \u00e4r digital...\n...men den m\u00e5ste ocks\u00e5 vara etisk, inkluderande och m\u00e4nniskocentrerad.\nF\u00f6r detta \u00e4ndam\u00e5l utvecklar vi innovativa resurser som syftar till att:<\/h4>\t\t\t\t<\/div>\n\t\t\t\t<\/div>\n\t\t<div class=\"elementor-element elementor-element-8be5acd e-con-full e-flex e-con e-child\" data-id=\"8be5acd\" data-element_type=\"container\">\n\t\t<div class=\"elementor-element elementor-element-c55e720 e-con-full e-flex e-con e-child\" data-id=\"c55e720\" data-element_type=\"container\">\n\t\t\t\t<div class=\"hf-elementor-layout elementor-element elementor-element-0261b1f elementor-view-default elementor-widget elementor-widget-icon\" data-id=\"0261b1f\" data-element_type=\"widget\" data-widget_type=\"icon.default\">\n\t\t\t\t\t\t\t<div class=\"elementor-icon-wrapper\">\n\t\t\t<div class=\"elementor-icon\">\n\t\t\t<i aria-hidden=\"true\" class=\"fas fa-balance-scale\"><\/i>\t\t\t<\/div>\n\t\t<\/div>\n\t\t\t\t\t\t<\/div>\n\t\t\t\t<div class=\"hf-elementor-layout elementor-element elementor-element-06e26aa elementor-widget elementor-widget-text-editor\" data-id=\"06e26aa\" data-element_type=\"widget\" data-widget_type=\"text-editor.default\">\n\t\t\t\t\t\t\t\t\t<p style=\"text-align: center;\">F\u00f6rst\u00e5 de etiska principer som styr anv\u00e4ndningen av AI i undervisnings- och inl\u00e4rningsprocessen.Understanding the ethical principles that guide the use of AI in the teaching-learning process.<\/p>\t\t\t\t\t\t\t\t<\/div>\n\t\t\t\t<\/div>\n\t\t<div class=\"elementor-element elementor-element-72dedd5 e-con-full e-flex e-con e-child\" data-id=\"72dedd5\" data-element_type=\"container\">\n\t\t\t\t<div class=\"hf-elementor-layout elementor-element elementor-element-1f2e408 elementor-view-default elementor-widget elementor-widget-icon\" data-id=\"1f2e408\" data-element_type=\"widget\" data-widget_type=\"icon.default\">\n\t\t\t\t\t\t\t<div class=\"elementor-icon-wrapper\">\n\t\t\t<div class=\"elementor-icon\">\n\t\t\t<i aria-hidden=\"true\" class=\"far fa-clock\"><\/i>\t\t\t<\/div>\n\t\t<\/div>\n\t\t\t\t\t\t<\/div>\n\t\t\t\t<div class=\"hf-elementor-layout elementor-element elementor-element-ab337e1 elementor-widget elementor-widget-text-editor\" data-id=\"ab337e1\" data-element_type=\"widget\" data-widget_type=\"text-editor.default\">\n\t\t\t\t\t\t\t\t\t<p style=\"text-align: center;\">Utforma utbildningsprogram som utnyttjar AI:s potential utan att f\u00f6rlora det etiska fokuset ur sikte.<\/p>\t\t\t\t\t\t\t\t<\/div>\n\t\t\t\t<\/div>\n\t\t<div class=\"elementor-element elementor-element-c5df16c e-con-full e-flex e-con e-child\" data-id=\"c5df16c\" data-element_type=\"container\">\n\t\t\t\t<div class=\"hf-elementor-layout elementor-element elementor-element-70fd2a9 elementor-view-default elementor-widget elementor-widget-icon\" data-id=\"70fd2a9\" data-element_type=\"widget\" data-widget_type=\"icon.default\">\n\t\t\t\t\t\t\t<div class=\"elementor-icon-wrapper\">\n\t\t\t<div class=\"elementor-icon\">\n\t\t\t<i aria-hidden=\"true\" class=\"fas fa-shield-alt\"><\/i>\t\t\t<\/div>\n\t\t<\/div>\n\t\t\t\t\t\t<\/div>\n\t\t\t\t<div class=\"hf-elementor-layout elementor-element elementor-element-598b816 elementor-widget elementor-widget-text-editor\" data-id=\"598b816\" data-element_type=\"widget\" data-widget_type=\"text-editor.default\">\n\t\t\t\t\t\t\t\t\t<p style=\"text-align: center;\">Undvika f\u00f6rdomar och oj\u00e4mlikheter som uppst\u00e5r genom anv\u00e4ndningen av algoritmer eller automatisering.<\/p>\t\t\t\t\t\t\t\t<\/div>\n\t\t\t\t<\/div>\n\t\t<div class=\"elementor-element elementor-element-16c1a6a e-con-full e-flex e-con e-child\" data-id=\"16c1a6a\" data-element_type=\"container\">\n\t\t\t\t<div class=\"hf-elementor-layout elementor-element elementor-element-ef59c16 elementor-view-default elementor-widget elementor-widget-icon\" data-id=\"ef59c16\" data-element_type=\"widget\" data-widget_type=\"icon.default\">\n\t\t\t\t\t\t\t<div class=\"elementor-icon-wrapper\">\n\t\t\t<div class=\"elementor-icon\">\n\t\t\t<i aria-hidden=\"true\" class=\"fas fa-search\"><\/i>\t\t\t<\/div>\n\t\t<\/div>\n\t\t\t\t\t\t<\/div>\n\t\t\t\t<div class=\"hf-elementor-layout elementor-element elementor-element-fff3084 elementor-widget elementor-widget-text-editor\" data-id=\"fff3084\" data-element_type=\"widget\" data-widget_type=\"text-editor.default\">\n\t\t\t\t\t\t\t\t\t<p style=\"text-align: center;\">Fr\u00e4mja utbildning med fokus p\u00e5 inkludering, transparens och r\u00e4ttvisa.<\/p>\t\t\t\t\t\t\t\t<\/div>\n\t\t\t\t<\/div>\n\t\t\t\t<\/div>\n\t\t\t\t<\/div>\n\t\t\t\t\t<\/div>\n\t\t\t\t<\/div>\n\t\t\t\t<\/div>\n\t\t\t\t<\/div>\n\t\t","protected":false},"excerpt":{"rendered":"<p>Om oss Artificiell intelligens erbjuder en enorm potential att f\u00f6r\u00e4ndra utbildning och syssels\u00e4ttning Dess anv\u00e4ndning medf\u00f6r dock ocks\u00e5 etiska, sociala och m\u00e4nskliga utmaningar. INclusive TrAIners uppstod som svar p\u00e5 ett tydligt behov: att utbilda yrkesutbildningspersonal i etisk och ansvarsfull anv\u00e4ndning av AI. V\u00e5ra m\u00e5l Att utbilda utbildare i etisk och ansvarsfull anv\u00e4ndning av AI. Att [&hellip;]<\/p>\n","protected":false},"author":1,"featured_media":0,"parent":0,"menu_order":0,"comment_status":"closed","ping_status":"closed","template":"","meta":{"_acf_changed":false,"footnotes":""},"class_list":["post-23882","page","type-page","status-publish","hentry"],"acf":[],"_links":{"self":[{"href":"https:\/\/inclusivetrainers.eu\/sv\/wp-json\/wp\/v2\/pages\/23882","targetHints":{"allow":["GET"]}}],"collection":[{"href":"https:\/\/inclusivetrainers.eu\/sv\/wp-json\/wp\/v2\/pages"}],"about":[{"href":"https:\/\/inclusivetrainers.eu\/sv\/wp-json\/wp\/v2\/types\/page"}],"author":[{"embeddable":true,"href":"https:\/\/inclusivetrainers.eu\/sv\/wp-json\/wp\/v2\/users\/1"}],"replies":[{"embeddable":true,"href":"https:\/\/inclusivetrainers.eu\/sv\/wp-json\/wp\/v2\/comments?post=23882"}],"version-history":[{"count":4,"href":"https:\/\/inclusivetrainers.eu\/sv\/wp-json\/wp\/v2\/pages\/23882\/revisions"}],"predecessor-version":[{"id":23913,"href":"https:\/\/inclusivetrainers.eu\/sv\/wp-json\/wp\/v2\/pages\/23882\/revisions\/23913"}],"wp:attachment":[{"href":"https:\/\/inclusivetrainers.eu\/sv\/wp-json\/wp\/v2\/media?parent=23882"}],"curies":[{"name":"wp","href":"https:\/\/api.w.org\/{rel}","templated":true}]}}