{"id":23918,"date":"2025-11-06T07:59:05","date_gmt":"2025-11-06T06:59:05","guid":{"rendered":"https:\/\/inclusivetrainers.eu\/the-team\/"},"modified":"2025-12-01T11:41:36","modified_gmt":"2025-12-01T10:41:36","slug":"the-team","status":"publish","type":"page","link":"https:\/\/inclusivetrainers.eu\/sv\/the-team\/","title":{"rendered":"Teamet"},"content":{"rendered":"\t\t<div data-elementor-type=\"wp-page\" data-elementor-id=\"23918\" class=\"elementor elementor-23918 elementor-23633\">\n\t\t\t\t<div class=\"elementor-element elementor-element-d6c3123 e-con-full e-flex e-con e-parent\" data-id=\"d6c3123\" data-element_type=\"container\">\n\t\t<div class=\"elementor-element elementor-element-70adb68 e-flex e-con-boxed e-con e-child\" data-id=\"70adb68\" data-element_type=\"container\">\n\t\t\t\t\t<div class=\"e-con-inner\">\n\t\t<div class=\"elementor-element elementor-element-2d8292f e-con-full e-flex e-con e-child\" data-id=\"2d8292f\" data-element_type=\"container\">\n\t\t\t\t<div class=\"hf-elementor-layout elementor-element elementor-element-7fc015c elementor-widget elementor-widget-heading\" data-id=\"7fc015c\" data-element_type=\"widget\" data-widget_type=\"heading.default\">\n\t\t\t\t\t<h1 class=\"elementor-heading-title elementor-size-default\">Konsortiet f\u00f6r COMPutational Seniors-projektet best\u00e5r av f\u00f6ljande partner.<\/h1>\t\t\t\t<\/div>\n\t\t\t\t<div class=\"hf-elementor-layout elementor-element elementor-element-037823f elementor-widget elementor-widget-iqonic_team\" data-id=\"037823f\" data-element_type=\"widget\" data-widget_type=\"iqonic_team.default\">\n\t\t\t\t<div class=\"elementor-widget-container\">\n\t\t\t\t\t\n    <div class=\"vizion-team vizion-team-style-grid  vizion-team-style-1\">\n        <div class=\"row\"> \n                    <div class=\"col-lg-4  vizion-box-shadow\">\n                                                       <div class=\"vizion-team-blog\">\n                                <div class=\"vizion-team-img\">\n                                                                        <div class=\"share vizion-team-social\">\n                                    <ul>\n                                        <li><a href=\"https:\/\/www.facebook.com\/MediaCreativa2020\"><i class=\"fab fa-facebook\"><\/i><\/a><\/li><li><a href=\"https:\/\/twitter.com\/media_crea2020\"><i class=\"fab fa-x-twitter\"><\/i><\/a><\/li><li><a href=\"https:\/\/www.youtube.com\/channel\/UCBTtWqcpmdv4RLaU_rjmSKA?view_as=subscriber\"><i class=\"fab fa-google\"><\/i><\/a><\/li><li><a href=\"https:\/\/www.instagram.com\/media_creativa2020\/\"><i class=\"fab fa-instagram\"><\/i><\/a><\/li>                                    <\/ul>\n                                <\/div>\n                                <\/div>\n                                \n                                <div class=\"vizion-team-info\">\n                                    <div class=\"vizion-team-main-detail\">\n\n                                        <a href=\"https:\/\/inclusivetrainers.eu\/sv\/team\/media-creativa-2020\/\">\n                                            <h4 class=\"member-text vizion-heading-title\">\n                                                Media Creativa 2020                                            <\/h4>\n                                        <\/a>\n\n                                                                                    <div class=\"vizion_speficialize\">\n                                            <!-- <span><\/span> -->\n                                         \n                                        <\/div>\n                                    <\/div>\n                                <\/div>\n                            <\/div>\n                            \n                    <\/div> \n                    <div class=\"col-lg-4  vizion-box-shadow\">\n                                                       <div class=\"vizion-team-blog\">\n                                <div class=\"vizion-team-img\">\n                                                                        <div class=\"share vizion-team-social\">\n                                    <ul>\n                                        <li><a href=\"https:\/\/www.facebook.com\/DiputacionForalAlava?ref=aymt_homepage_panel\"><i class=\"fab fa-facebook\"><\/i><\/a><\/li><li><a href=\"https:\/\/x.com\/Araba\"><i class=\"fab fa-x-twitter\"><\/i><\/a><\/li><li><a href=\"https:\/\/www.youtube.com\/@arabakoforualdundia\"><i class=\"fab fa-google\"><\/i><\/a><\/li><li><a href=\"https:\/\/www.instagram.com\/arabakoforualdundia\/\"><i class=\"fab fa-instagram\"><\/i><\/a><\/li>                                    <\/ul>\n                                <\/div>\n                                <\/div>\n                                \n                                <div class=\"vizion-team-info\">\n                                    <div class=\"vizion-team-main-detail\">\n\n                                        <a href=\"https:\/\/inclusivetrainers.eu\/sv\/team\/diputacion-foral-de-alava\/\">\n                                            <h4 class=\"member-text vizion-heading-title\">\n                                                Diputaci\u00f3n Foral de \u00c1lava                                            <\/h4>\n                                        <\/a>\n\n                                                                                    <div class=\"vizion_speficialize\">\n                                            <!-- <span><\/span> -->\n                                         \n                                        <\/div>\n                                    <\/div>\n                                <\/div>\n                            <\/div>\n                            \n                    <\/div> \n                    <div class=\"col-lg-4  vizion-box-shadow\">\n                                                       <div class=\"vizion-team-blog\">\n                                <div class=\"vizion-team-img\">\n                                                                        <div class=\"share vizion-team-social\">\n                                    <ul>\n                                                                            <\/ul>\n                                <\/div>\n                                <\/div>\n                                \n                                <div class=\"vizion-team-info\">\n                                    <div class=\"vizion-team-main-detail\">\n\n                                        <a href=\"https:\/\/inclusivetrainers.eu\/sv\/team\/sparkling-intuition\/\">\n                                            <h4 class=\"member-text vizion-heading-title\">\n                                                Sparkling Intuition                                            <\/h4>\n                                        <\/a>\n\n                                                                                    <div class=\"vizion_speficialize\">\n                                            <!-- <span><\/span> -->\n                                         \n                                        <\/div>\n                                    <\/div>\n                                <\/div>\n                            <\/div>\n                            \n                    <\/div> \n                    <div class=\"col-lg-4  vizion-box-shadow\">\n                                                       <div class=\"vizion-team-blog\">\n                                <div class=\"vizion-team-img\">\n                                                                        <div class=\"share vizion-team-social\">\n                                    <ul>\n                                        <li><a href=\"https:\/\/www.facebook.com\/FundacjaMis\"><i class=\"fab fa-facebook\"><\/i><\/a><\/li><li><a href=\"https:\/\/www.youtube.com\/@fundacjamis\"><i class=\"fab fa-google\"><\/i><\/a><\/li><li><a href=\"https:\/\/www.instagram.com\/fundacjamis\/\"><i class=\"fab fa-instagram\"><\/i><\/a><\/li>                                    <\/ul>\n                                <\/div>\n                                <\/div>\n                                \n                                <div class=\"vizion-team-info\">\n                                    <div class=\"vizion-team-main-detail\">\n\n                                        <a href=\"https:\/\/inclusivetrainers.eu\/sv\/team\/mis-foundation\/\">\n                                            <h4 class=\"member-text vizion-heading-title\">\n                                                MIS FOUNDATION                                            <\/h4>\n                                        <\/a>\n\n                                                                                    <div class=\"vizion_speficialize\">\n                                            <!-- <span><\/span> -->\n                                         \n                                        <\/div>\n                                    <\/div>\n                                <\/div>\n                            <\/div>\n                            \n                    <\/div> \n                    <div class=\"col-lg-4  vizion-box-shadow\">\n                                                       <div class=\"vizion-team-blog\">\n                                <div class=\"vizion-team-img\">\n                                    <img decoding=\"async\" src=\"https:\/\/inclusivetrainers.eu\/wp-content\/uploads\/2025\/12\/Folkuniversitet.png\" alt=\"team-image\"\/>                                    <div class=\"share vizion-team-social\">\n                                    <ul>\n                                        <li><a href=\"https:\/\/www.facebook.com\/folkuniversitetet\/\"><i class=\"fab fa-facebook\"><\/i><\/a><\/li><li><a href=\"https:\/\/www.instagram.com\/folkuniversitetetstockholm\/?hl=sv\"><i class=\"fab fa-instagram\"><\/i><\/a><\/li>                                    <\/ul>\n                                <\/div>\n                                <\/div>\n                                \n                                <div class=\"vizion-team-info\">\n                                    <div class=\"vizion-team-main-detail\">\n\n                                        <a href=\"https:\/\/inclusivetrainers.eu\/sv\/team\/folkuniversitetet\/\">\n                                            <h4 class=\"member-text vizion-heading-title\">\n                                                FOLKUNIVERSITETET                                            <\/h4>\n                                        <\/a>\n\n                                                                                    <div class=\"vizion_speficialize\">\n                                            <!-- <span><\/span> -->\n                                         \n                                        <\/div>\n                                    <\/div>\n                                <\/div>\n                            <\/div>\n                            \n                    <\/div> \n                    <div class=\"col-lg-4  vizion-box-shadow\">\n                                                       <div class=\"vizion-team-blog\">\n                                <div class=\"vizion-team-img\">\n                                    <img decoding=\"async\" src=\"https:\/\/inclusivetrainers.eu\/wp-content\/uploads\/2025\/12\/LOGO-CNIPA-PNG-QUADRATO.png\" alt=\"team-image\"\/>                                    <div class=\"share vizion-team-social\">\n                                    <ul>\n                                        <li><a href=\"https:\/\/www.facebook.com\/projects.lab21\"><i class=\"fab fa-facebook\"><\/i><\/a><\/li><li><a href=\"https:\/\/www.youtube.com\/@projectslab6774\"><i class=\"fab fa-google\"><\/i><\/a><\/li><li><a href=\"https:\/\/www.instagram.com\/cnipa_puglia_lecce\/?igsh=Z2Z1ZXVjbXNnNWVw\"><i class=\"fab fa-instagram\"><\/i><\/a><\/li>                                    <\/ul>\n                                <\/div>\n                                <\/div>\n                                \n                                <div class=\"vizion-team-info\">\n                                    <div class=\"vizion-team-main-detail\">\n\n                                        <a href=\"https:\/\/inclusivetrainers.eu\/sv\/team\/cnipa\/\">\n                                            <h4 class=\"member-text vizion-heading-title\">\n                                                CNIPA                                            <\/h4>\n                                        <\/a>\n\n                                                                                    <div class=\"vizion_speficialize\">\n                                            <!-- <span><\/span> -->\n                                         \n                                        <\/div>\n                                    <\/div>\n                                <\/div>\n                            <\/div>\n                            \n                    <\/div> \n        <\/div>\n    <\/div>\n\n\n\n\t\t\t\t<\/div>\n\t\t\t\t<\/div>\n\t\t\t\t<\/div>\n\t\t\t\t\t<\/div>\n\t\t\t\t<\/div>\n\t\t\t\t<\/div>\n\t\t\t\t<\/div>\n\t\t","protected":false},"excerpt":{"rendered":"<p>Konsortiet f\u00f6r COMPutational Seniors-projektet best\u00e5r av f\u00f6ljande partner. Media Creativa 2020 Diputaci\u00f3n Foral de \u00c1lava Sparkling Intuition MIS FOUNDATION FOLKUNIVERSITETET<\/p>\n","protected":false},"author":1,"featured_media":0,"parent":0,"menu_order":0,"comment_status":"closed","ping_status":"closed","template":"","meta":{"_acf_changed":false,"footnotes":""},"class_list":["post-23918","page","type-page","status-publish","hentry"],"acf":[],"_links":{"self":[{"href":"https:\/\/inclusivetrainers.eu\/sv\/wp-json\/wp\/v2\/pages\/23918","targetHints":{"allow":["GET"]}}],"collection":[{"href":"https:\/\/inclusivetrainers.eu\/sv\/wp-json\/wp\/v2\/pages"}],"about":[{"href":"https:\/\/inclusivetrainers.eu\/sv\/wp-json\/wp\/v2\/types\/page"}],"author":[{"embeddable":true,"href":"https:\/\/inclusivetrainers.eu\/sv\/wp-json\/wp\/v2\/users\/1"}],"replies":[{"embeddable":true,"href":"https:\/\/inclusivetrainers.eu\/sv\/wp-json\/wp\/v2\/comments?post=23918"}],"version-history":[{"count":7,"href":"https:\/\/inclusivetrainers.eu\/sv\/wp-json\/wp\/v2\/pages\/23918\/revisions"}],"predecessor-version":[{"id":24427,"href":"https:\/\/inclusivetrainers.eu\/sv\/wp-json\/wp\/v2\/pages\/23918\/revisions\/24427"}],"wp:attachment":[{"href":"https:\/\/inclusivetrainers.eu\/sv\/wp-json\/wp\/v2\/media?parent=23918"}],"curies":[{"name":"wp","href":"https:\/\/api.w.org\/{rel}","templated":true}]}}