{"id":24012,"date":"2025-11-10T12:18:32","date_gmt":"2025-11-10T11:18:32","guid":{"rendered":"https:\/\/inclusivetrainers.eu\/results\/"},"modified":"2025-11-20T10:40:53","modified_gmt":"2025-11-20T09:40:53","slug":"results","status":"publish","type":"page","link":"https:\/\/inclusivetrainers.eu\/sv\/results\/","title":{"rendered":"Resultat"},"content":{"rendered":"\t\t<div data-elementor-type=\"wp-page\" data-elementor-id=\"24012\" class=\"elementor elementor-24012 elementor-23769\">\n\t\t\t\t<div class=\"elementor-element elementor-element-586b224 e-con-full e-flex e-con e-parent\" data-id=\"586b224\" data-element_type=\"container\">\n\t\t<div class=\"elementor-element elementor-element-3132c61 e-flex e-con-boxed e-con e-child\" data-id=\"3132c61\" data-element_type=\"container\">\n\t\t\t\t\t<div class=\"e-con-inner\">\n\t\t<div class=\"elementor-element elementor-element-380c9bf e-flex e-con-boxed e-con e-child\" data-id=\"380c9bf\" data-element_type=\"container\">\n\t\t\t\t\t<div class=\"e-con-inner\">\n\t\t\t\t<div class=\"hf-elementor-layout elementor-element elementor-element-1516847 elementor-widget elementor-widget-image\" data-id=\"1516847\" data-element_type=\"widget\" data-widget_type=\"image.default\">\n\t\t\t\t\t\t\t\t\t\t\t\t\t\t\t<img fetchpriority=\"high\" decoding=\"async\" width=\"600\" height=\"600\" src=\"https:\/\/inclusivetrainers.eu\/wp-content\/uploads\/revslider\/security\/04-11.png\" class=\"attachment-large size-large wp-image-24043\" alt=\"\" srcset=\"https:\/\/inclusivetrainers.eu\/wp-content\/uploads\/revslider\/security\/04-11.png 600w, https:\/\/inclusivetrainers.eu\/wp-content\/uploads\/revslider\/security\/04-11-300x300.png 300w, https:\/\/inclusivetrainers.eu\/wp-content\/uploads\/revslider\/security\/04-11-150x150.png 150w, https:\/\/inclusivetrainers.eu\/wp-content\/uploads\/revslider\/security\/04-11-100x100.png 100w\" sizes=\"100vw\" \/>\t\t\t\t\t\t\t\t\t\t\t\t\t\t\t<\/div>\n\t\t\t\t\t<\/div>\n\t\t\t\t<\/div>\n\t\t<div class=\"elementor-element elementor-element-47c97ab e-con-full e-flex e-con e-child\" data-id=\"47c97ab\" data-element_type=\"container\">\n\t\t\t\t<div class=\"hf-elementor-layout elementor-element elementor-element-07e8b1a elementor-widget elementor-widget-iqonic_title\" data-id=\"07e8b1a\" data-element_type=\"widget\" data-widget_type=\"iqonic_title.default\">\n\t\t\t\t<div class=\"elementor-widget-container\">\n\t\t\t\t\t\n    <div class=\" text-left vizion-title-box vizion-title-box-2 vizion-before-line\">\n        <div class=\"vizion-subtitle\">Utbildningsresurser f\u00f6r INclusive TrAIners<\/div>\n        <h2 class=\"vizion-title vizion-heading-title\">\n               <span class='highlighted-text-wrap'> Resultat<\/span>\n        <\/h2>\n\n          <div class=\"vizion-title-desc\">INclusive TrAIners utbildningsresurser har utvecklats under en Creative Commons-licens, vilket inneb\u00e4r att de \u00e4r \u00f6ppna och helt gratis, utvecklade i redigerbara och \u00e5teranv\u00e4ndbara versioner.\n\nDessa resurser kan anv\u00e4ndas tillsammans eller separat och inkluderar anv\u00e4ndarhandb\u00f6cker som underl\u00e4ttar implementeringen i olika inl\u00e4rningsmilj\u00f6er och sammanhang.\n<\/div>\n    <\/div>\n\n    \t\t\t\t<\/div>\n\t\t\t\t<\/div>\n\t\t\t\t<\/div>\n\t\t\t\t\t<\/div>\n\t\t\t\t<\/div>\n\t\t\t\t<\/div>\n\t\t<div class=\"elementor-element elementor-element-12c7c9b e-con-full e-flex e-con e-parent\" data-id=\"12c7c9b\" data-element_type=\"container\">\n\t\t<div class=\"elementor-element elementor-element-1fc4a43 e-flex e-con-boxed e-con e-child\" data-id=\"1fc4a43\" data-element_type=\"container\">\n\t\t\t\t\t<div class=\"e-con-inner\">\n\t\t\t\t<div class=\"hf-elementor-layout elementor-element elementor-element-6f5aeea elementor-widget elementor-widget-iqonic_title\" data-id=\"6f5aeea\" data-element_type=\"widget\" data-widget_type=\"iqonic_title.default\">\n\t\t\t\t<div class=\"elementor-widget-container\">\n\t\t\t\t\t\n    <div class=\" text-left vizion-title-box vizion-title-box-2 vizion-before-line\">\n        \n        <h2 class=\"vizion-title vizion-heading-title\">\n               INclusive <span class='highlighted-text-wrap'> TrAIners<\/span> \u00d6ppen utbildningsplattform\n        <\/h2>\n\n          <div class=\"vizion-title-desc\">Ett \u00f6ppet och innovativt forum som syftar till att utbilda instrukt\u00f6rer inom fortl\u00f6pande yrkesutbildning i att hantera de etiska utmaningar som uppst\u00e5r n\u00e4r AI integreras i l\u00e4randeprocesser. Genom aktiva metoder och praktiska resurser erbjuder det en unik erfarenhet av hur man anv\u00e4nder AI p\u00e5 ett etiskt, inkluderande och h\u00e5llbart s\u00e4tt.\nModulerna \u00e4r utformade f\u00f6r att utveckla kritiskt t\u00e4nkande, utforska nya s\u00e4tt att undervisa med hj\u00e4lp av AI och leda f\u00f6r\u00e4ndringsprocesser mot en mer human, r\u00e4ttvis och ansvarsfull yrkesutveckling.<\/div>\n    <\/div>\n\n    \t\t\t\t<\/div>\n\t\t\t\t<\/div>\n\t\t\t\t\t<\/div>\n\t\t\t\t<\/div>\n\t\t<div class=\"elementor-element elementor-element-d72821c e-flex e-con-boxed elementor-invisible e-con e-child\" data-id=\"d72821c\" data-element_type=\"container\" data-settings=\"{&quot;animation&quot;:&quot;fadeInUp&quot;}\">\n\t\t\t\t\t<div class=\"e-con-inner\">\n\t\t<div class=\"elementor-element elementor-element-6724b1f e-con-full e-flex e-con e-child\" data-id=\"6724b1f\" data-element_type=\"container\" id=\"training-platform-links\">\n\t\t<div class=\"elementor-element elementor-element-ce7c207 e-con-full e-flex e-con e-child\" data-id=\"ce7c207\" data-element_type=\"container\">\n\t\t\t\t<div class=\"hf-elementor-layout elementor-element elementor-element-8463e0f elementor-widget elementor-widget-iqonic_button\" data-id=\"8463e0f\" data-element_type=\"widget\" data-widget_type=\"iqonic_button.default\">\n\t\t\t\t<div class=\"elementor-widget-container\">\n\t\t\t\t\t\n    <div class=\"vizion-btn-container\">\n\n        <a class=\"vizion-button\">\n                             <span class=\"text-btn\">H\u00e4r kan du komma \u00e5t kursen i PDF-version                            <span class=\"vizion-icon-right\">\n                                <svg width=\"8\" height=\"14\" viewBox=\"0 0 8 14\" fill=\"none\" xmlns=\"http:\/\/www.w3.org\/2000\/svg\">\n                                    <path d=\"M1.04999 0.975414L7.09999 6.99941L1.04999 13.0244\" stroke=\"white\" stroke-width=\"1.5\" stroke-linecap=\"round\" stroke-linejoin=\"round\"\/>\n                                <\/svg>\n                            <\/span>                 <\/span>         <\/a>\n\n    <\/div> \n  \t\t\t\t<\/div>\n\t\t\t\t<\/div>\n\t\t\t\t<\/div>\n\t\t<div class=\"elementor-element elementor-element-e734a1e e-con-full e-flex e-con e-child\" data-id=\"e734a1e\" data-element_type=\"container\">\n\t\t\t\t<div class=\"hf-elementor-layout elementor-element elementor-element-a9e57f9 elementor-widget elementor-widget-iqonic_button\" data-id=\"a9e57f9\" data-element_type=\"widget\" data-widget_type=\"iqonic_button.default\">\n\t\t\t\t<div class=\"elementor-widget-container\">\n\t\t\t\t\t\n    <div class=\"vizion-btn-container\">\n\n        <a class=\"vizion-button\">\n                             <span class=\"text-btn\">H\u00e4r kan du komma \u00e5t kursen i SCORM-version                            <span class=\"vizion-icon-right\">\n                                <svg width=\"8\" height=\"14\" viewBox=\"0 0 8 14\" fill=\"none\" xmlns=\"http:\/\/www.w3.org\/2000\/svg\">\n                                    <path d=\"M1.04999 0.975414L7.09999 6.99941L1.04999 13.0244\" stroke=\"white\" stroke-width=\"1.5\" stroke-linecap=\"round\" stroke-linejoin=\"round\"\/>\n                                <\/svg>\n                            <\/span>                 <\/span>         <\/a>\n\n    <\/div> \n  \t\t\t\t<\/div>\n\t\t\t\t<\/div>\n\t\t\t\t<\/div>\n\t\t\t\t<\/div>\n\t\t\t\t\t<\/div>\n\t\t\t\t<\/div>\n\t\t\t\t<\/div>\n\t\t<div class=\"elementor-element elementor-element-d3c654c e-con-full e-flex e-con e-parent\" data-id=\"d3c654c\" data-element_type=\"container\">\n\t\t<div class=\"elementor-element elementor-element-618cda9 e-flex e-con-boxed elementor-invisible e-con e-child\" data-id=\"618cda9\" data-element_type=\"container\" data-settings=\"{&quot;animation&quot;:&quot;fadeInUp&quot;}\">\n\t\t\t\t\t<div class=\"e-con-inner\">\n\t\t<div class=\"elementor-element elementor-element-941c521 e-con-full e-flex e-con e-child\" data-id=\"941c521\" data-element_type=\"container\">\n\t\t\t\t<div class=\"hf-elementor-layout elementor-element elementor-element-55eb7f4 elementor-widget elementor-widget-image\" data-id=\"55eb7f4\" data-element_type=\"widget\" data-widget_type=\"image.default\">\n\t\t\t\t\t\t\t\t\t\t\t\t\t\t\t<img decoding=\"async\" src=\"https:\/\/inclusivetrainers.eu\/wp-content\/uploads\/2021\/12\/vizion-edu-about-1.png\" title=\"vizion-edu-about-1\" alt=\"vizion-edu-about-1\" loading=\"lazy\" \/>\t\t\t\t\t\t\t\t\t\t\t\t\t\t\t<\/div>\n\t\t\t\t<\/div>\n\t\t<div class=\"elementor-element elementor-element-3fb287f e-con-full e-flex e-con e-child\" data-id=\"3fb287f\" data-element_type=\"container\">\n\t\t\t\t<div class=\"hf-elementor-layout elementor-element elementor-element-86ea7dd elementor-widget elementor-widget-iqonic_title\" data-id=\"86ea7dd\" data-element_type=\"widget\" data-widget_type=\"iqonic_title.default\">\n\t\t\t\t<div class=\"elementor-widget-container\">\n\t\t\t\t\t\n    <div class=\" text-left vizion-title-box vizion-title-box-2 vizion-before-line\">\n        \n        <h2 class=\"vizion-title vizion-heading-title\">\n               <span class='highlighted-text-wrap'> INclusive<\/span> TrAIners Virtuellt laboratorium\n        <\/h2>\n\n          <div class=\"vizion-title-desc\">En l\u00e4randemilj\u00f6 d\u00e4r deltagarna kan experimentera, skapa och reflektera \u00f6ver etisk anv\u00e4ndning av AI i fortl\u00f6pande professionell utveckling.\nGenom utmaningar, simuleringar och praktiska aktiviteter utforskar deltagarna hur man till\u00e4mpar principerna om r\u00e4ttvisa, transparens och ansvarsskyldighet genom AI i verkliga l\u00e4randescenarier.\nDet erbjuder erfarenheter som \u00e4r skr\u00e4ddarsydda f\u00f6r olika profiler och utbildningsbehov, fr\u00e4mjar inkludering av utsatta grupper och st\u00e4rker l\u00e4rarnas kritiska t\u00e4nkande.<\/div>\n    <\/div>\n\n    \t\t\t\t<\/div>\n\t\t\t\t<\/div>\n\t\t\t\t<\/div>\n\t\t\t\t\t<\/div>\n\t\t\t\t<\/div>\n\t\t\t\t<\/div>\n\t\t<div class=\"elementor-element elementor-element-78716fc e-con-full e-flex e-con e-parent\" data-id=\"78716fc\" data-element_type=\"container\">\n\t\t<div class=\"elementor-element elementor-element-f33d4fe e-flex e-con-boxed elementor-invisible e-con e-child\" data-id=\"f33d4fe\" data-element_type=\"container\" data-settings=\"{&quot;animation&quot;:&quot;fadeInUp&quot;}\">\n\t\t\t\t\t<div class=\"e-con-inner\">\n\t\t<div class=\"elementor-element elementor-element-b4f82e7 e-con-full e-flex e-con e-child\" data-id=\"b4f82e7\" data-element_type=\"container\">\n\t\t\t\t<div class=\"hf-elementor-layout elementor-element elementor-element-421fd60 elementor-widget elementor-widget-iqonic_title\" data-id=\"421fd60\" data-element_type=\"widget\" data-widget_type=\"iqonic_title.default\">\n\t\t\t\t<div class=\"elementor-widget-container\">\n\t\t\t\t\t\n    <div class=\" text-left vizion-title-box vizion-title-box-2 vizion-before-line\">\n        \n        <h2 class=\"vizion-title vizion-heading-title\">\n               <span class='highlighted-text-wrap'> INclusive TrAIners<\/span> AI-resursbank\n        <\/h2>\n\n          <div class=\"vizion-title-desc\">Ett digitalt arkiv som samlar generativa verktyg f\u00f6r artificiell intelligens som kan anv\u00e4ndas i alla faser av utbildningsprocessen. Denna resurs \u00e4r utformad f\u00f6r att st\u00f6dja l\u00e4rare i att anpassa l\u00e4randet, bed\u00f6ma kompetenser och skapa mer inkluderande och etiska utbildningsv\u00e4gar, med s\u00e4rskild uppm\u00e4rksamhet p\u00e5 de mest utsatta grupperna<\/div>\n    <\/div>\n\n    \t\t\t\t<\/div>\n\t\t\t\t<\/div>\n\t\t\t\t<\/div>\n\t\t<div class=\"elementor-element elementor-element-56dbbcf e-con-full e-flex e-con e-child\" data-id=\"56dbbcf\" data-element_type=\"container\">\n\t\t\t\t<div class=\"hf-elementor-layout elementor-element elementor-element-3c90d10 elementor-widget elementor-widget-image\" data-id=\"3c90d10\" data-element_type=\"widget\" data-widget_type=\"image.default\">\n\t\t\t\t\t\t\t\t\t\t\t\t\t\t\t<img decoding=\"async\" src=\"https:\/\/inclusivetrainers.eu\/wp-content\/uploads\/2023\/02\/image.png\" title=\"image\" alt=\"image\" loading=\"lazy\" \/>\t\t\t\t\t\t\t\t\t\t\t\t\t\t\t<\/div>\n\t\t\t\t<\/div>\n\t\t\t\t\t<\/div>\n\t\t\t\t<\/div>\n\t\t\t\t<\/div>\n\t\t\t\t<\/div>\n\t\t","protected":false},"excerpt":{"rendered":"<p>Utbildningsresurser f\u00f6r INclusive TrAIners Resultat INclusive TrAIners utbildningsresurser har utvecklats under en Creative Commons-licens, vilket inneb\u00e4r att de \u00e4r \u00f6ppna och helt gratis, utvecklade i redigerbara och \u00e5teranv\u00e4ndbara versioner. Dessa resurser kan anv\u00e4ndas tillsammans eller separat och inkluderar anv\u00e4ndarhandb\u00f6cker som underl\u00e4ttar implementeringen i olika inl\u00e4rningsmilj\u00f6er och sammanhang. INclusive TrAIners \u00d6ppen utbildningsplattform Ett \u00f6ppet och innovativt [&hellip;]<\/p>\n","protected":false},"author":1,"featured_media":0,"parent":0,"menu_order":0,"comment_status":"closed","ping_status":"closed","template":"","meta":{"_acf_changed":false,"footnotes":""},"class_list":["post-24012","page","type-page","status-publish","hentry"],"acf":[],"_links":{"self":[{"href":"https:\/\/inclusivetrainers.eu\/sv\/wp-json\/wp\/v2\/pages\/24012","targetHints":{"allow":["GET"]}}],"collection":[{"href":"https:\/\/inclusivetrainers.eu\/sv\/wp-json\/wp\/v2\/pages"}],"about":[{"href":"https:\/\/inclusivetrainers.eu\/sv\/wp-json\/wp\/v2\/types\/page"}],"author":[{"embeddable":true,"href":"https:\/\/inclusivetrainers.eu\/sv\/wp-json\/wp\/v2\/users\/1"}],"replies":[{"embeddable":true,"href":"https:\/\/inclusivetrainers.eu\/sv\/wp-json\/wp\/v2\/comments?post=24012"}],"version-history":[{"count":4,"href":"https:\/\/inclusivetrainers.eu\/sv\/wp-json\/wp\/v2\/pages\/24012\/revisions"}],"predecessor-version":[{"id":24049,"href":"https:\/\/inclusivetrainers.eu\/sv\/wp-json\/wp\/v2\/pages\/24012\/revisions\/24049"}],"wp:attachment":[{"href":"https:\/\/inclusivetrainers.eu\/sv\/wp-json\/wp\/v2\/media?parent=24012"}],"curies":[{"name":"wp","href":"https:\/\/api.w.org\/{rel}","templated":true}]}}